{"id":874,"date":"2018-11-15T20:48:56","date_gmt":"2018-11-15T19:48:56","guid":{"rendered":"http:\/\/www.cityhotelpark.sk\/?page_id=874"},"modified":"2026-02-20T09:20:36","modified_gmt":"2026-02-20T08:20:36","slug":"wyjazd-integracyjny-na-orawie","status":"publish","type":"page","link":"https:\/\/www.cityhotelpark.sk\/pl\/kongres\/wyjazd-integracyjny\/","title":{"rendered":"Wyjazd integracyjny"},"content":{"rendered":"<h2 data-start=\"243\" data-end=\"600\">Szukasz miejsca na wyjazd integracyjny na Orawie, kt\u00f3re oferuje wi\u0119cej ni\u017c tylko sal\u0119 konferencyjn\u0105?<\/h2>\r\n<p data-start=\"243\" data-end=\"600\"><strong>Hotel PARK****<\/strong> jest cz\u0119\u015bci\u0105 <a href=\"https:\/\/www.kubinskaresorts.sk\/pl\/domowa\">Kub\u00ednska Resorts<\/a> i dzi\u0119ki po\u0142\u0105czeniu hotelu z o\u015brodkiem <a href=\"https:\/\/www.kubinska.sk\/pl\/\">Kub\u00ednska<\/a> mo\u017cemy przygotowa\u0107 dla Ciebie team building dopasowany do potrzeb \u2013 o ka\u017cdej porze roku, od letnich aktywno\u015bci pe\u0142nych adrenaliny po zimowy wyjazd narciarski dla firm.<\/p>\r\n<p data-start=\"602\" data-end=\"683\"><strong>U nas team building nie ko\u0144czy si\u0119 po prezentacji \u2013 on w\u0142a\u015bnie wtedy si\u0119 zaczyna.<\/strong><\/p>\r\n<h4>\u00a0<\/h4>\r\n<h4>Przez ca\u0142y rok do dyspozycji:<\/h4>\r\n<ul>\r\n<li data-start=\"727\" data-end=\"783\"><a href=\"https:\/\/www.cityhotelpark.sk\/pl\/bowling\/\">Kr\u0119gielnia<\/a> z barem z 2 torami (mo\u017cliwo\u015b\u0107 wynajmu na wy\u0142\u0105czno\u015b\u0107)<\/li>\r\n<li data-start=\"786\" data-end=\"805\">Bilard i pi\u0142karzyki<\/li>\r\n<li data-start=\"808\" data-end=\"846\">Dwupoziomowa <a href=\"https:\/\/www.cityhotelpark.sk\/pl\/wellness\/\">strefa SPA<\/a> z basenem<\/li>\r\n<li data-start=\"849\" data-end=\"880\">Restauracja z doskona\u0142\u0105 kuchni\u0105<\/li>\r\n<li data-start=\"883\" data-end=\"908\">Komfortowe zakwaterowanie<\/li>\r\n<li data-start=\"911\" data-end=\"943\">Parking bezpo\u015brednio przy hotelu<\/li>\r\n<\/ul>\r\n<h3>\u2600\ufe0f LETNI WYJAZD INTEGRACYJNY<\/h3>\r\n<p>Lato na Orawie oferuje dziesi\u0105tki mo\u017cliwo\u015bci, by zintegrowa\u0107 zesp\u00f3\u0142 i prze\u017cy\u0107 co\u015b wyj\u0105tkowego.<\/p>\r\n<h4>Aktywno\u015bci na Kub\u00ednskej holi:<\/h4>\r\n<ul>\r\n<li data-start=\"1124\" data-end=\"1185\"><a href=\"https:\/\/www.kubinska.sk\/pl\/aktywnosci\/zipline\/\">Zipline<\/a> \u2013 najd\u0142u\u017cszy i najnowocze\u015bniejszy w Europie \u015arodkowej<\/li>\r\n<li data-start=\"1188\" data-end=\"1207\">G\u00f3rskie tr\u00f3jko\u0142owce<\/li>\r\n<li data-start=\"1210\" data-end=\"1274\">Wycieczki rowerowe i <a href=\"https:\/\/www.kubinska.sk\/pl\/bike-park\/\">Bikepark<\/a> (jeden z najd\u0142u\u017cszych na S\u0142owacji)<\/li>\r\n<li data-start=\"1277\" data-end=\"1292\">Paralotniarstwo<\/li>\r\n<li data-start=\"1295\" data-end=\"1337\">G\u00f3rskie w\u0119dr\u00f3wki z panoramicznymi widokami<\/li>\r\n<\/ul>\r\n<h4 data-start=\"1295\" data-end=\"1337\">Dodatkowe atrakcje w okolicy:<\/h4>\r\n<ul>\r\n<li data-start=\"1376\" data-end=\"1393\">Sp\u0142yw rzek\u0105 Orava<\/li>\r\n<li data-start=\"1396\" data-end=\"1423\">Zwiedzanie Zamku Orawskiego<\/li>\r\n<li data-start=\"1426\" data-end=\"1447\">Wieczory degustacyjne<\/li>\r\n<li data-start=\"1450\" data-end=\"1477\">Grill i programy tematyczne<\/li>\r\n<\/ul>\r\n<p>Program przygotujemy zgodnie z Twoimi oczekiwaniami \u2013 od adrenaliny po spokojny dzie\u0144 na \u0142onie natury.<\/p>\r\n<p><img decoding=\"async\" class=\"alignnone size-medium wp-image-3608\" src=\"https:\/\/www.cityhotelpark.sk\/wp-content\/uploads\/2026\/02\/83-300x300.jpg\" alt=\"\" width=\"300\" height=\"300\" srcset=\"https:\/\/www.cityhotelpark.sk\/wp-content\/uploads\/2026\/02\/83-300x300.jpg 300w, https:\/\/www.cityhotelpark.sk\/wp-content\/uploads\/2026\/02\/83-1024x1024.jpg 1024w, https:\/\/www.cityhotelpark.sk\/wp-content\/uploads\/2026\/02\/83-150x150.jpg 150w, https:\/\/www.cityhotelpark.sk\/wp-content\/uploads\/2026\/02\/83-768x768.jpg 768w, https:\/\/www.cityhotelpark.sk\/wp-content\/uploads\/2026\/02\/83.jpg 1200w\" sizes=\"(max-width: 300px) 100vw, 300px\" \/>\u00a0<img decoding=\"async\" class=\"alignnone size-medium wp-image-3612\" src=\"https:\/\/www.cityhotelpark.sk\/wp-content\/uploads\/2026\/02\/87-300x300.jpg\" alt=\"\" width=\"300\" height=\"300\" srcset=\"https:\/\/www.cityhotelpark.sk\/wp-content\/uploads\/2026\/02\/87-300x300.jpg 300w, https:\/\/www.cityhotelpark.sk\/wp-content\/uploads\/2026\/02\/87-1024x1024.jpg 1024w, https:\/\/www.cityhotelpark.sk\/wp-content\/uploads\/2026\/02\/87-150x150.jpg 150w, https:\/\/www.cityhotelpark.sk\/wp-content\/uploads\/2026\/02\/87-768x768.jpg 768w, https:\/\/www.cityhotelpark.sk\/wp-content\/uploads\/2026\/02\/87.jpg 1200w\" sizes=\"(max-width: 300px) 100vw, 300px\" \/> <img decoding=\"async\" class=\"alignnone size-medium wp-image-3609\" src=\"https:\/\/www.cityhotelpark.sk\/wp-content\/uploads\/2026\/02\/85-300x300.jpg\" alt=\"\" width=\"300\" height=\"300\" srcset=\"https:\/\/www.cityhotelpark.sk\/wp-content\/uploads\/2026\/02\/85-300x300.jpg 300w, https:\/\/www.cityhotelpark.sk\/wp-content\/uploads\/2026\/02\/85-1024x1024.jpg 1024w, https:\/\/www.cityhotelpark.sk\/wp-content\/uploads\/2026\/02\/85-150x150.jpg 150w, https:\/\/www.cityhotelpark.sk\/wp-content\/uploads\/2026\/02\/85-768x768.jpg 768w, https:\/\/www.cityhotelpark.sk\/wp-content\/uploads\/2026\/02\/85.jpg 1200w\" sizes=\"(max-width: 300px) 100vw, 300px\" \/><\/p>\r\n<h3>\u2744\ufe0f ZIMOWY WYJAZD INTEGRACYJNY <span style=\"font-size: 1.875rem;\">\u2013 FIRMOWY WYJAZD NA NARTY<\/span><\/h3>\r\n<p>Zima na Kub\u00ednskej to przede wszystkim narty.<\/p>\r\n<ul>\r\n<li data-start=\"1690\" data-end=\"1727\">14 km <a href=\"https:\/\/www.kubinska.sk\/pl\/osrodek\/tory-i-stoki\/\">tras<\/a> o r\u00f3\u017cnym stopniu trudno\u015bci<\/li>\r\n<li data-start=\"1730\" data-end=\"1792\">Mo\u017cliwo\u015b\u0107 zapewnienia karnet\u00f3w narciarskich dla ca\u0142ego zespo\u0142u<\/li>\r\n<li data-start=\"1795\" data-end=\"1810\">Trasy skiturowe<\/li>\r\n<li data-start=\"1813\" data-end=\"1835\"><a href=\"https:\/\/www.kubinska.sk\/pl\/wieczorna-jazda-na-nartach\/\">Nocna jazda<\/a> na nartach<\/li>\r\n<\/ul>\r\n<p>Nawet osoby, kt\u00f3re dawno nie sta\u0142y na nartach, znajd\u0105 tu odpowiedni\u0105 tras\u0119.<\/p>\r\n<p>Po dniu na stoku zesp\u00f3\u0142 mo\u017ce zrelaksowa\u0107 si\u0119 w strefie SPA Hotelu PARK i spotka\u0107 si\u0119 na wsp\u00f3lnej kolacji w hotelowej restauracji.<\/p>\r\n<p><img decoding=\"async\" class=\"alignnone size-medium wp-image-3611\" src=\"https:\/\/www.cityhotelpark.sk\/wp-content\/uploads\/2026\/02\/84-300x300.jpg\" alt=\"\" width=\"300\" height=\"300\" srcset=\"https:\/\/www.cityhotelpark.sk\/wp-content\/uploads\/2026\/02\/84-300x300.jpg 300w, https:\/\/www.cityhotelpark.sk\/wp-content\/uploads\/2026\/02\/84-1024x1024.jpg 1024w, https:\/\/www.cityhotelpark.sk\/wp-content\/uploads\/2026\/02\/84-150x150.jpg 150w, https:\/\/www.cityhotelpark.sk\/wp-content\/uploads\/2026\/02\/84-768x768.jpg 768w, https:\/\/www.cityhotelpark.sk\/wp-content\/uploads\/2026\/02\/84.jpg 1200w\" sizes=\"(max-width: 300px) 100vw, 300px\" \/> <img decoding=\"async\" class=\"alignnone size-medium wp-image-3610\" src=\"https:\/\/www.cityhotelpark.sk\/wp-content\/uploads\/2026\/02\/82-300x300.jpg\" alt=\"\" width=\"300\" height=\"300\" srcset=\"https:\/\/www.cityhotelpark.sk\/wp-content\/uploads\/2026\/02\/82-300x300.jpg 300w, https:\/\/www.cityhotelpark.sk\/wp-content\/uploads\/2026\/02\/82-1024x1024.jpg 1024w, https:\/\/www.cityhotelpark.sk\/wp-content\/uploads\/2026\/02\/82-150x150.jpg 150w, https:\/\/www.cityhotelpark.sk\/wp-content\/uploads\/2026\/02\/82-768x768.jpg 768w, https:\/\/www.cityhotelpark.sk\/wp-content\/uploads\/2026\/02\/82.jpg 1200w\" sizes=\"(max-width: 300px) 100vw, 300px\" \/> <img decoding=\"async\" class=\"alignnone size-medium wp-image-3613\" src=\"https:\/\/www.cityhotelpark.sk\/wp-content\/uploads\/2026\/02\/86-300x300.jpg\" alt=\"\" width=\"300\" height=\"300\" srcset=\"https:\/\/www.cityhotelpark.sk\/wp-content\/uploads\/2026\/02\/86-300x300.jpg 300w, https:\/\/www.cityhotelpark.sk\/wp-content\/uploads\/2026\/02\/86-1024x1024.jpg 1024w, https:\/\/www.cityhotelpark.sk\/wp-content\/uploads\/2026\/02\/86-150x150.jpg 150w, https:\/\/www.cityhotelpark.sk\/wp-content\/uploads\/2026\/02\/86-768x768.jpg 768w, https:\/\/www.cityhotelpark.sk\/wp-content\/uploads\/2026\/02\/86.jpg 1200w\" sizes=\"(max-width: 300px) 100vw, 300px\" \/><\/p>\r\n<h3>\ud83c\udfaf Dlaczego warto wybra\u0107 nas?<\/h3>\r\n<ul>\r\n<li data-start=\"2091\" data-end=\"2116\">Aktywno\u015bci przez ca\u0142y rok<\/li>\r\n<li data-start=\"2119\" data-end=\"2156\">Po\u0142\u0105czenie hotelu i o\u015brodka g\u00f3rskiego<\/li>\r\n<li data-start=\"2159\" data-end=\"2181\">Indywidualne podej\u015bcie<\/li>\r\n<li data-start=\"2184\" data-end=\"2228\">Po\u0142\u0105czenie sportu, relaksu i wsp\u00f3lnego czasu<\/li>\r\n<li data-start=\"2231\" data-end=\"2281\">Lokalizacja zaledwie kilka minut od Kub\u00ednskej hole<\/li>\r\n<\/ul>\r\n<hr data-start=\"2399\" data-end=\"2402\" \/>\r\n<h3>Skontaktuj si\u0119 z nami<\/h3>\r\n<p>Ch\u0119tnie przygotujemy ofert\u0119 dopasowan\u0105 do wielko\u015bci zespo\u0142u i oczekiwa\u0144 programu.<\/p>\r\n<p>\ud83d\udce9 <a class=\"decorated-link cursor-pointer\" href=\"https:\/\/www.kubinskaresorts.sk\/pl\/kontakt\" rel=\"noopener\" data-start=\"2401\" data-end=\"2418\">sales@kubinska.sk<\/a><\/p>\r\n<p>&nbsp;<\/p>\r\n<p><video src=\"https:\/\/www.cityhotelpark.sk\/wp-content\/uploads\/2024\/02\/Hotel-Park-teambuilding-promo-15sek_v1.mp4\" controls=\"controls\" width=\"300\" height=\"150\"><\/video><\/p>\r\n<ul>\r\n<li class=\"wp-block-image aligncenter size-full\"><!-- \/wp:post-content --><\/li>\r\n<\/ul>","protected":false},"excerpt":{"rendered":"<p>Zapojte svoj t\u00edm do nezabudnute\u013en\u00e9ho teambuildingu v n\u00e1dhernom prostred\u00ed hotela Park**** Doln\u00fd Kub\u00edn, kde sa posil\u0148uje spolupr\u00e1ca medzi \u010dlenmi v\u00e1\u0161ho t\u00edmu.<\/p>\n","protected":false},"author":4,"featured_media":0,"parent":24,"menu_order":19,"comment_status":"closed","ping_status":"closed","template":"","meta":{"footnotes":""},"class_list":["post-874","page","type-page","status-publish","hentry"],"yoast_head":"<!-- This site is optimized with the Yoast SEO plugin v27.3 - https:\/\/yoast.com\/product\/yoast-seo-wordpress\/ -->\n<title>Wyjazd integracyjny | Hotel Park<\/title>\n<meta name=\"description\" content=\"Wyjazd integracyjny na Orawie dla ca\u0142ego zespo\u0142u. Hotel PARK**** zapewnia program dopasowany do potrzeb i kompleksow\u0105 obs\u0142ug\u0119.Teambuilding in the Orava region with activities and experiences for the whole team.Wyjazd integracyjny na Orawie dla ca\u0142ego zespo\u0142u. Hotel PARK**** zapewnia program dopasowany do potrzeb i kompleksow\u0105 obs\u0142ug\u0119.\" \/>\n<meta name=\"robots\" content=\"index, follow, max-snippet:-1, max-image-preview:large, max-video-preview:-1\" \/>\n<link rel=\"canonical\" href=\"https:\/\/www.cityhotelpark.sk\/eventy\/teambuilding\/\" \/>\n<meta property=\"og:locale\" content=\"pl_PL\" \/>\n<meta property=\"og:type\" content=\"article\" \/>\n<meta property=\"og:title\" content=\"Wyjazd integracyjny | Hotel Park\" \/>\n<meta property=\"og:description\" content=\"{:sk}Teambuilding na Orave s aktivitami a z\u00e1\u017eitkami pre cel\u00fd t\u00edm. Hotel PARK**** zabezpe\u010d\u00ed program na mieru aj kompletn\u00fd servis.Teambuilding na Orave s aktivitami a z\u00e1\u017eitkami pre cel\u00fd t\u00edm. Hotel PARK**** zabezpe\u010d\u00ed program na mieru aj kompletn\u00fd servis.Teambuilding in the Orava region with activities and experiences for the whole team.{:en}Teambuilding in the Orava region with activities and experiences for the whole team.{:pl}Wyjazd integracyjny na Orawie dla ca\u0142ego zespo\u0142u. Hotel PARK**** zapewnia program dopasowany do potrzeb i kompleksow\u0105 obs\u0142ug\u0119.Teambuilding in the Orava region with activities and experiences for the whole team.Wyjazd integracyjny na Orawie dla ca\u0142ego zespo\u0142u. Hotel PARK**** zapewnia program dopasowany do potrzeb i kompleksow\u0105 obs\u0142ug\u0119.{:}\" \/>\n<meta property=\"og:url\" content=\"https:\/\/www.cityhotelpark.sk\/eventy\/teambuilding\/\" \/>\n<meta property=\"og:site_name\" content=\"Hotel Park\" \/>\n<meta property=\"article:publisher\" content=\"https:\/\/www.facebook.com\/hotel.park.dk\/\" \/>\n<meta property=\"article:modified_time\" content=\"2026-02-20T08:20:36+00:00\" \/>\n<meta property=\"og:image\" content=\"https:\/\/www.cityhotelpark.sk\/wp-content\/uploads\/2026\/02\/83.jpg\" \/>\n\t<meta property=\"og:image:width\" content=\"1200\" \/>\n\t<meta property=\"og:image:height\" content=\"1200\" \/>\n\t<meta property=\"og:image:type\" content=\"image\/jpeg\" \/>\n<meta name=\"twitter:card\" content=\"summary_large_image\" \/>\n<meta name=\"twitter:label1\" content=\"Szacowany czas czytania\" \/>\n\t<meta name=\"twitter:data1\" content=\"3 minuty\" \/>\n<script type=\"application\/ld+json\" class=\"yoast-schema-graph\">{\"@context\":\"https:\\\/\\\/schema.org\",\"@graph\":[{\"@type\":\"WebPage\",\"@id\":\"https:\\\/\\\/www.cityhotelpark.sk\\\/eventy\\\/teambuilding\\\/\",\"url\":\"https:\\\/\\\/www.cityhotelpark.sk\\\/eventy\\\/teambuilding\\\/\",\"name\":\"Wyjazd integracyjny | Hotel Park\",\"isPartOf\":{\"@id\":\"https:\\\/\\\/www.cityhotelpark.sk\\\/#website\"},\"primaryImageOfPage\":{\"@id\":\"https:\\\/\\\/www.cityhotelpark.sk\\\/eventy\\\/teambuilding\\\/#primaryimage\"},\"image\":{\"@id\":\"https:\\\/\\\/www.cityhotelpark.sk\\\/eventy\\\/teambuilding\\\/#primaryimage\"},\"thumbnailUrl\":\"https:\\\/\\\/www.cityhotelpark.sk\\\/wp-content\\\/uploads\\\/2026\\\/02\\\/83-300x300.jpg\",\"datePublished\":\"2018-11-15T19:48:56+00:00\",\"dateModified\":\"2026-02-20T08:20:36+00:00\",\"description\":\"{:sk}Teambuilding na Orave s aktivitami a z\u00e1\u017eitkami pre cel\u00fd t\u00edm. Hotel PARK**** zabezpe\u010d\u00ed program na mieru aj kompletn\u00fd servis.Teambuilding na Orave s aktivitami a z\u00e1\u017eitkami pre cel\u00fd t\u00edm. Hotel PARK**** zabezpe\u010d\u00ed program na mieru aj kompletn\u00fd servis.Teambuilding in the Orava region with activities and experiences for the whole team.{:en}Teambuilding in the Orava region with activities and experiences for the whole team.{:pl}Wyjazd integracyjny na Orawie dla ca\u0142ego zespo\u0142u. Hotel PARK**** zapewnia program dopasowany do potrzeb i kompleksow\u0105 obs\u0142ug\u0119.Teambuilding in the Orava region with activities and experiences for the whole team.Wyjazd integracyjny na Orawie dla ca\u0142ego zespo\u0142u. Hotel PARK**** zapewnia program dopasowany do potrzeb i kompleksow\u0105 obs\u0142ug\u0119.{:}\",\"breadcrumb\":{\"@id\":\"https:\\\/\\\/www.cityhotelpark.sk\\\/eventy\\\/teambuilding\\\/#breadcrumb\"},\"inLanguage\":\"pl-PL\",\"potentialAction\":[{\"@type\":\"ReadAction\",\"target\":[\"https:\\\/\\\/www.cityhotelpark.sk\\\/eventy\\\/teambuilding\\\/\"]}]},{\"@type\":\"ImageObject\",\"inLanguage\":\"pl-PL\",\"@id\":\"https:\\\/\\\/www.cityhotelpark.sk\\\/eventy\\\/teambuilding\\\/#primaryimage\",\"url\":\"https:\\\/\\\/www.cityhotelpark.sk\\\/wp-content\\\/uploads\\\/2026\\\/02\\\/83-300x300.jpg\",\"contentUrl\":\"https:\\\/\\\/www.cityhotelpark.sk\\\/wp-content\\\/uploads\\\/2026\\\/02\\\/83-300x300.jpg\"},{\"@type\":\"BreadcrumbList\",\"@id\":\"https:\\\/\\\/www.cityhotelpark.sk\\\/eventy\\\/teambuilding\\\/#breadcrumb\",\"itemListElement\":[{\"@type\":\"ListItem\",\"position\":1,\"name\":\"Home\",\"item\":\"https:\\\/\\\/www.cityhotelpark.sk\\\/\"},{\"@type\":\"ListItem\",\"position\":2,\"name\":\"Eventy\",\"item\":\"https:\\\/\\\/www.cityhotelpark.sk\\\/eventy\\\/\"},{\"@type\":\"ListItem\",\"position\":3,\"name\":\"Teambuilding\"}]},{\"@type\":\"WebSite\",\"@id\":\"https:\\\/\\\/www.cityhotelpark.sk\\\/#website\",\"url\":\"https:\\\/\\\/www.cityhotelpark.sk\\\/\",\"name\":\"Hotel Park\",\"description\":\"\",\"publisher\":{\"@id\":\"https:\\\/\\\/www.cityhotelpark.sk\\\/#organization\"},\"potentialAction\":[{\"@type\":\"SearchAction\",\"target\":{\"@type\":\"EntryPoint\",\"urlTemplate\":\"https:\\\/\\\/www.cityhotelpark.sk\\\/?s={search_term_string}\"},\"query-input\":{\"@type\":\"PropertyValueSpecification\",\"valueRequired\":true,\"valueName\":\"search_term_string\"}}],\"inLanguage\":\"pl-PL\"},{\"@type\":\"Organization\",\"@id\":\"https:\\\/\\\/www.cityhotelpark.sk\\\/#organization\",\"name\":\"Hotel Park\",\"url\":\"https:\\\/\\\/www.cityhotelpark.sk\\\/\",\"logo\":{\"@type\":\"ImageObject\",\"inLanguage\":\"pl-PL\",\"@id\":\"https:\\\/\\\/www.cityhotelpark.sk\\\/#\\\/schema\\\/logo\\\/image\\\/\",\"url\":\"https:\\\/\\\/www.cityhotelpark.sk\\\/wp-content\\\/uploads\\\/2018\\\/10\\\/hotel-park.png\",\"contentUrl\":\"https:\\\/\\\/www.cityhotelpark.sk\\\/wp-content\\\/uploads\\\/2018\\\/10\\\/hotel-park.png\",\"width\":152,\"height\":152,\"caption\":\"Hotel Park\"},\"image\":{\"@id\":\"https:\\\/\\\/www.cityhotelpark.sk\\\/#\\\/schema\\\/logo\\\/image\\\/\"},\"sameAs\":[\"https:\\\/\\\/www.facebook.com\\\/hotel.park.dk\\\/\",\"https:\\\/\\\/www.instagram.com\\\/hotelparkdolnykubin\\\/?hl=sk\"]}]}<\/script>\n<!-- \/ Yoast SEO plugin. -->","yoast_head_json":{"title":"Wyjazd integracyjny | Hotel Park","description":"Wyjazd integracyjny na Orawie dla ca\u0142ego zespo\u0142u. Hotel PARK**** zapewnia program dopasowany do potrzeb i kompleksow\u0105 obs\u0142ug\u0119.Teambuilding in the Orava region with activities and experiences for the whole team.Wyjazd integracyjny na Orawie dla ca\u0142ego zespo\u0142u. Hotel PARK**** zapewnia program dopasowany do potrzeb i kompleksow\u0105 obs\u0142ug\u0119.","robots":{"index":"index","follow":"follow","max-snippet":"max-snippet:-1","max-image-preview":"max-image-preview:large","max-video-preview":"max-video-preview:-1"},"canonical":"https:\/\/www.cityhotelpark.sk\/eventy\/teambuilding\/","og_locale":"pl_PL","og_type":"article","og_title":"Wyjazd integracyjny | Hotel Park","og_description":"{:sk}Teambuilding na Orave s aktivitami a z\u00e1\u017eitkami pre cel\u00fd t\u00edm. Hotel PARK**** zabezpe\u010d\u00ed program na mieru aj kompletn\u00fd servis.Teambuilding na Orave s aktivitami a z\u00e1\u017eitkami pre cel\u00fd t\u00edm. Hotel PARK**** zabezpe\u010d\u00ed program na mieru aj kompletn\u00fd servis.Teambuilding in the Orava region with activities and experiences for the whole team.{:en}Teambuilding in the Orava region with activities and experiences for the whole team.{:pl}Wyjazd integracyjny na Orawie dla ca\u0142ego zespo\u0142u. Hotel PARK**** zapewnia program dopasowany do potrzeb i kompleksow\u0105 obs\u0142ug\u0119.Teambuilding in the Orava region with activities and experiences for the whole team.Wyjazd integracyjny na Orawie dla ca\u0142ego zespo\u0142u. Hotel PARK**** zapewnia program dopasowany do potrzeb i kompleksow\u0105 obs\u0142ug\u0119.{:}","og_url":"https:\/\/www.cityhotelpark.sk\/eventy\/teambuilding\/","og_site_name":"Hotel Park","article_publisher":"https:\/\/www.facebook.com\/hotel.park.dk\/","article_modified_time":"2026-02-20T08:20:36+00:00","og_image":[{"width":1200,"height":1200,"url":"https:\/\/www.cityhotelpark.sk\/wp-content\/uploads\/2026\/02\/83.jpg","type":"image\/jpeg"}],"twitter_card":"summary_large_image","twitter_misc":{"Szacowany czas czytania":"3 minuty"},"schema":{"@context":"https:\/\/schema.org","@graph":[{"@type":"WebPage","@id":"https:\/\/www.cityhotelpark.sk\/eventy\/teambuilding\/","url":"https:\/\/www.cityhotelpark.sk\/eventy\/teambuilding\/","name":"Wyjazd integracyjny | Hotel Park","isPartOf":{"@id":"https:\/\/www.cityhotelpark.sk\/#website"},"primaryImageOfPage":{"@id":"https:\/\/www.cityhotelpark.sk\/eventy\/teambuilding\/#primaryimage"},"image":{"@id":"https:\/\/www.cityhotelpark.sk\/eventy\/teambuilding\/#primaryimage"},"thumbnailUrl":"https:\/\/www.cityhotelpark.sk\/wp-content\/uploads\/2026\/02\/83-300x300.jpg","datePublished":"2018-11-15T19:48:56+00:00","dateModified":"2026-02-20T08:20:36+00:00","description":"{:sk}Teambuilding na Orave s aktivitami a z\u00e1\u017eitkami pre cel\u00fd t\u00edm. Hotel PARK**** zabezpe\u010d\u00ed program na mieru aj kompletn\u00fd servis.Teambuilding na Orave s aktivitami a z\u00e1\u017eitkami pre cel\u00fd t\u00edm. Hotel PARK**** zabezpe\u010d\u00ed program na mieru aj kompletn\u00fd servis.Teambuilding in the Orava region with activities and experiences for the whole team.{:en}Teambuilding in the Orava region with activities and experiences for the whole team.{:pl}Wyjazd integracyjny na Orawie dla ca\u0142ego zespo\u0142u. Hotel PARK**** zapewnia program dopasowany do potrzeb i kompleksow\u0105 obs\u0142ug\u0119.Teambuilding in the Orava region with activities and experiences for the whole team.Wyjazd integracyjny na Orawie dla ca\u0142ego zespo\u0142u. Hotel PARK**** zapewnia program dopasowany do potrzeb i kompleksow\u0105 obs\u0142ug\u0119.{:}","breadcrumb":{"@id":"https:\/\/www.cityhotelpark.sk\/eventy\/teambuilding\/#breadcrumb"},"inLanguage":"pl-PL","potentialAction":[{"@type":"ReadAction","target":["https:\/\/www.cityhotelpark.sk\/eventy\/teambuilding\/"]}]},{"@type":"ImageObject","inLanguage":"pl-PL","@id":"https:\/\/www.cityhotelpark.sk\/eventy\/teambuilding\/#primaryimage","url":"https:\/\/www.cityhotelpark.sk\/wp-content\/uploads\/2026\/02\/83-300x300.jpg","contentUrl":"https:\/\/www.cityhotelpark.sk\/wp-content\/uploads\/2026\/02\/83-300x300.jpg"},{"@type":"BreadcrumbList","@id":"https:\/\/www.cityhotelpark.sk\/eventy\/teambuilding\/#breadcrumb","itemListElement":[{"@type":"ListItem","position":1,"name":"Home","item":"https:\/\/www.cityhotelpark.sk\/"},{"@type":"ListItem","position":2,"name":"Eventy","item":"https:\/\/www.cityhotelpark.sk\/eventy\/"},{"@type":"ListItem","position":3,"name":"Teambuilding"}]},{"@type":"WebSite","@id":"https:\/\/www.cityhotelpark.sk\/#website","url":"https:\/\/www.cityhotelpark.sk\/","name":"Hotel Park","description":"","publisher":{"@id":"https:\/\/www.cityhotelpark.sk\/#organization"},"potentialAction":[{"@type":"SearchAction","target":{"@type":"EntryPoint","urlTemplate":"https:\/\/www.cityhotelpark.sk\/?s={search_term_string}"},"query-input":{"@type":"PropertyValueSpecification","valueRequired":true,"valueName":"search_term_string"}}],"inLanguage":"pl-PL"},{"@type":"Organization","@id":"https:\/\/www.cityhotelpark.sk\/#organization","name":"Hotel Park","url":"https:\/\/www.cityhotelpark.sk\/","logo":{"@type":"ImageObject","inLanguage":"pl-PL","@id":"https:\/\/www.cityhotelpark.sk\/#\/schema\/logo\/image\/","url":"https:\/\/www.cityhotelpark.sk\/wp-content\/uploads\/2018\/10\/hotel-park.png","contentUrl":"https:\/\/www.cityhotelpark.sk\/wp-content\/uploads\/2018\/10\/hotel-park.png","width":152,"height":152,"caption":"Hotel Park"},"image":{"@id":"https:\/\/www.cityhotelpark.sk\/#\/schema\/logo\/image\/"},"sameAs":["https:\/\/www.facebook.com\/hotel.park.dk\/","https:\/\/www.instagram.com\/hotelparkdolnykubin\/?hl=sk"]}]}},"_links":{"self":[{"href":"https:\/\/www.cityhotelpark.sk\/pl\/wp-json\/wp\/v2\/pages\/874","targetHints":{"allow":["GET"]}}],"collection":[{"href":"https:\/\/www.cityhotelpark.sk\/pl\/wp-json\/wp\/v2\/pages"}],"about":[{"href":"https:\/\/www.cityhotelpark.sk\/pl\/wp-json\/wp\/v2\/types\/page"}],"author":[{"embeddable":true,"href":"https:\/\/www.cityhotelpark.sk\/pl\/wp-json\/wp\/v2\/users\/4"}],"replies":[{"embeddable":true,"href":"https:\/\/www.cityhotelpark.sk\/pl\/wp-json\/wp\/v2\/comments?post=874"}],"version-history":[{"count":0,"href":"https:\/\/www.cityhotelpark.sk\/pl\/wp-json\/wp\/v2\/pages\/874\/revisions"}],"up":[{"embeddable":true,"href":"https:\/\/www.cityhotelpark.sk\/pl\/wp-json\/wp\/v2\/pages\/24"}],"wp:attachment":[{"href":"https:\/\/www.cityhotelpark.sk\/pl\/wp-json\/wp\/v2\/media?parent=874"}],"curies":[{"name":"wp","href":"https:\/\/api.w.org\/{rel}","templated":true}]}}