{"id":870,"date":"2018-11-15T20:48:15","date_gmt":"2018-11-15T19:48:15","guid":{"rendered":"http:\/\/www.cityhotelpark.sk\/?page_id=870"},"modified":"2025-11-20T14:18:11","modified_gmt":"2025-11-20T13:18:11","slug":"konferencie","status":"publish","type":"page","link":"https:\/\/www.cityhotelpark.sk\/pl\/kongres\/konferencje\/","title":{"rendered":"Konferencje"},"content":{"rendered":"<p>Nowocze\u015bnie wyposa\u017cony <strong data-start=\"585\" data-end=\"599\">Hotel PARK<\/strong>**** oferuje wyj\u0105tkowe us\u0142ugi, kt\u00f3re zadowol\u0105 nawet najbardziej wymagaj\u0105cych go\u015bci. Dzi\u0119ki du\u017cej liczbie miejsc noclegowych i znakomitej infrastrukturze jest idealnym miejscem na kilkudniowe konferencje i spotkania firmowe. Po owocnych obradach zrelaksuj si\u0119 w dwupoziomowym centrum wellness lub wypij drinka w barze z kr\u0119gielni\u0105.<\/p>\r\n<p>&nbsp;<\/p>\r\n        <div class=\"divider\"><\/div>\r\n        \r\n<div style=\"width: 1920px;\" class=\"wp-video\"><video class=\"wp-video-shortcode\" id=\"video-870-1\" width=\"1920\" height=\"1080\" autoplay preload=\"metadata\" controls=\"controls\"><source type=\"video\/mp4\" src=\"https:\/\/www.cityhotelpark.sk\/wp-content\/uploads\/2024\/02\/Hotel-Park_promo-video-20s.mp4?_=1\" \/><a href=\"https:\/\/www.cityhotelpark.sk\/wp-content\/uploads\/2024\/02\/Hotel-Park_promo-video-20s.mp4\">https:\/\/www.cityhotelpark.sk\/wp-content\/uploads\/2024\/02\/Hotel-Park_promo-video-20s.mp4<\/a><\/video><\/div>\r\n\r\n<p data-start=\"523\" data-end=\"639\">Hotel PARK**** to idealne miejsce na organizacj\u0119 wydarze\u0144 i konferencji. Jego g\u0142\u00f3wne atuty to:<\/p>\r\n<ul data-start=\"641\" data-end=\"804\">\r\n<li data-start=\"641\" data-end=\"664\">\r\n<p data-start=\"643\" data-end=\"664\">Nowoczesne zaplecze<\/p>\r\n<\/li>\r\n<li data-start=\"665\" data-end=\"693\">\r\n<p data-start=\"667\" data-end=\"693\">Uniwersalne przestrzenie<\/p>\r\n<\/li>\r\n<li data-start=\"694\" data-end=\"740\">\r\n<p data-start=\"696\" data-end=\"740\">Wysoka pojemno\u015b\u0107 noclegowa i konferencyjna<\/p>\r\n<\/li>\r\n<li data-start=\"741\" data-end=\"774\">\r\n<p data-start=\"743\" data-end=\"774\">Dwupoziomowe centrum wellness<\/p>\r\n<\/li>\r\n<li data-start=\"775\" data-end=\"804\">\r\n<p data-start=\"777\" data-end=\"804\">Bar z kr\u0119gielni\u0105 w hotelu<\/p>\r\n<\/li>\r\n<\/ul>\r\n<p data-start=\"806\" data-end=\"884\">Po wi\u0119cej informacji i ofert\u0119 cenow\u0105 prosimy o kontakt: <strong data-start=\"862\" data-end=\"883\"><a class=\"cursor-pointer\" rel=\"noopener\" data-start=\"864\" data-end=\"881\">sales@kubinska.sk<\/a><\/strong>.<\/p>\r\n\r\n<p>&nbsp;<\/p>\r\n\r\n<p>&nbsp;<\/p>\r\n","protected":false},"excerpt":{"rendered":"<p>Nowocze\u015bnie wyposa\u017cony Hotel PARK**** oferuje us\u0142ugi na najwy\u017cszym poziomie, kt\u00f3re zadowol\u0105 nawet najbardziej wymagaj\u0105cych go\u015bci.<\/p>\n","protected":false},"author":4,"featured_media":0,"parent":24,"menu_order":34,"comment_status":"closed","ping_status":"closed","template":"","meta":{"footnotes":""},"class_list":["post-870","page","type-page","status-publish","hentry"],"yoast_head":"<!-- This site is optimized with the Yoast SEO plugin v27.3 - https:\/\/yoast.com\/product\/yoast-seo-wordpress\/ -->\n<title>Konferencje | Hotel Park<\/title>\n<meta name=\"robots\" content=\"index, follow, max-snippet:-1, max-image-preview:large, max-video-preview:-1\" \/>\n<link rel=\"canonical\" href=\"https:\/\/www.cityhotelpark.sk\/eventy\/konferencie\/\" \/>\n<meta property=\"og:locale\" content=\"pl_PL\" \/>\n<meta property=\"og:type\" content=\"article\" \/>\n<meta property=\"og:title\" content=\"Konferencje | Hotel Park\" \/>\n<meta property=\"og:description\" content=\"Nowocze\u015bnie wyposa\u017cony Hotel PARK**** oferuje us\u0142ugi na najwy\u017cszym poziomie, kt\u00f3re zadowol\u0105 nawet najbardziej wymagaj\u0105cych go\u015bci.\" \/>\n<meta property=\"og:url\" content=\"https:\/\/www.cityhotelpark.sk\/eventy\/konferencie\/\" \/>\n<meta property=\"og:site_name\" content=\"Hotel Park\" \/>\n<meta property=\"article:publisher\" content=\"https:\/\/www.facebook.com\/hotel.park.dk\/\" \/>\n<meta property=\"article:modified_time\" content=\"2025-11-20T13:18:11+00:00\" \/>\n<meta name=\"twitter:card\" content=\"summary_large_image\" \/>\n<meta name=\"twitter:label1\" content=\"Szacowany czas czytania\" \/>\n\t<meta name=\"twitter:data1\" content=\"1 minuta\" \/>\n<script type=\"application\/ld+json\" class=\"yoast-schema-graph\">{\"@context\":\"https:\\\/\\\/schema.org\",\"@graph\":[{\"@type\":\"WebPage\",\"@id\":\"https:\\\/\\\/www.cityhotelpark.sk\\\/eventy\\\/konferencie\\\/\",\"url\":\"https:\\\/\\\/www.cityhotelpark.sk\\\/eventy\\\/konferencie\\\/\",\"name\":\"Konferencje | Hotel Park\",\"isPartOf\":{\"@id\":\"https:\\\/\\\/www.cityhotelpark.sk\\\/#website\"},\"datePublished\":\"2018-11-15T19:48:15+00:00\",\"dateModified\":\"2025-11-20T13:18:11+00:00\",\"breadcrumb\":{\"@id\":\"https:\\\/\\\/www.cityhotelpark.sk\\\/eventy\\\/konferencie\\\/#breadcrumb\"},\"inLanguage\":\"pl-PL\",\"potentialAction\":[{\"@type\":\"ReadAction\",\"target\":[\"https:\\\/\\\/www.cityhotelpark.sk\\\/eventy\\\/konferencie\\\/\"]}]},{\"@type\":\"BreadcrumbList\",\"@id\":\"https:\\\/\\\/www.cityhotelpark.sk\\\/eventy\\\/konferencie\\\/#breadcrumb\",\"itemListElement\":[{\"@type\":\"ListItem\",\"position\":1,\"name\":\"Home\",\"item\":\"https:\\\/\\\/www.cityhotelpark.sk\\\/\"},{\"@type\":\"ListItem\",\"position\":2,\"name\":\"Eventy\",\"item\":\"https:\\\/\\\/www.cityhotelpark.sk\\\/eventy\\\/\"},{\"@type\":\"ListItem\",\"position\":3,\"name\":\"Konferencie\"}]},{\"@type\":\"WebSite\",\"@id\":\"https:\\\/\\\/www.cityhotelpark.sk\\\/#website\",\"url\":\"https:\\\/\\\/www.cityhotelpark.sk\\\/\",\"name\":\"Hotel Park\",\"description\":\"\",\"publisher\":{\"@id\":\"https:\\\/\\\/www.cityhotelpark.sk\\\/#organization\"},\"potentialAction\":[{\"@type\":\"SearchAction\",\"target\":{\"@type\":\"EntryPoint\",\"urlTemplate\":\"https:\\\/\\\/www.cityhotelpark.sk\\\/?s={search_term_string}\"},\"query-input\":{\"@type\":\"PropertyValueSpecification\",\"valueRequired\":true,\"valueName\":\"search_term_string\"}}],\"inLanguage\":\"pl-PL\"},{\"@type\":\"Organization\",\"@id\":\"https:\\\/\\\/www.cityhotelpark.sk\\\/#organization\",\"name\":\"Hotel Park\",\"url\":\"https:\\\/\\\/www.cityhotelpark.sk\\\/\",\"logo\":{\"@type\":\"ImageObject\",\"inLanguage\":\"pl-PL\",\"@id\":\"https:\\\/\\\/www.cityhotelpark.sk\\\/#\\\/schema\\\/logo\\\/image\\\/\",\"url\":\"https:\\\/\\\/www.cityhotelpark.sk\\\/wp-content\\\/uploads\\\/2018\\\/10\\\/hotel-park.png\",\"contentUrl\":\"https:\\\/\\\/www.cityhotelpark.sk\\\/wp-content\\\/uploads\\\/2018\\\/10\\\/hotel-park.png\",\"width\":152,\"height\":152,\"caption\":\"Hotel Park\"},\"image\":{\"@id\":\"https:\\\/\\\/www.cityhotelpark.sk\\\/#\\\/schema\\\/logo\\\/image\\\/\"},\"sameAs\":[\"https:\\\/\\\/www.facebook.com\\\/hotel.park.dk\\\/\",\"https:\\\/\\\/www.instagram.com\\\/hotelparkdolnykubin\\\/?hl=sk\"]}]}<\/script>\n<!-- \/ Yoast SEO plugin. -->","yoast_head_json":{"title":"Konferencje | Hotel Park","robots":{"index":"index","follow":"follow","max-snippet":"max-snippet:-1","max-image-preview":"max-image-preview:large","max-video-preview":"max-video-preview:-1"},"canonical":"https:\/\/www.cityhotelpark.sk\/eventy\/konferencie\/","og_locale":"pl_PL","og_type":"article","og_title":"Konferencje | Hotel Park","og_description":"Nowocze\u015bnie wyposa\u017cony Hotel PARK**** oferuje us\u0142ugi na najwy\u017cszym poziomie, kt\u00f3re zadowol\u0105 nawet najbardziej wymagaj\u0105cych go\u015bci.","og_url":"https:\/\/www.cityhotelpark.sk\/eventy\/konferencie\/","og_site_name":"Hotel Park","article_publisher":"https:\/\/www.facebook.com\/hotel.park.dk\/","article_modified_time":"2025-11-20T13:18:11+00:00","twitter_card":"summary_large_image","twitter_misc":{"Szacowany czas czytania":"1 minuta"},"schema":{"@context":"https:\/\/schema.org","@graph":[{"@type":"WebPage","@id":"https:\/\/www.cityhotelpark.sk\/eventy\/konferencie\/","url":"https:\/\/www.cityhotelpark.sk\/eventy\/konferencie\/","name":"Konferencje | Hotel Park","isPartOf":{"@id":"https:\/\/www.cityhotelpark.sk\/#website"},"datePublished":"2018-11-15T19:48:15+00:00","dateModified":"2025-11-20T13:18:11+00:00","breadcrumb":{"@id":"https:\/\/www.cityhotelpark.sk\/eventy\/konferencie\/#breadcrumb"},"inLanguage":"pl-PL","potentialAction":[{"@type":"ReadAction","target":["https:\/\/www.cityhotelpark.sk\/eventy\/konferencie\/"]}]},{"@type":"BreadcrumbList","@id":"https:\/\/www.cityhotelpark.sk\/eventy\/konferencie\/#breadcrumb","itemListElement":[{"@type":"ListItem","position":1,"name":"Home","item":"https:\/\/www.cityhotelpark.sk\/"},{"@type":"ListItem","position":2,"name":"Eventy","item":"https:\/\/www.cityhotelpark.sk\/eventy\/"},{"@type":"ListItem","position":3,"name":"Konferencie"}]},{"@type":"WebSite","@id":"https:\/\/www.cityhotelpark.sk\/#website","url":"https:\/\/www.cityhotelpark.sk\/","name":"Hotel Park","description":"","publisher":{"@id":"https:\/\/www.cityhotelpark.sk\/#organization"},"potentialAction":[{"@type":"SearchAction","target":{"@type":"EntryPoint","urlTemplate":"https:\/\/www.cityhotelpark.sk\/?s={search_term_string}"},"query-input":{"@type":"PropertyValueSpecification","valueRequired":true,"valueName":"search_term_string"}}],"inLanguage":"pl-PL"},{"@type":"Organization","@id":"https:\/\/www.cityhotelpark.sk\/#organization","name":"Hotel Park","url":"https:\/\/www.cityhotelpark.sk\/","logo":{"@type":"ImageObject","inLanguage":"pl-PL","@id":"https:\/\/www.cityhotelpark.sk\/#\/schema\/logo\/image\/","url":"https:\/\/www.cityhotelpark.sk\/wp-content\/uploads\/2018\/10\/hotel-park.png","contentUrl":"https:\/\/www.cityhotelpark.sk\/wp-content\/uploads\/2018\/10\/hotel-park.png","width":152,"height":152,"caption":"Hotel Park"},"image":{"@id":"https:\/\/www.cityhotelpark.sk\/#\/schema\/logo\/image\/"},"sameAs":["https:\/\/www.facebook.com\/hotel.park.dk\/","https:\/\/www.instagram.com\/hotelparkdolnykubin\/?hl=sk"]}]}},"_links":{"self":[{"href":"https:\/\/www.cityhotelpark.sk\/pl\/wp-json\/wp\/v2\/pages\/870","targetHints":{"allow":["GET"]}}],"collection":[{"href":"https:\/\/www.cityhotelpark.sk\/pl\/wp-json\/wp\/v2\/pages"}],"about":[{"href":"https:\/\/www.cityhotelpark.sk\/pl\/wp-json\/wp\/v2\/types\/page"}],"author":[{"embeddable":true,"href":"https:\/\/www.cityhotelpark.sk\/pl\/wp-json\/wp\/v2\/users\/4"}],"replies":[{"embeddable":true,"href":"https:\/\/www.cityhotelpark.sk\/pl\/wp-json\/wp\/v2\/comments?post=870"}],"version-history":[{"count":0,"href":"https:\/\/www.cityhotelpark.sk\/pl\/wp-json\/wp\/v2\/pages\/870\/revisions"}],"up":[{"embeddable":true,"href":"https:\/\/www.cityhotelpark.sk\/pl\/wp-json\/wp\/v2\/pages\/24"}],"wp:attachment":[{"href":"https:\/\/www.cityhotelpark.sk\/pl\/wp-json\/wp\/v2\/media?parent=870"}],"curies":[{"name":"wp","href":"https:\/\/api.w.org\/{rel}","templated":true}]}}