{"id":595,"date":"2018-11-04T01:00:07","date_gmt":"2018-11-04T00:00:07","guid":{"rendered":"http:\/\/www.cityhotelpark.sk\/?page_id=595"},"modified":"2026-04-12T19:31:28","modified_gmt":"2026-04-12T17:31:28","slug":"denne-menu","status":"publish","type":"page","link":"https:\/\/www.cityhotelpark.sk\/pl\/gastronomia\/menu-dnia-2\/","title":{"rendered":"Menu dnia"},"content":{"rendered":"\r\n<figure class=\"wp-block-gallery has-nested-images columns-default is-cropped wp-block-gallery-1 is-layout-flex wp-block-gallery-is-layout-flex\">\r\n<h3 class=\"wp-block-image size-large\" style=\"text-align: center;\">\u00a0<\/h3>\r\n<figure class=\"wp-block-image size-large\"><br \/><a href=\"https:\/\/www.cityhotelpark.sk\/wp-content\/uploads\/2026\/02\/Obedove-menu-23.2-27.2-1.pdf\"><img decoding=\"async\" data-id=\"3259\" class=\"alignnone wp-image-3663 size-full\" src=\"https:\/\/www.cityhotelpark.sk\/wp-content\/uploads\/2026\/02\/Obedove-menu-23.2-27.2-1-pdf.jpg\" alt=\"\" width=\"1058\" height=\"1497\" \/><\/a><\/figure>\r\n<figure class=\"wp-block-image size-large\">Przed hotelem znajduje si\u0119 <strong data-start=\"840\" data-end=\"869\">prywatny parking hotelowy<\/strong>.<\/figure>\r\n<figure class=\"wp-block-image size-large\">\r\n<ul data-start=\"873\" data-end=\"1118\">\r\n<li data-start=\"873\" data-end=\"932\">\r\n<p data-start=\"875\" data-end=\"932\">Klienci Park Caf\u00e9 maj\u0105 <strong data-start=\"898\" data-end=\"929\">pierwsze 90 minut bezp\u0142atne<\/strong>.<\/p>\r\n<\/li>\r\n<li data-start=\"933\" data-end=\"1004\">\r\n<p data-start=\"935\" data-end=\"1004\">Po tym czasie op\u0142ata wynosi <strong data-start=\"963\" data-end=\"1001\">1,50 \u20ac za ka\u017cd\u0105 rozpocz\u0119t\u0105 godzin\u0119<\/strong>.<\/p>\r\n<\/li>\r\n<li data-start=\"1005\" data-end=\"1118\">\r\n<p data-start=\"1007\" data-end=\"1118\">Popro\u015b personel o odblokowanie biletu przy p\u0142aceniu. Po odblokowaniu masz <strong data-start=\"1081\" data-end=\"1117\">10 minut na opuszczenie parkingu<\/strong>.<\/p>\r\n<\/li>\r\n<\/ul>\r\n<\/figure>\r\n<\/figure>\r\n","protected":false},"excerpt":{"rendered":"","protected":false},"author":4,"featured_media":0,"parent":18,"menu_order":27,"comment_status":"closed","ping_status":"closed","template":"","meta":{"footnotes":""},"class_list":["post-595","page","type-page","status-publish","hentry"],"yoast_head":"<!-- This site is optimized with the Yoast SEO plugin v27.3 - https:\/\/yoast.com\/product\/yoast-seo-wordpress\/ -->\n<title>(Sloven\u010dina) Denn\u00e9 menu | Hotel Park**** Doln\u00fd Kub\u00edn<\/title>\n<meta name=\"robots\" content=\"index, follow, max-snippet:-1, max-image-preview:large, max-video-preview:-1\" \/>\n<link rel=\"canonical\" href=\"https:\/\/www.cityhotelpark.sk\/gastronomia\/denne-menu-2\/\" \/>\n<meta property=\"og:locale\" content=\"pl_PL\" \/>\n<meta property=\"og:type\" content=\"article\" \/>\n<meta property=\"og:title\" content=\"[:sk]Denn\u00e9 menu | Hotel Park**** Doln\u00fd Kub\u00edn[:en]Daily menu | Hotel Park****[:]\" \/>\n<meta property=\"og:url\" content=\"https:\/\/www.cityhotelpark.sk\/gastronomia\/denne-menu-2\/\" \/>\n<meta property=\"og:site_name\" content=\"Hotel Park\" \/>\n<meta property=\"article:publisher\" content=\"https:\/\/www.facebook.com\/hotel.park.dk\/\" \/>\n<meta property=\"article:modified_time\" content=\"2026-04-12T17:31:28+00:00\" \/>\n<meta name=\"twitter:card\" content=\"summary_large_image\" \/>\n<meta name=\"twitter:label1\" content=\"Szacowany czas czytania\" \/>\n\t<meta name=\"twitter:data1\" content=\"1 minuta\" \/>\n<script type=\"application\/ld+json\" class=\"yoast-schema-graph\">{\"@context\":\"https:\\\/\\\/schema.org\",\"@graph\":[{\"@type\":\"WebPage\",\"@id\":\"https:\\\/\\\/www.cityhotelpark.sk\\\/gastronomia\\\/denne-menu-2\\\/\",\"url\":\"https:\\\/\\\/www.cityhotelpark.sk\\\/gastronomia\\\/denne-menu-2\\\/\",\"name\":\"[:sk]Denn\u00e9 menu | Hotel Park**** Doln\u00fd Kub\u00edn[:en]Daily menu | Hotel Park****[:]\",\"isPartOf\":{\"@id\":\"https:\\\/\\\/www.cityhotelpark.sk\\\/#website\"},\"primaryImageOfPage\":{\"@id\":\"https:\\\/\\\/www.cityhotelpark.sk\\\/gastronomia\\\/denne-menu-2\\\/#primaryimage\"},\"image\":{\"@id\":\"https:\\\/\\\/www.cityhotelpark.sk\\\/gastronomia\\\/denne-menu-2\\\/#primaryimage\"},\"thumbnailUrl\":\"https:\\\/\\\/www.cityhotelpark.sk\\\/wp-content\\\/uploads\\\/2026\\\/02\\\/Obedove-menu-23.2-27.2-1-pdf.jpg\",\"datePublished\":\"2018-11-04T00:00:07+00:00\",\"dateModified\":\"2026-04-12T17:31:28+00:00\",\"breadcrumb\":{\"@id\":\"https:\\\/\\\/www.cityhotelpark.sk\\\/gastronomia\\\/denne-menu-2\\\/#breadcrumb\"},\"inLanguage\":\"pl-PL\",\"potentialAction\":[{\"@type\":\"ReadAction\",\"target\":[\"https:\\\/\\\/www.cityhotelpark.sk\\\/gastronomia\\\/denne-menu-2\\\/\"]}]},{\"@type\":\"ImageObject\",\"inLanguage\":\"pl-PL\",\"@id\":\"https:\\\/\\\/www.cityhotelpark.sk\\\/gastronomia\\\/denne-menu-2\\\/#primaryimage\",\"url\":\"https:\\\/\\\/www.cityhotelpark.sk\\\/wp-content\\\/uploads\\\/2026\\\/02\\\/Obedove-menu-23.2-27.2-1-pdf.jpg\",\"contentUrl\":\"https:\\\/\\\/www.cityhotelpark.sk\\\/wp-content\\\/uploads\\\/2026\\\/02\\\/Obedove-menu-23.2-27.2-1-pdf.jpg\"},{\"@type\":\"BreadcrumbList\",\"@id\":\"https:\\\/\\\/www.cityhotelpark.sk\\\/gastronomia\\\/denne-menu-2\\\/#breadcrumb\",\"itemListElement\":[{\"@type\":\"ListItem\",\"position\":1,\"name\":\"Home\",\"item\":\"https:\\\/\\\/www.cityhotelpark.sk\\\/\"},{\"@type\":\"ListItem\",\"position\":2,\"name\":\"Gastronomia\",\"item\":\"https:\\\/\\\/www.cityhotelpark.sk\\\/gastronomia\\\/\"},{\"@type\":\"ListItem\",\"position\":3,\"name\":\"Denn\u00e9 menu\"}]},{\"@type\":\"WebSite\",\"@id\":\"https:\\\/\\\/www.cityhotelpark.sk\\\/#website\",\"url\":\"https:\\\/\\\/www.cityhotelpark.sk\\\/\",\"name\":\"Hotel Park\",\"description\":\"\",\"publisher\":{\"@id\":\"https:\\\/\\\/www.cityhotelpark.sk\\\/#organization\"},\"potentialAction\":[{\"@type\":\"SearchAction\",\"target\":{\"@type\":\"EntryPoint\",\"urlTemplate\":\"https:\\\/\\\/www.cityhotelpark.sk\\\/?s={search_term_string}\"},\"query-input\":{\"@type\":\"PropertyValueSpecification\",\"valueRequired\":true,\"valueName\":\"search_term_string\"}}],\"inLanguage\":\"pl-PL\"},{\"@type\":\"Organization\",\"@id\":\"https:\\\/\\\/www.cityhotelpark.sk\\\/#organization\",\"name\":\"Hotel Park\",\"url\":\"https:\\\/\\\/www.cityhotelpark.sk\\\/\",\"logo\":{\"@type\":\"ImageObject\",\"inLanguage\":\"pl-PL\",\"@id\":\"https:\\\/\\\/www.cityhotelpark.sk\\\/#\\\/schema\\\/logo\\\/image\\\/\",\"url\":\"https:\\\/\\\/www.cityhotelpark.sk\\\/wp-content\\\/uploads\\\/2018\\\/10\\\/hotel-park.png\",\"contentUrl\":\"https:\\\/\\\/www.cityhotelpark.sk\\\/wp-content\\\/uploads\\\/2018\\\/10\\\/hotel-park.png\",\"width\":152,\"height\":152,\"caption\":\"Hotel Park\"},\"image\":{\"@id\":\"https:\\\/\\\/www.cityhotelpark.sk\\\/#\\\/schema\\\/logo\\\/image\\\/\"},\"sameAs\":[\"https:\\\/\\\/www.facebook.com\\\/hotel.park.dk\\\/\",\"https:\\\/\\\/www.instagram.com\\\/hotelparkdolnykubin\\\/?hl=sk\"]}]}<\/script>\n<!-- \/ Yoast SEO plugin. -->","yoast_head_json":{"title":"(Sloven\u010dina) Denn\u00e9 menu | Hotel Park**** Doln\u00fd Kub\u00edn","robots":{"index":"index","follow":"follow","max-snippet":"max-snippet:-1","max-image-preview":"max-image-preview:large","max-video-preview":"max-video-preview:-1"},"canonical":"https:\/\/www.cityhotelpark.sk\/gastronomia\/denne-menu-2\/","og_locale":"pl_PL","og_type":"article","og_title":"[:sk]Denn\u00e9 menu | Hotel Park**** Doln\u00fd Kub\u00edn[:en]Daily menu | Hotel Park****[:]","og_url":"https:\/\/www.cityhotelpark.sk\/gastronomia\/denne-menu-2\/","og_site_name":"Hotel Park","article_publisher":"https:\/\/www.facebook.com\/hotel.park.dk\/","article_modified_time":"2026-04-12T17:31:28+00:00","twitter_card":"summary_large_image","twitter_misc":{"Szacowany czas czytania":"1 minuta"},"schema":{"@context":"https:\/\/schema.org","@graph":[{"@type":"WebPage","@id":"https:\/\/www.cityhotelpark.sk\/gastronomia\/denne-menu-2\/","url":"https:\/\/www.cityhotelpark.sk\/gastronomia\/denne-menu-2\/","name":"[:sk]Denn\u00e9 menu | Hotel Park**** Doln\u00fd Kub\u00edn[:en]Daily menu | Hotel Park****[:]","isPartOf":{"@id":"https:\/\/www.cityhotelpark.sk\/#website"},"primaryImageOfPage":{"@id":"https:\/\/www.cityhotelpark.sk\/gastronomia\/denne-menu-2\/#primaryimage"},"image":{"@id":"https:\/\/www.cityhotelpark.sk\/gastronomia\/denne-menu-2\/#primaryimage"},"thumbnailUrl":"https:\/\/www.cityhotelpark.sk\/wp-content\/uploads\/2026\/02\/Obedove-menu-23.2-27.2-1-pdf.jpg","datePublished":"2018-11-04T00:00:07+00:00","dateModified":"2026-04-12T17:31:28+00:00","breadcrumb":{"@id":"https:\/\/www.cityhotelpark.sk\/gastronomia\/denne-menu-2\/#breadcrumb"},"inLanguage":"pl-PL","potentialAction":[{"@type":"ReadAction","target":["https:\/\/www.cityhotelpark.sk\/gastronomia\/denne-menu-2\/"]}]},{"@type":"ImageObject","inLanguage":"pl-PL","@id":"https:\/\/www.cityhotelpark.sk\/gastronomia\/denne-menu-2\/#primaryimage","url":"https:\/\/www.cityhotelpark.sk\/wp-content\/uploads\/2026\/02\/Obedove-menu-23.2-27.2-1-pdf.jpg","contentUrl":"https:\/\/www.cityhotelpark.sk\/wp-content\/uploads\/2026\/02\/Obedove-menu-23.2-27.2-1-pdf.jpg"},{"@type":"BreadcrumbList","@id":"https:\/\/www.cityhotelpark.sk\/gastronomia\/denne-menu-2\/#breadcrumb","itemListElement":[{"@type":"ListItem","position":1,"name":"Home","item":"https:\/\/www.cityhotelpark.sk\/"},{"@type":"ListItem","position":2,"name":"Gastronomia","item":"https:\/\/www.cityhotelpark.sk\/gastronomia\/"},{"@type":"ListItem","position":3,"name":"Denn\u00e9 menu"}]},{"@type":"WebSite","@id":"https:\/\/www.cityhotelpark.sk\/#website","url":"https:\/\/www.cityhotelpark.sk\/","name":"Hotel Park","description":"","publisher":{"@id":"https:\/\/www.cityhotelpark.sk\/#organization"},"potentialAction":[{"@type":"SearchAction","target":{"@type":"EntryPoint","urlTemplate":"https:\/\/www.cityhotelpark.sk\/?s={search_term_string}"},"query-input":{"@type":"PropertyValueSpecification","valueRequired":true,"valueName":"search_term_string"}}],"inLanguage":"pl-PL"},{"@type":"Organization","@id":"https:\/\/www.cityhotelpark.sk\/#organization","name":"Hotel Park","url":"https:\/\/www.cityhotelpark.sk\/","logo":{"@type":"ImageObject","inLanguage":"pl-PL","@id":"https:\/\/www.cityhotelpark.sk\/#\/schema\/logo\/image\/","url":"https:\/\/www.cityhotelpark.sk\/wp-content\/uploads\/2018\/10\/hotel-park.png","contentUrl":"https:\/\/www.cityhotelpark.sk\/wp-content\/uploads\/2018\/10\/hotel-park.png","width":152,"height":152,"caption":"Hotel Park"},"image":{"@id":"https:\/\/www.cityhotelpark.sk\/#\/schema\/logo\/image\/"},"sameAs":["https:\/\/www.facebook.com\/hotel.park.dk\/","https:\/\/www.instagram.com\/hotelparkdolnykubin\/?hl=sk"]}]}},"_links":{"self":[{"href":"https:\/\/www.cityhotelpark.sk\/pl\/wp-json\/wp\/v2\/pages\/595","targetHints":{"allow":["GET"]}}],"collection":[{"href":"https:\/\/www.cityhotelpark.sk\/pl\/wp-json\/wp\/v2\/pages"}],"about":[{"href":"https:\/\/www.cityhotelpark.sk\/pl\/wp-json\/wp\/v2\/types\/page"}],"author":[{"embeddable":true,"href":"https:\/\/www.cityhotelpark.sk\/pl\/wp-json\/wp\/v2\/users\/4"}],"replies":[{"embeddable":true,"href":"https:\/\/www.cityhotelpark.sk\/pl\/wp-json\/wp\/v2\/comments?post=595"}],"version-history":[{"count":0,"href":"https:\/\/www.cityhotelpark.sk\/pl\/wp-json\/wp\/v2\/pages\/595\/revisions"}],"up":[{"embeddable":true,"href":"https:\/\/www.cityhotelpark.sk\/pl\/wp-json\/wp\/v2\/pages\/18"}],"wp:attachment":[{"href":"https:\/\/www.cityhotelpark.sk\/pl\/wp-json\/wp\/v2\/media?parent=595"}],"curies":[{"name":"wp","href":"https:\/\/api.w.org\/{rel}","templated":true}]}}