{"id":33,"date":"2018-09-24T21:49:42","date_gmt":"2018-09-24T19:49:42","guid":{"rendered":"http:\/\/www.cityhotelpark.sk\/?page_id=33"},"modified":"2025-03-17T14:14:08","modified_gmt":"2025-03-17T13:14:08","slug":"kontakt","status":"publish","type":"page","link":"https:\/\/www.cityhotelpark.sk\/pl\/kontakt\/","title":{"rendered":"Kontakt"},"content":{"rendered":"<p data-start=\"1159\" data-end=\"1228\"><strong data-start=\"1159\" data-end=\"1173\">Hotel Park<\/strong>****<br data-start=\"1177\" data-end=\"1180\" \/>Radlinsk\u00e9ho 21<br data-start=\"1194\" data-end=\"1197\" \/>026 01 Doln\u00fd Kub\u00edn<br data-start=\"1215\" data-end=\"1218\" \/>S\u0141OWACJA<\/p>\n<p data-start=\"1230\" data-end=\"1305\">T: +421 43 581 11 11<br data-start=\"1250\" data-end=\"1253\" \/>M: +421 918 913 012<br data-start=\"1272\" data-end=\"1275\" \/>E: <a href=\"mailto:recepcia@cityhotelpark.sk\" rel=\"noopener\" data-start=\"1278\" data-end=\"1303\">recepcia@cityhotelpark.sk<\/a><\/p>\n<p data-start=\"1307\" data-end=\"1367\"><strong data-start=\"1307\" data-end=\"1315\">GPS:<\/strong> 49.209584, 19.2931384<br data-start=\"1337\" data-end=\"1340\" \/>49\u00b012&#8217;34.5&#8243;N 19\u00b017&#8217;35.3&#8243;E<\/p>\n<p data-start=\"1369\" data-end=\"1394\"><strong data-start=\"1369\" data-end=\"1392\">Kontakty do dzia\u0142\u00f3w<\/strong><\/p>\n<p data-start=\"1396\" data-end=\"1464\"><strong data-start=\"1396\" data-end=\"1423\">DZIA\u0141 OPERACYJNY HOTELU<\/strong><br data-start=\"1423\" data-end=\"1426\" \/><strong data-start=\"1426\" data-end=\"1462\">UROCZYSTO\u015aCI, WESELA, WYDARZENIA<\/strong><\/p>\n<p data-start=\"1466\" data-end=\"1539\">J\u00e1n Babic<br data-start=\"1475\" data-end=\"1478\" \/>F&amp;B Manager<br data-start=\"1489\" data-end=\"1492\" \/>+421 918 793 821<br data-start=\"1508\" data-end=\"1511\" \/><a href=\"mailto:prevadzka@cityhotelpark.sk\" rel=\"noopener\" data-start=\"1511\" data-end=\"1537\">prevadzka@cityhotelpark.sk<\/a><\/p>\n<p data-start=\"1541\" data-end=\"1599\"><strong data-start=\"1541\" data-end=\"1559\">DZIA\u0141 HANDLOWY<\/strong><br data-start=\"1559\" data-end=\"1562\" \/><strong data-start=\"1562\" data-end=\"1597\">KONFERENCJE, WYDARZENIA FIRMOWE<\/strong><\/p>\n<p data-start=\"1601\" data-end=\"1688\">Ivana Lev\u00e1kov\u00e1<br data-start=\"1615\" data-end=\"1618\" \/>Manager ds. sprzeda\u017cy<br data-start=\"1639\" data-end=\"1642\" \/><a href=\"mailto:sales@kubinska.sk\" rel=\"noopener\" data-start=\"1642\" data-end=\"1667\">sales@kubinska.sk<\/a><br data-start=\"1667\" data-end=\"1670\" \/>+421 907 913 594<\/p>\n<p data-start=\"1690\" data-end=\"1776\">Lenka U\u017eekov\u00e1<br data-start=\"1703\" data-end=\"1706\" \/>Manager ds. sprzeda\u017cy<br data-start=\"1727\" data-end=\"1730\" \/><a href=\"mailto:sales@kubinska.sk\" rel=\"noopener\" data-start=\"1730\" data-end=\"1755\">sales@kubinska.sk<\/a><br data-start=\"1755\" data-end=\"1758\" \/>+421 907 675 905<\/p>\n<p data-start=\"1778\" data-end=\"1800\"><strong data-start=\"1778\" data-end=\"1798\">DZIA\u0141 MARKETINGU<\/strong><\/p>\n<p data-start=\"1802\" data-end=\"1885\"><strong>Patr\u00edcia Ja\u0161\u0161ov\u00e1<\/strong><br \/>\nMarketing Specialist<br \/>\n<a href=\"mailto:patricia.jassova@kubinska.sk\">patricia.jassova@kubinska.sk<\/a><br \/>\n+421 917 468 215<\/p>\n<p data-start=\"1887\" data-end=\"1909\"><strong data-start=\"1887\" data-end=\"1907\">Dane do faktury:<\/strong><\/p>\n<p data-start=\"1911\" data-end=\"1977\">SLOVAKIA REAL-IN, a.s.<br data-start=\"1933\" data-end=\"1936\" \/>Radlinsk\u00e9ho 1739\/21, 026 01 Doln\u00fd Kub\u00edn<\/p>\n<p data-start=\"1979\" data-end=\"2064\"><strong data-start=\"1979\" data-end=\"2002\">Adres dzia\u0142alno\u015bci:<\/strong><br data-start=\"2002\" data-end=\"2005\" \/>HOTEL PARK****<br data-start=\"2019\" data-end=\"2022\" \/>Radlinsk\u00e9ho 1739\/21<br data-start=\"2041\" data-end=\"2044\" \/>026 01 Doln\u00fd Kub\u00edn<\/p>\n<p data-start=\"2066\" data-end=\"2172\">Sekcja: Sa Wpis nr: 10304\/L<br data-start=\"2093\" data-end=\"2096\" \/>NIP (I\u010cO): 35789638<br data-start=\"2115\" data-end=\"2118\" \/>REGON (DI\u010c): 2020245249<br data-start=\"2141\" data-end=\"2144\" \/>VAT (I\u010c DPH): SK2020245249<\/p>\n<p data-start=\"2174\" data-end=\"2264\" data-is-only-node=\"\" data-is-last-node=\"\"><strong data-start=\"2174\" data-end=\"2200\">Numer konta bankowego:<\/strong><br data-start=\"2200\" data-end=\"2203\" \/>Bank: TATRABANKA a.s.<br data-start=\"2224\" data-end=\"2227\" \/>IBAN: SK76 1100 0000 0029 4246 2611<\/p>\n<p data-start=\"2174\" data-end=\"2264\" data-is-only-node=\"\" data-is-last-node=\"\"><a href=\"https:\/\/www.cityhotelpark.sk\/wp-content\/uploads\/2025\/03\/vop_pl.pdf\">Og\u00f3lne warunki handlowe.<\/a><\/p>\n<p data-start=\"2174\" data-end=\"2264\" data-is-only-node=\"\" data-is-last-node=\"\"><a href=\"https:\/\/www.cityhotelpark.sk\/wp-content\/uploads\/2025\/03\/gdpr_pl.pdf\">GDPR.<\/a><\/p>\n","protected":false},"excerpt":{"rendered":"<p>Hotel Park****Radlinsk\u00e9ho 21026 01 Doln\u00fd Kub\u00ednS\u0141OWACJA T: +421 43 581 11 11M: +421 918 913 012E: recepcia@cityhotelpark.sk GPS: 49.209584, 19.293138449\u00b012&#8217;34.5&#8243;N 19\u00b017&#8217;35.3&#8243;E Kontakty do dzia\u0142\u00f3w DZIA\u0141 OPERACYJNY HOTELUUROCZYSTO\u015aCI, WESELA, WYDARZENIA J\u00e1n BabicF&amp;B Manager+421 918 793 821prevadzka@cityhotelpark.sk DZIA\u0141 HANDLOWYKONFERENCJE, WYDARZENIA FIRMOWE Ivana Lev\u00e1kov\u00e1Manager ds. sprzeda\u017cysales@kubinska.sk+421 907 913 594 Lenka U\u017eekov\u00e1Manager ds. sprzeda\u017cysales@kubinska.sk+421 907 675 905 DZIA\u0141 MARKETINGU [&hellip;]<\/p>\n","protected":false},"author":4,"featured_media":0,"parent":0,"menu_order":9,"comment_status":"closed","ping_status":"closed","template":"","meta":{"footnotes":""},"class_list":["post-33","page","type-page","status-publish","hentry"],"yoast_head":"<!-- This site is optimized with the Yoast SEO plugin v27.3 - https:\/\/yoast.com\/product\/yoast-seo-wordpress\/ -->\n<title>Kontakt | Hotel Park<\/title>\n<meta name=\"robots\" content=\"index, follow, max-snippet:-1, max-image-preview:large, max-video-preview:-1\" \/>\n<link rel=\"canonical\" href=\"https:\/\/www.cityhotelpark.sk\/kontakt\/\" \/>\n<meta property=\"og:locale\" content=\"pl_PL\" \/>\n<meta property=\"og:type\" content=\"article\" \/>\n<meta property=\"og:title\" content=\"Kontakt | Hotel Park\" \/>\n<meta property=\"og:description\" content=\"Hotel Park****Radlinsk\u00e9ho 21026 01 Doln\u00fd Kub\u00ednS\u0141OWACJA T: +421 43 581 11 11M: +421 918 913 012E: recepcia@cityhotelpark.sk GPS: 49.209584, 19.293138449\u00b012&#8217;34.5&#8243;N 19\u00b017&#8217;35.3&#8243;E Kontakty do dzia\u0142\u00f3w DZIA\u0141 OPERACYJNY HOTELUUROCZYSTO\u015aCI, WESELA, WYDARZENIA J\u00e1n BabicF&amp;B Manager+421 918 793 821prevadzka@cityhotelpark.sk DZIA\u0141 HANDLOWYKONFERENCJE, WYDARZENIA FIRMOWE Ivana Lev\u00e1kov\u00e1Manager ds. sprzeda\u017cysales@kubinska.sk+421 907 913 594 Lenka U\u017eekov\u00e1Manager ds. sprzeda\u017cysales@kubinska.sk+421 907 675 905 DZIA\u0141 MARKETINGU [&hellip;]\" \/>\n<meta property=\"og:url\" content=\"https:\/\/www.cityhotelpark.sk\/kontakt\/\" \/>\n<meta property=\"og:site_name\" content=\"Hotel Park\" \/>\n<meta property=\"article:publisher\" content=\"https:\/\/www.facebook.com\/hotel.park.dk\/\" \/>\n<meta property=\"article:modified_time\" content=\"2025-03-17T13:14:08+00:00\" \/>\n<meta name=\"twitter:card\" content=\"summary_large_image\" \/>\n<meta name=\"twitter:label1\" content=\"Szacowany czas czytania\" \/>\n\t<meta name=\"twitter:data1\" content=\"1 minuta\" \/>\n<script type=\"application\/ld+json\" class=\"yoast-schema-graph\">{\"@context\":\"https:\\\/\\\/schema.org\",\"@graph\":[{\"@type\":\"WebPage\",\"@id\":\"https:\\\/\\\/www.cityhotelpark.sk\\\/kontakt\\\/\",\"url\":\"https:\\\/\\\/www.cityhotelpark.sk\\\/kontakt\\\/\",\"name\":\"Kontakt | Hotel Park\",\"isPartOf\":{\"@id\":\"https:\\\/\\\/www.cityhotelpark.sk\\\/#website\"},\"datePublished\":\"2018-09-24T19:49:42+00:00\",\"dateModified\":\"2025-03-17T13:14:08+00:00\",\"breadcrumb\":{\"@id\":\"https:\\\/\\\/www.cityhotelpark.sk\\\/kontakt\\\/#breadcrumb\"},\"inLanguage\":\"pl-PL\",\"potentialAction\":[{\"@type\":\"ReadAction\",\"target\":[\"https:\\\/\\\/www.cityhotelpark.sk\\\/kontakt\\\/\"]}]},{\"@type\":\"BreadcrumbList\",\"@id\":\"https:\\\/\\\/www.cityhotelpark.sk\\\/kontakt\\\/#breadcrumb\",\"itemListElement\":[{\"@type\":\"ListItem\",\"position\":1,\"name\":\"Home\",\"item\":\"https:\\\/\\\/www.cityhotelpark.sk\\\/\"},{\"@type\":\"ListItem\",\"position\":2,\"name\":\"Kontakt\"}]},{\"@type\":\"WebSite\",\"@id\":\"https:\\\/\\\/www.cityhotelpark.sk\\\/#website\",\"url\":\"https:\\\/\\\/www.cityhotelpark.sk\\\/\",\"name\":\"Hotel Park\",\"description\":\"\",\"publisher\":{\"@id\":\"https:\\\/\\\/www.cityhotelpark.sk\\\/#organization\"},\"potentialAction\":[{\"@type\":\"SearchAction\",\"target\":{\"@type\":\"EntryPoint\",\"urlTemplate\":\"https:\\\/\\\/www.cityhotelpark.sk\\\/?s={search_term_string}\"},\"query-input\":{\"@type\":\"PropertyValueSpecification\",\"valueRequired\":true,\"valueName\":\"search_term_string\"}}],\"inLanguage\":\"pl-PL\"},{\"@type\":\"Organization\",\"@id\":\"https:\\\/\\\/www.cityhotelpark.sk\\\/#organization\",\"name\":\"Hotel Park\",\"url\":\"https:\\\/\\\/www.cityhotelpark.sk\\\/\",\"logo\":{\"@type\":\"ImageObject\",\"inLanguage\":\"pl-PL\",\"@id\":\"https:\\\/\\\/www.cityhotelpark.sk\\\/#\\\/schema\\\/logo\\\/image\\\/\",\"url\":\"https:\\\/\\\/www.cityhotelpark.sk\\\/wp-content\\\/uploads\\\/2018\\\/10\\\/hotel-park.png\",\"contentUrl\":\"https:\\\/\\\/www.cityhotelpark.sk\\\/wp-content\\\/uploads\\\/2018\\\/10\\\/hotel-park.png\",\"width\":152,\"height\":152,\"caption\":\"Hotel Park\"},\"image\":{\"@id\":\"https:\\\/\\\/www.cityhotelpark.sk\\\/#\\\/schema\\\/logo\\\/image\\\/\"},\"sameAs\":[\"https:\\\/\\\/www.facebook.com\\\/hotel.park.dk\\\/\",\"https:\\\/\\\/www.instagram.com\\\/hotelparkdolnykubin\\\/?hl=sk\"]}]}<\/script>\n<!-- \/ Yoast SEO plugin. -->","yoast_head_json":{"title":"Kontakt | Hotel Park","robots":{"index":"index","follow":"follow","max-snippet":"max-snippet:-1","max-image-preview":"max-image-preview:large","max-video-preview":"max-video-preview:-1"},"canonical":"https:\/\/www.cityhotelpark.sk\/kontakt\/","og_locale":"pl_PL","og_type":"article","og_title":"Kontakt | Hotel Park","og_description":"Hotel Park****Radlinsk\u00e9ho 21026 01 Doln\u00fd Kub\u00ednS\u0141OWACJA T: +421 43 581 11 11M: +421 918 913 012E: recepcia@cityhotelpark.sk GPS: 49.209584, 19.293138449\u00b012&#8217;34.5&#8243;N 19\u00b017&#8217;35.3&#8243;E Kontakty do dzia\u0142\u00f3w DZIA\u0141 OPERACYJNY HOTELUUROCZYSTO\u015aCI, WESELA, WYDARZENIA J\u00e1n BabicF&amp;B Manager+421 918 793 821prevadzka@cityhotelpark.sk DZIA\u0141 HANDLOWYKONFERENCJE, WYDARZENIA FIRMOWE Ivana Lev\u00e1kov\u00e1Manager ds. sprzeda\u017cysales@kubinska.sk+421 907 913 594 Lenka U\u017eekov\u00e1Manager ds. sprzeda\u017cysales@kubinska.sk+421 907 675 905 DZIA\u0141 MARKETINGU [&hellip;]","og_url":"https:\/\/www.cityhotelpark.sk\/kontakt\/","og_site_name":"Hotel Park","article_publisher":"https:\/\/www.facebook.com\/hotel.park.dk\/","article_modified_time":"2025-03-17T13:14:08+00:00","twitter_card":"summary_large_image","twitter_misc":{"Szacowany czas czytania":"1 minuta"},"schema":{"@context":"https:\/\/schema.org","@graph":[{"@type":"WebPage","@id":"https:\/\/www.cityhotelpark.sk\/kontakt\/","url":"https:\/\/www.cityhotelpark.sk\/kontakt\/","name":"Kontakt | Hotel Park","isPartOf":{"@id":"https:\/\/www.cityhotelpark.sk\/#website"},"datePublished":"2018-09-24T19:49:42+00:00","dateModified":"2025-03-17T13:14:08+00:00","breadcrumb":{"@id":"https:\/\/www.cityhotelpark.sk\/kontakt\/#breadcrumb"},"inLanguage":"pl-PL","potentialAction":[{"@type":"ReadAction","target":["https:\/\/www.cityhotelpark.sk\/kontakt\/"]}]},{"@type":"BreadcrumbList","@id":"https:\/\/www.cityhotelpark.sk\/kontakt\/#breadcrumb","itemListElement":[{"@type":"ListItem","position":1,"name":"Home","item":"https:\/\/www.cityhotelpark.sk\/"},{"@type":"ListItem","position":2,"name":"Kontakt"}]},{"@type":"WebSite","@id":"https:\/\/www.cityhotelpark.sk\/#website","url":"https:\/\/www.cityhotelpark.sk\/","name":"Hotel Park","description":"","publisher":{"@id":"https:\/\/www.cityhotelpark.sk\/#organization"},"potentialAction":[{"@type":"SearchAction","target":{"@type":"EntryPoint","urlTemplate":"https:\/\/www.cityhotelpark.sk\/?s={search_term_string}"},"query-input":{"@type":"PropertyValueSpecification","valueRequired":true,"valueName":"search_term_string"}}],"inLanguage":"pl-PL"},{"@type":"Organization","@id":"https:\/\/www.cityhotelpark.sk\/#organization","name":"Hotel Park","url":"https:\/\/www.cityhotelpark.sk\/","logo":{"@type":"ImageObject","inLanguage":"pl-PL","@id":"https:\/\/www.cityhotelpark.sk\/#\/schema\/logo\/image\/","url":"https:\/\/www.cityhotelpark.sk\/wp-content\/uploads\/2018\/10\/hotel-park.png","contentUrl":"https:\/\/www.cityhotelpark.sk\/wp-content\/uploads\/2018\/10\/hotel-park.png","width":152,"height":152,"caption":"Hotel Park"},"image":{"@id":"https:\/\/www.cityhotelpark.sk\/#\/schema\/logo\/image\/"},"sameAs":["https:\/\/www.facebook.com\/hotel.park.dk\/","https:\/\/www.instagram.com\/hotelparkdolnykubin\/?hl=sk"]}]}},"_links":{"self":[{"href":"https:\/\/www.cityhotelpark.sk\/pl\/wp-json\/wp\/v2\/pages\/33","targetHints":{"allow":["GET"]}}],"collection":[{"href":"https:\/\/www.cityhotelpark.sk\/pl\/wp-json\/wp\/v2\/pages"}],"about":[{"href":"https:\/\/www.cityhotelpark.sk\/pl\/wp-json\/wp\/v2\/types\/page"}],"author":[{"embeddable":true,"href":"https:\/\/www.cityhotelpark.sk\/pl\/wp-json\/wp\/v2\/users\/4"}],"replies":[{"embeddable":true,"href":"https:\/\/www.cityhotelpark.sk\/pl\/wp-json\/wp\/v2\/comments?post=33"}],"version-history":[{"count":0,"href":"https:\/\/www.cityhotelpark.sk\/pl\/wp-json\/wp\/v2\/pages\/33\/revisions"}],"wp:attachment":[{"href":"https:\/\/www.cityhotelpark.sk\/pl\/wp-json\/wp\/v2\/media?parent=33"}],"curies":[{"name":"wp","href":"https:\/\/api.w.org\/{rel}","templated":true}]}}