{"id":2795,"date":"2023-12-28T15:08:20","date_gmt":"2023-12-28T14:08:20","guid":{"rendered":"https:\/\/www.cityhotelpark.sk\/?page_id=2795"},"modified":"2023-12-28T15:09:17","modified_gmt":"2023-12-28T14:09:17","slug":"domov-quickbooker","status":"publish","type":"page","link":"https:\/\/www.cityhotelpark.sk\/pl\/domov-quickbooker\/","title":{"rendered":"Domov Quickbooker"},"content":{"rendered":"<p class=\"qtranxs-available-languages-message qtranxs-available-languages-message-pl\">Przepraszamy, ten wpis jest dost\u0119pny tylko w j\u0119zyku <a href=\"https:\/\/www.cityhotelpark.sk\/en\/wp-json\/wp\/v2\/pages\/2795\" class=\"qtranxs-available-language-link qtranxs-available-language-link-en\" title=\"English\">English<\/a>.<\/p>\n","protected":false},"excerpt":{"rendered":"<p>Przepraszamy, ten wpis jest dost\u0119pny tylko w j\u0119zyku English.<\/p>\n","protected":false},"author":8,"featured_media":0,"parent":0,"menu_order":22,"comment_status":"closed","ping_status":"closed","template":"","meta":{"footnotes":""},"class_list":["post-2795","page","type-page","status-publish","hentry"],"yoast_head":"<!-- This site is optimized with the Yoast SEO plugin v27.3 - https:\/\/yoast.com\/product\/yoast-seo-wordpress\/ -->\n<title>Hotel PARK**** Komfortn\u00e9 ubytovanie a wellness v Dolnom Kub\u00edne<\/title>\n<meta name=\"description\" content=\"Komfortn\u00e9 ubytovanie, z\u00e1\u017eitkov\u00e1 gastron\u00f3mia, dvojpodla\u017en\u00e9 wellness centrum, v\u00fdborn\u00e1 poloha v centre Doln\u00e9ho Kub\u00edna a dostupnos\u0165 r\u00f4znych aktiv\u00edt.\" \/>\n<meta name=\"robots\" content=\"index, follow, max-snippet:-1, max-image-preview:large, max-video-preview:-1\" \/>\n<link rel=\"canonical\" href=\"https:\/\/www.cityhotelpark.sk\/domov-2-2\/\" \/>\n<meta property=\"og:locale\" content=\"pl_PL\" \/>\n<meta property=\"og:type\" content=\"article\" \/>\n<meta property=\"og:title\" content=\"Hotel PARK**** Komfortn\u00e9 ubytovanie a wellness v Dolnom Kub\u00edne\" \/>\n<meta property=\"og:description\" content=\"Komfortn\u00e9 ubytovanie, z\u00e1\u017eitkov\u00e1 gastron\u00f3mia, dvojpodla\u017en\u00e9 wellness centrum, v\u00fdborn\u00e1 poloha v centre Doln\u00e9ho Kub\u00edna a dostupnos\u0165 r\u00f4znych aktiv\u00edt.\" \/>\n<meta property=\"og:url\" content=\"https:\/\/www.cityhotelpark.sk\/domov-2-2\/\" \/>\n<meta property=\"og:site_name\" content=\"Hotel Park\" \/>\n<meta property=\"article:publisher\" content=\"https:\/\/www.facebook.com\/hotel.park.dk\/\" \/>\n<meta property=\"article:modified_time\" content=\"2023-12-28T14:09:17+00:00\" \/>\n<meta name=\"twitter:card\" content=\"summary_large_image\" \/>\n<script type=\"application\/ld+json\" class=\"yoast-schema-graph\">{\"@context\":\"https:\\\/\\\/schema.org\",\"@graph\":[{\"@type\":\"WebPage\",\"@id\":\"https:\\\/\\\/www.cityhotelpark.sk\\\/domov-2-2\\\/\",\"url\":\"https:\\\/\\\/www.cityhotelpark.sk\\\/domov-2-2\\\/\",\"name\":\"Hotel PARK**** Komfortn\u00e9 ubytovanie a wellness v Dolnom Kub\u00edne\",\"isPartOf\":{\"@id\":\"https:\\\/\\\/www.cityhotelpark.sk\\\/#website\"},\"datePublished\":\"2023-12-28T14:08:20+00:00\",\"dateModified\":\"2023-12-28T14:09:17+00:00\",\"description\":\"Komfortn\u00e9 ubytovanie, z\u00e1\u017eitkov\u00e1 gastron\u00f3mia, dvojpodla\u017en\u00e9 wellness centrum, v\u00fdborn\u00e1 poloha v centre Doln\u00e9ho Kub\u00edna a dostupnos\u0165 r\u00f4znych aktiv\u00edt.\",\"breadcrumb\":{\"@id\":\"https:\\\/\\\/www.cityhotelpark.sk\\\/domov-2-2\\\/#breadcrumb\"},\"inLanguage\":\"pl-PL\",\"potentialAction\":[{\"@type\":\"ReadAction\",\"target\":[\"https:\\\/\\\/www.cityhotelpark.sk\\\/domov-2-2\\\/\"]}]},{\"@type\":\"BreadcrumbList\",\"@id\":\"https:\\\/\\\/www.cityhotelpark.sk\\\/domov-2-2\\\/#breadcrumb\",\"itemListElement\":[{\"@type\":\"ListItem\",\"position\":1,\"name\":\"Home\",\"item\":\"https:\\\/\\\/www.cityhotelpark.sk\\\/\"},{\"@type\":\"ListItem\",\"position\":2,\"name\":\"Domov Quickbooker\"}]},{\"@type\":\"WebSite\",\"@id\":\"https:\\\/\\\/www.cityhotelpark.sk\\\/#website\",\"url\":\"https:\\\/\\\/www.cityhotelpark.sk\\\/\",\"name\":\"Hotel Park\",\"description\":\"\",\"publisher\":{\"@id\":\"https:\\\/\\\/www.cityhotelpark.sk\\\/#organization\"},\"potentialAction\":[{\"@type\":\"SearchAction\",\"target\":{\"@type\":\"EntryPoint\",\"urlTemplate\":\"https:\\\/\\\/www.cityhotelpark.sk\\\/?s={search_term_string}\"},\"query-input\":{\"@type\":\"PropertyValueSpecification\",\"valueRequired\":true,\"valueName\":\"search_term_string\"}}],\"inLanguage\":\"pl-PL\"},{\"@type\":\"Organization\",\"@id\":\"https:\\\/\\\/www.cityhotelpark.sk\\\/#organization\",\"name\":\"Hotel Park\",\"url\":\"https:\\\/\\\/www.cityhotelpark.sk\\\/\",\"logo\":{\"@type\":\"ImageObject\",\"inLanguage\":\"pl-PL\",\"@id\":\"https:\\\/\\\/www.cityhotelpark.sk\\\/#\\\/schema\\\/logo\\\/image\\\/\",\"url\":\"https:\\\/\\\/www.cityhotelpark.sk\\\/wp-content\\\/uploads\\\/2018\\\/10\\\/hotel-park.png\",\"contentUrl\":\"https:\\\/\\\/www.cityhotelpark.sk\\\/wp-content\\\/uploads\\\/2018\\\/10\\\/hotel-park.png\",\"width\":152,\"height\":152,\"caption\":\"Hotel Park\"},\"image\":{\"@id\":\"https:\\\/\\\/www.cityhotelpark.sk\\\/#\\\/schema\\\/logo\\\/image\\\/\"},\"sameAs\":[\"https:\\\/\\\/www.facebook.com\\\/hotel.park.dk\\\/\",\"https:\\\/\\\/www.instagram.com\\\/hotelparkdolnykubin\\\/?hl=sk\"]}]}<\/script>\n<!-- \/ Yoast SEO plugin. -->","yoast_head_json":{"title":"Hotel PARK**** Komfortn\u00e9 ubytovanie a wellness v Dolnom Kub\u00edne","description":"Komfortn\u00e9 ubytovanie, z\u00e1\u017eitkov\u00e1 gastron\u00f3mia, dvojpodla\u017en\u00e9 wellness centrum, v\u00fdborn\u00e1 poloha v centre Doln\u00e9ho Kub\u00edna a dostupnos\u0165 r\u00f4znych aktiv\u00edt.","robots":{"index":"index","follow":"follow","max-snippet":"max-snippet:-1","max-image-preview":"max-image-preview:large","max-video-preview":"max-video-preview:-1"},"canonical":"https:\/\/www.cityhotelpark.sk\/domov-2-2\/","og_locale":"pl_PL","og_type":"article","og_title":"Hotel PARK**** Komfortn\u00e9 ubytovanie a wellness v Dolnom Kub\u00edne","og_description":"Komfortn\u00e9 ubytovanie, z\u00e1\u017eitkov\u00e1 gastron\u00f3mia, dvojpodla\u017en\u00e9 wellness centrum, v\u00fdborn\u00e1 poloha v centre Doln\u00e9ho Kub\u00edna a dostupnos\u0165 r\u00f4znych aktiv\u00edt.","og_url":"https:\/\/www.cityhotelpark.sk\/domov-2-2\/","og_site_name":"Hotel Park","article_publisher":"https:\/\/www.facebook.com\/hotel.park.dk\/","article_modified_time":"2023-12-28T14:09:17+00:00","twitter_card":"summary_large_image","schema":{"@context":"https:\/\/schema.org","@graph":[{"@type":"WebPage","@id":"https:\/\/www.cityhotelpark.sk\/domov-2-2\/","url":"https:\/\/www.cityhotelpark.sk\/domov-2-2\/","name":"Hotel PARK**** Komfortn\u00e9 ubytovanie a wellness v Dolnom Kub\u00edne","isPartOf":{"@id":"https:\/\/www.cityhotelpark.sk\/#website"},"datePublished":"2023-12-28T14:08:20+00:00","dateModified":"2023-12-28T14:09:17+00:00","description":"Komfortn\u00e9 ubytovanie, z\u00e1\u017eitkov\u00e1 gastron\u00f3mia, dvojpodla\u017en\u00e9 wellness centrum, v\u00fdborn\u00e1 poloha v centre Doln\u00e9ho Kub\u00edna a dostupnos\u0165 r\u00f4znych aktiv\u00edt.","breadcrumb":{"@id":"https:\/\/www.cityhotelpark.sk\/domov-2-2\/#breadcrumb"},"inLanguage":"pl-PL","potentialAction":[{"@type":"ReadAction","target":["https:\/\/www.cityhotelpark.sk\/domov-2-2\/"]}]},{"@type":"BreadcrumbList","@id":"https:\/\/www.cityhotelpark.sk\/domov-2-2\/#breadcrumb","itemListElement":[{"@type":"ListItem","position":1,"name":"Home","item":"https:\/\/www.cityhotelpark.sk\/"},{"@type":"ListItem","position":2,"name":"Domov Quickbooker"}]},{"@type":"WebSite","@id":"https:\/\/www.cityhotelpark.sk\/#website","url":"https:\/\/www.cityhotelpark.sk\/","name":"Hotel Park","description":"","publisher":{"@id":"https:\/\/www.cityhotelpark.sk\/#organization"},"potentialAction":[{"@type":"SearchAction","target":{"@type":"EntryPoint","urlTemplate":"https:\/\/www.cityhotelpark.sk\/?s={search_term_string}"},"query-input":{"@type":"PropertyValueSpecification","valueRequired":true,"valueName":"search_term_string"}}],"inLanguage":"pl-PL"},{"@type":"Organization","@id":"https:\/\/www.cityhotelpark.sk\/#organization","name":"Hotel Park","url":"https:\/\/www.cityhotelpark.sk\/","logo":{"@type":"ImageObject","inLanguage":"pl-PL","@id":"https:\/\/www.cityhotelpark.sk\/#\/schema\/logo\/image\/","url":"https:\/\/www.cityhotelpark.sk\/wp-content\/uploads\/2018\/10\/hotel-park.png","contentUrl":"https:\/\/www.cityhotelpark.sk\/wp-content\/uploads\/2018\/10\/hotel-park.png","width":152,"height":152,"caption":"Hotel Park"},"image":{"@id":"https:\/\/www.cityhotelpark.sk\/#\/schema\/logo\/image\/"},"sameAs":["https:\/\/www.facebook.com\/hotel.park.dk\/","https:\/\/www.instagram.com\/hotelparkdolnykubin\/?hl=sk"]}]}},"_links":{"self":[{"href":"https:\/\/www.cityhotelpark.sk\/pl\/wp-json\/wp\/v2\/pages\/2795","targetHints":{"allow":["GET"]}}],"collection":[{"href":"https:\/\/www.cityhotelpark.sk\/pl\/wp-json\/wp\/v2\/pages"}],"about":[{"href":"https:\/\/www.cityhotelpark.sk\/pl\/wp-json\/wp\/v2\/types\/page"}],"author":[{"embeddable":true,"href":"https:\/\/www.cityhotelpark.sk\/pl\/wp-json\/wp\/v2\/users\/8"}],"replies":[{"embeddable":true,"href":"https:\/\/www.cityhotelpark.sk\/pl\/wp-json\/wp\/v2\/comments?post=2795"}],"version-history":[{"count":0,"href":"https:\/\/www.cityhotelpark.sk\/pl\/wp-json\/wp\/v2\/pages\/2795\/revisions"}],"wp:attachment":[{"href":"https:\/\/www.cityhotelpark.sk\/pl\/wp-json\/wp\/v2\/media?parent=2795"}],"curies":[{"name":"wp","href":"https:\/\/api.w.org\/{rel}","templated":true}]}}