{"id":27,"date":"2018-09-24T21:49:31","date_gmt":"2018-09-24T19:49:31","guid":{"rendered":"http:\/\/www.cityhotelpark.sk\/?page_id=27"},"modified":"2026-02-20T10:50:20","modified_gmt":"2026-02-20T09:50:20","slug":"bowling-bar","status":"publish","type":"page","link":"https:\/\/www.cityhotelpark.sk\/pl\/bowling\/","title":{"rendered":"Bowling"},"content":{"rendered":"<h2 data-start=\"1316\" data-end=\"1352\"><strong data-start=\"1325\" data-end=\"1352\">Kr\u0119gle i strefa relaksu<\/strong><\/h2>\n<p data-start=\"1354\" data-end=\"1501\">Strefa relaksu obejmuje dwa certyfikowane tory do gry w kr\u0119gle o d\u0142ugo\u015bci 24 metr\u00f3w oraz st\u00f3\u0142 bilardowy. Do pe\u0142nej zabawy brakuje tylko <strong data-start=\"1490\" data-end=\"1500\">Ciebie<\/strong>!<\/p>\n<h2 data-start=\"1503\" data-end=\"1514\"><strong data-start=\"1507\" data-end=\"1514\">Bar<\/strong><\/h2>\n<p data-start=\"1516\" data-end=\"1743\">W barze mo\u017cesz sp\u0119dzi\u0107 czas z przyjaci\u00f3\u0142mi, delektuj\u0105c si\u0119 ulubionym drinkiem, koniakiem lub cygarem. Na \u017cyczenie organizujemy prywatne imprezy w tej przestrzeni.<br data-start=\"1678\" data-end=\"1681\" \/>Bar pomie\u015bci 100 os\u00f3b i posiada imponuj\u0105cy, 9-metrowy kontuar.<\/p>\n<h3 data-start=\"1745\" data-end=\"1771\"><strong data-start=\"1749\" data-end=\"1769\">Godziny otwarcia<\/strong><\/h3>\n<p data-start=\"1772\" data-end=\"1805\">\n<table id=\"tablepress-17\" class=\"tablepress tablepress-id-17\">\n<tbody class=\"row-striping row-hover\">\n<tr class=\"row-1\">\n\t<td class=\"column-1\">Monday<\/td><td class=\"column-2\">Closed<\/td>\n<\/tr>\n<tr class=\"row-2\">\n\t<td class=\"column-1\">Tuesday<\/td><td class=\"column-2\">Closed<\/td>\n<\/tr>\n<tr class=\"row-3\">\n\t<td class=\"column-1\">Wednesday<\/td><td class=\"column-2\">Closed<\/td>\n<\/tr>\n<tr class=\"row-4\">\n\t<td class=\"column-1\">Thursday<\/td><td class=\"column-2\">Closed<\/td>\n<\/tr>\n<tr class=\"row-5\">\n\t<td class=\"column-1\">Friday<\/td><td class=\"column-2\">Closed<\/td>\n<\/tr>\n<tr class=\"row-6\">\n\t<td class=\"column-1\">Saturday<\/td><td class=\"column-2\">Closed<\/td>\n<\/tr>\n<tr class=\"row-7\">\n\t<td class=\"column-1\">Sunday<\/td><td class=\"column-2\">Closed<\/td>\n<\/tr>\n<\/tbody>\n<\/table>\n<!-- #tablepress-17 from cache --><\/p>\n<h3 data-start=\"1807\" data-end=\"1821\"><strong data-start=\"1811\" data-end=\"1821\">Cennik<\/strong><\/h3>\n<ul data-start=\"1823\" data-end=\"1911\">\n<li data-start=\"1823\" data-end=\"1865\">\n<p data-start=\"1825\" data-end=\"1865\"><strong data-start=\"1825\" data-end=\"1844\">Go\u015bcie hotelowi<\/strong> \u2013 9,00 \u20ac \/ godzina<\/p>\n<\/li>\n<li data-start=\"1866\" data-end=\"1911\">\n<p data-start=\"1868\" data-end=\"1911\"><strong data-start=\"1868\" data-end=\"1889\">Go\u015bcie zewn\u0119trzni<\/strong> \u2013 12,00 \u20ac \/ godzina<\/p>\n<\/li>\n<\/ul>\n","protected":false},"excerpt":{"rendered":"<p>Przyjd\u017a i baw si\u0119 w naszym barze z kr\u0119glami.<\/p>\n","protected":false},"author":4,"featured_media":0,"parent":0,"menu_order":37,"comment_status":"closed","ping_status":"closed","template":"","meta":{"footnotes":""},"class_list":["post-27","page","type-page","status-publish","hentry"],"yoast_head":"<!-- This site is optimized with the Yoast SEO plugin v27.3 - https:\/\/yoast.com\/product\/yoast-seo-wordpress\/ -->\n<title>Bowling | Hotel Park<\/title>\n<meta name=\"robots\" content=\"index, follow, max-snippet:-1, max-image-preview:large, max-video-preview:-1\" \/>\n<link rel=\"canonical\" href=\"https:\/\/www.cityhotelpark.sk\/bowling-bar\/\" \/>\n<meta property=\"og:locale\" content=\"pl_PL\" \/>\n<meta property=\"og:type\" content=\"article\" \/>\n<meta property=\"og:title\" content=\"Bowling Hotel PARK****\" \/>\n<meta property=\"og:description\" content=\"Bowling bar v Hoteli PARK**** s dvomi bowlingov\u00fdmi dr\u00e1hami a no\u010dn\u00fdm barom.\" \/>\n<meta property=\"og:url\" content=\"https:\/\/www.cityhotelpark.sk\/bowling-bar\/\" \/>\n<meta property=\"og:site_name\" content=\"Hotel Park\" \/>\n<meta property=\"article:publisher\" content=\"https:\/\/www.facebook.com\/hotel.park.dk\/\" \/>\n<meta property=\"article:modified_time\" content=\"2026-02-20T09:50:20+00:00\" \/>\n<meta property=\"og:image\" content=\"https:\/\/www.cityhotelpark.sk\/wp-content\/uploads\/2019\/01\/bowling-bar-hotel-park.jpg\" \/>\n\t<meta property=\"og:image:width\" content=\"1200\" \/>\n\t<meta property=\"og:image:height\" content=\"798\" \/>\n\t<meta property=\"og:image:type\" content=\"image\/jpeg\" \/>\n<meta name=\"twitter:card\" content=\"summary_large_image\" \/>\n<meta name=\"twitter:label1\" content=\"Szacowany czas czytania\" \/>\n\t<meta name=\"twitter:data1\" content=\"2 minuty\" \/>\n<script type=\"application\/ld+json\" class=\"yoast-schema-graph\">{\"@context\":\"https:\\\/\\\/schema.org\",\"@graph\":[{\"@type\":\"WebPage\",\"@id\":\"https:\\\/\\\/www.cityhotelpark.sk\\\/bowling-bar\\\/\",\"url\":\"https:\\\/\\\/www.cityhotelpark.sk\\\/bowling-bar\\\/\",\"name\":\"Bowling | Hotel Park\",\"isPartOf\":{\"@id\":\"https:\\\/\\\/www.cityhotelpark.sk\\\/#website\"},\"datePublished\":\"2018-09-24T19:49:31+00:00\",\"dateModified\":\"2026-02-20T09:50:20+00:00\",\"description\":\"{:sk}Bowling bar v Hoteli PARK pon\u00faka priestor dve 24 metrov dlh\u00e9 certifikovan\u00e9 dr\u00e1hy, biliard aj no\u010dn\u00fd bar. {:en} {:pl} {:}\",\"breadcrumb\":{\"@id\":\"https:\\\/\\\/www.cityhotelpark.sk\\\/bowling-bar\\\/#breadcrumb\"},\"inLanguage\":\"pl-PL\",\"potentialAction\":[{\"@type\":\"ReadAction\",\"target\":[\"https:\\\/\\\/www.cityhotelpark.sk\\\/bowling-bar\\\/\"]}]},{\"@type\":\"BreadcrumbList\",\"@id\":\"https:\\\/\\\/www.cityhotelpark.sk\\\/bowling-bar\\\/#breadcrumb\",\"itemListElement\":[{\"@type\":\"ListItem\",\"position\":1,\"name\":\"Home\",\"item\":\"https:\\\/\\\/www.cityhotelpark.sk\\\/\"},{\"@type\":\"ListItem\",\"position\":2,\"name\":\"Bowling bar\"}]},{\"@type\":\"WebSite\",\"@id\":\"https:\\\/\\\/www.cityhotelpark.sk\\\/#website\",\"url\":\"https:\\\/\\\/www.cityhotelpark.sk\\\/\",\"name\":\"Hotel Park\",\"description\":\"\",\"publisher\":{\"@id\":\"https:\\\/\\\/www.cityhotelpark.sk\\\/#organization\"},\"potentialAction\":[{\"@type\":\"SearchAction\",\"target\":{\"@type\":\"EntryPoint\",\"urlTemplate\":\"https:\\\/\\\/www.cityhotelpark.sk\\\/?s={search_term_string}\"},\"query-input\":{\"@type\":\"PropertyValueSpecification\",\"valueRequired\":true,\"valueName\":\"search_term_string\"}}],\"inLanguage\":\"pl-PL\"},{\"@type\":\"Organization\",\"@id\":\"https:\\\/\\\/www.cityhotelpark.sk\\\/#organization\",\"name\":\"Hotel Park\",\"url\":\"https:\\\/\\\/www.cityhotelpark.sk\\\/\",\"logo\":{\"@type\":\"ImageObject\",\"inLanguage\":\"pl-PL\",\"@id\":\"https:\\\/\\\/www.cityhotelpark.sk\\\/#\\\/schema\\\/logo\\\/image\\\/\",\"url\":\"https:\\\/\\\/www.cityhotelpark.sk\\\/wp-content\\\/uploads\\\/2018\\\/10\\\/hotel-park.png\",\"contentUrl\":\"https:\\\/\\\/www.cityhotelpark.sk\\\/wp-content\\\/uploads\\\/2018\\\/10\\\/hotel-park.png\",\"width\":152,\"height\":152,\"caption\":\"Hotel Park\"},\"image\":{\"@id\":\"https:\\\/\\\/www.cityhotelpark.sk\\\/#\\\/schema\\\/logo\\\/image\\\/\"},\"sameAs\":[\"https:\\\/\\\/www.facebook.com\\\/hotel.park.dk\\\/\",\"https:\\\/\\\/www.instagram.com\\\/hotelparkdolnykubin\\\/?hl=sk\"]}]}<\/script>\n<!-- \/ Yoast SEO plugin. -->","yoast_head_json":{"title":"Bowling | Hotel Park","robots":{"index":"index","follow":"follow","max-snippet":"max-snippet:-1","max-image-preview":"max-image-preview:large","max-video-preview":"max-video-preview:-1"},"canonical":"https:\/\/www.cityhotelpark.sk\/bowling-bar\/","og_locale":"pl_PL","og_type":"article","og_title":"Bowling Hotel PARK****","og_description":"Bowling bar v Hoteli PARK**** s dvomi bowlingov\u00fdmi dr\u00e1hami a no\u010dn\u00fdm barom.","og_url":"https:\/\/www.cityhotelpark.sk\/bowling-bar\/","og_site_name":"Hotel Park","article_publisher":"https:\/\/www.facebook.com\/hotel.park.dk\/","article_modified_time":"2026-02-20T09:50:20+00:00","og_image":[{"width":1200,"height":798,"url":"https:\/\/www.cityhotelpark.sk\/wp-content\/uploads\/2019\/01\/bowling-bar-hotel-park.jpg","type":"image\/jpeg"}],"twitter_card":"summary_large_image","twitter_misc":{"Szacowany czas czytania":"2 minuty"},"schema":{"@context":"https:\/\/schema.org","@graph":[{"@type":"WebPage","@id":"https:\/\/www.cityhotelpark.sk\/bowling-bar\/","url":"https:\/\/www.cityhotelpark.sk\/bowling-bar\/","name":"Bowling | Hotel Park","isPartOf":{"@id":"https:\/\/www.cityhotelpark.sk\/#website"},"datePublished":"2018-09-24T19:49:31+00:00","dateModified":"2026-02-20T09:50:20+00:00","description":"{:sk}Bowling bar v Hoteli PARK pon\u00faka priestor dve 24 metrov dlh\u00e9 certifikovan\u00e9 dr\u00e1hy, biliard aj no\u010dn\u00fd bar. {:en} {:pl} {:}","breadcrumb":{"@id":"https:\/\/www.cityhotelpark.sk\/bowling-bar\/#breadcrumb"},"inLanguage":"pl-PL","potentialAction":[{"@type":"ReadAction","target":["https:\/\/www.cityhotelpark.sk\/bowling-bar\/"]}]},{"@type":"BreadcrumbList","@id":"https:\/\/www.cityhotelpark.sk\/bowling-bar\/#breadcrumb","itemListElement":[{"@type":"ListItem","position":1,"name":"Home","item":"https:\/\/www.cityhotelpark.sk\/"},{"@type":"ListItem","position":2,"name":"Bowling bar"}]},{"@type":"WebSite","@id":"https:\/\/www.cityhotelpark.sk\/#website","url":"https:\/\/www.cityhotelpark.sk\/","name":"Hotel Park","description":"","publisher":{"@id":"https:\/\/www.cityhotelpark.sk\/#organization"},"potentialAction":[{"@type":"SearchAction","target":{"@type":"EntryPoint","urlTemplate":"https:\/\/www.cityhotelpark.sk\/?s={search_term_string}"},"query-input":{"@type":"PropertyValueSpecification","valueRequired":true,"valueName":"search_term_string"}}],"inLanguage":"pl-PL"},{"@type":"Organization","@id":"https:\/\/www.cityhotelpark.sk\/#organization","name":"Hotel Park","url":"https:\/\/www.cityhotelpark.sk\/","logo":{"@type":"ImageObject","inLanguage":"pl-PL","@id":"https:\/\/www.cityhotelpark.sk\/#\/schema\/logo\/image\/","url":"https:\/\/www.cityhotelpark.sk\/wp-content\/uploads\/2018\/10\/hotel-park.png","contentUrl":"https:\/\/www.cityhotelpark.sk\/wp-content\/uploads\/2018\/10\/hotel-park.png","width":152,"height":152,"caption":"Hotel Park"},"image":{"@id":"https:\/\/www.cityhotelpark.sk\/#\/schema\/logo\/image\/"},"sameAs":["https:\/\/www.facebook.com\/hotel.park.dk\/","https:\/\/www.instagram.com\/hotelparkdolnykubin\/?hl=sk"]}]}},"_links":{"self":[{"href":"https:\/\/www.cityhotelpark.sk\/pl\/wp-json\/wp\/v2\/pages\/27","targetHints":{"allow":["GET"]}}],"collection":[{"href":"https:\/\/www.cityhotelpark.sk\/pl\/wp-json\/wp\/v2\/pages"}],"about":[{"href":"https:\/\/www.cityhotelpark.sk\/pl\/wp-json\/wp\/v2\/types\/page"}],"author":[{"embeddable":true,"href":"https:\/\/www.cityhotelpark.sk\/pl\/wp-json\/wp\/v2\/users\/4"}],"replies":[{"embeddable":true,"href":"https:\/\/www.cityhotelpark.sk\/pl\/wp-json\/wp\/v2\/comments?post=27"}],"version-history":[{"count":0,"href":"https:\/\/www.cityhotelpark.sk\/pl\/wp-json\/wp\/v2\/pages\/27\/revisions"}],"wp:attachment":[{"href":"https:\/\/www.cityhotelpark.sk\/pl\/wp-json\/wp\/v2\/media?parent=27"}],"curies":[{"name":"wp","href":"https:\/\/api.w.org\/{rel}","templated":true}]}}