{"id":24,"date":"2018-09-24T21:49:25","date_gmt":"2018-09-24T19:49:25","guid":{"rendered":"http:\/\/www.cityhotelpark.sk\/?page_id=24"},"modified":"2026-02-20T10:55:10","modified_gmt":"2026-02-20T09:55:10","slug":"kongres","status":"publish","type":"page","link":"https:\/\/www.cityhotelpark.sk\/pl\/kongres\/","title":{"rendered":"Eventy"},"content":{"rendered":"<p style=\"text-align: center;\"><strong>Dzi\u0119ki wspania\u0142ej r\u00f3\u017cnorodno\u015bci przestrzeni, nowoczesnemu wyposa\u017ceniu i wysokiej pojemno\u015bci noclegowej, Hotel PARK jest idealnym miejscem do organizacji r\u00f3\u017cnych wydarze\u0144 &#8211; konferencji, wesel, uroczysto\u015bci i teambuilding\u00f3w.<\/strong><\/p>\n<p>&nbsp;<\/p>\n\n<table id=\"tablepress-10\" class=\"tablepress tablepress-id-10\">\n<thead>\n<tr class=\"row-1\">\n\t<th class=\"column-1\">Miestnos\u0165<\/th><th class=\"column-2\">Kino sedenie<\/th><th class=\"column-3\">P\u00f4dorys<\/th><th class=\"column-4\">\u0160kolsk\u00e9 sedenie<\/th><th class=\"column-5\">P\u00f4dorys<\/th>\n<\/tr>\n<\/thead>\n<tbody class=\"row-striping row-hover\">\n<tr class=\"row-2\">\n\t<td class=\"column-1\">Ve\u013ek\u00e1 kongresov\u00e1 s\u00e1la<\/td><td class=\"column-2\">200 miest<\/td><td class=\"column-3\"><a href=\"http:\/\/www.cityhotelpark.sk\/wp-content\/uploads\/2018\/11\/velka-kongresova-sala-kino.jpg\" target=\"_blank\" rel=\"noopener noreferrer\">P\u00f4dorys<\/a><\/td><td class=\"column-4\">150 miest<\/td><td class=\"column-5\"><a href=\"http:\/\/www.cityhotelpark.sk\/wp-content\/uploads\/2018\/11\/velka-kongresova-sala-skola.jpg\" target=\"_blank\" rel=\"noopener noreferrer\">P\u00f4dorys<\/a><\/td>\n<\/tr>\n<tr class=\"row-3\">\n\t<td class=\"column-1\">Mal\u00e1 kongresov\u00e1 s\u00e1la<\/td><td class=\"column-2\">90 miest<\/td><td class=\"column-3\"><a href=\"http:\/\/www.cityhotelpark.sk\/wp-content\/uploads\/2018\/11\/mala-kongresova-sala-kino.jpg\" target=\"_blank\" rel=\"noopener noreferrer\">P\u00f4dorys<\/a><\/td><td class=\"column-4\">70 miest<\/td><td class=\"column-5\"><a href=\"http:\/\/www.cityhotelpark.sk\/wp-content\/uploads\/2018\/11\/mala-kongresova-sala-skola.jpg\" target=\"_blank\" rel=\"noopener noreferrer\">P\u00f4dorys<\/a><\/td>\n<\/tr>\n<tr class=\"row-4\">\n\t<td class=\"column-1\">Sal\u00f3nik<\/td><td class=\"column-2\">60 miest<\/td><td class=\"column-3\"><a href=\"http:\/\/www.cityhotelpark.sk\/wp-content\/uploads\/2018\/11\/salonik-kino.jpg\" target=\"_blank\" rel=\"noopener noreferrer\">P\u00f4dorys<\/a><\/td><td class=\"column-4\">40 miest<\/td><td class=\"column-5\"><a href=\"http:\/\/www.cityhotelpark.sk\/wp-content\/uploads\/2018\/11\/salonik-skola.jpg\" target=\"_blank\" rel=\"noopener noreferrer\">P\u00f4dorys<\/a><\/td>\n<\/tr>\n<tr class=\"row-5\">\n\t<td class=\"column-1\">Modr\u00fd sal\u00f3nik<\/td><td class=\"column-2\">35 miest<\/td><td class=\"column-3\"><\/td><td class=\"column-4\">24 miest<\/td><td class=\"column-5\"><\/td>\n<\/tr>\n<tr class=\"row-6\">\n\t<td class=\"column-1\">Bordov\u00fd sal\u00f3nik<\/td><td class=\"column-2\">35 miest<\/td><td class=\"column-3\"><\/td><td class=\"column-4\">24 miest<\/td><td class=\"column-5\"><\/td>\n<\/tr>\n<tr class=\"row-7\">\n\t<td class=\"column-1\">VIP sal\u00f3nik<\/td><td class=\"column-2\">12 miest<\/td><td class=\"column-3\"><\/td><td class=\"column-4\">12 miest<\/td><td class=\"column-5\"><\/td>\n<\/tr>\n<\/tbody>\n<\/table>\n<!-- #tablepress-10 from cache -->\n<p><span style=\"color: #000000;\">Oferta naszych 3 hoteli jest w stanie w pe\u0142ni zaspokoi\u0107 potrzeby Twojego wydarzenia firmowego w bardzo przyst\u0119pnych cenach.\u00a0<strong><br \/>\n<\/strong><\/span><\/p>\n<p>Nasze profesjonalne us\u0142ugi i bogate do\u015bwiadczenie s\u0105 dok\u0142adnie tym, co u\u0142atwi Ci organizacj\u0119 wydarzenia i zapewni jego sukces.<\/p>\n<p>&nbsp;<\/p>\n<p>&nbsp;<\/p>\n<h2>Du\u017ca sala kongresowa<\/h2>\n<p>Du\u017ca sala kongresowa znajduje si\u0119 na 2. pi\u0119trze, obok Ma\u0142ej sali kongresowej i tarasu.<\/p>\n<ul>\n<li>W pe\u0142ni klimatyzowana i d\u017awi\u0119koszczelna<\/li>\n<li>W sk\u0142ad wyposa\u017cenia wchodzi w pe\u0142ni funkcjonalny bar i kuchnia<\/li>\n<li>Ekran projekcyjny 350 x 197 cm, projektor, flipchart<\/li>\n<li>Nag\u0142o\u015bnienie z mo\u017cliwo\u015bci\u0105 u\u017cycia kilku bezprzewodowych mikrofon\u00f3w<\/li>\n<li>Mo\u017cliwo\u015b\u0107 pod\u0142\u0105czenia d\u017awi\u0119ku zewn\u0119trznego do systemu<\/li>\n<li>Elektroniczny system zaciemnienia<\/li>\n<\/ul>\n<h4>Pojemno\u015b\u0107 du\u017cej sali kongresowej<\/h4>\n<ul>\n<li>200 miejsc (uk\u0142ad kinowy)<\/li>\n<li>150 miejsc (uk\u0142ad szkolny)<\/li>\n<\/ul>\n<p><img decoding=\"async\" class=\"alignnone wp-image-3602 size-full\" src=\"https:\/\/www.cityhotelpark.sk\/wp-content\/uploads\/2026\/02\/blog-komprimacia.png\" alt=\"\" width=\"2048\" height=\"1365\" srcset=\"https:\/\/www.cityhotelpark.sk\/wp-content\/uploads\/2026\/02\/blog-komprimacia.png 2048w, https:\/\/www.cityhotelpark.sk\/wp-content\/uploads\/2026\/02\/blog-komprimacia-1024x683.png 1024w, https:\/\/www.cityhotelpark.sk\/wp-content\/uploads\/2026\/02\/blog-komprimacia-768x512.png 768w, https:\/\/www.cityhotelpark.sk\/wp-content\/uploads\/2026\/02\/blog-komprimacia-1536x1024.png 1536w\" sizes=\"(max-width: 2048px) 100vw, 2048px\" \/><\/p>\n<h2><\/h2>\n<h2>Ma\u0142a sala kongresowa<\/h2>\n<p>Ma\u0142a sala kongresowa znajduje si\u0119 na 2. pi\u0119trze, obok tarasu z przyjemnym miejscem do siedzenia.<\/p>\n<ul>\n<li>Ekran projekcyjny 270 x 151 cm, projektor, flipchart<\/li>\n<li>Nag\u0142o\u015bnienie z mo\u017cliwo\u015bci\u0105 u\u017cycia kilku bezprzewodowych mikrofon\u00f3w<\/li>\n<li>Mo\u017cliwo\u015b\u0107 pod\u0142\u0105czenia d\u017awi\u0119ku zewn\u0119trznego do systemu<\/li>\n<li>Elektroniczny system zaciemnienia<\/li>\n<\/ul>\n<h4>Pojemno\u015b\u0107 ma\u0142ej sali kongresowej<\/h4>\n<ul>\n<li>90 miejsc (uk\u0142ad kinowy)<\/li>\n<li>80 miejsc (uk\u0142ad szkolny)<\/li>\n<\/ul>\n<p><img decoding=\"async\" class=\"aligncenter size-full wp-image-772\" src=\"http:\/\/www.cityhotelpark.sk\/wp-content\/uploads\/2018\/11\/hotel-park-kongres-2.jpg\" alt=\"\" width=\"1400\" height=\"846\" srcset=\"https:\/\/www.cityhotelpark.sk\/wp-content\/uploads\/2018\/11\/hotel-park-kongres-2.jpg 1400w, https:\/\/www.cityhotelpark.sk\/wp-content\/uploads\/2018\/11\/hotel-park-kongres-2-768x464.jpg 768w, https:\/\/www.cityhotelpark.sk\/wp-content\/uploads\/2018\/11\/hotel-park-kongres-2-1024x619.jpg 1024w\" sizes=\"(max-width: 1400px) 100vw, 1400px\" \/><\/p>\n<h2>Salon<\/h2>\n<p>Cz\u0119\u015bci\u0105 restauracji jest salon, kt\u00f3ry jest oddzielony \u015bcian\u0105, tworz\u0105c odpowiedni\u0105 przestrze\u0144 na prywatne spotkania, szkolenia czy konferencje.<\/p>\n<ul>\n<li>Ekran projekcyjny 240 x 135 cm, projektor, flipchart<\/li>\n<li>Nag\u0142o\u015bnienie z mo\u017cliwo\u015bci\u0105 u\u017cycia kilku bezprzewodowych mikrofon\u00f3w<\/li>\n<li>Mo\u017cliwo\u015b\u0107 pod\u0142\u0105czenia d\u017awi\u0119ku zewn\u0119trznego do systemu<\/li>\n<li>Elektroniczny system zaciemnienia<\/li>\n<\/ul>\n<h4>Pojemno\u015b\u0107 salonu<\/h4>\n<ul>\n<li>60 miejsc (uk\u0142ad kinowy)<\/li>\n<li>40 miejsc (uk\u0142ad szkolny)<\/li>\n<\/ul>\n<p><img decoding=\"async\" class=\"aligncenter size-full wp-image-774\" src=\"http:\/\/www.cityhotelpark.sk\/wp-content\/uploads\/2018\/11\/hotel-park-kongres-4.jpg\" alt=\"\" width=\"1400\" height=\"877\" srcset=\"https:\/\/www.cityhotelpark.sk\/wp-content\/uploads\/2018\/11\/hotel-park-kongres-4.jpg 1400w, https:\/\/www.cityhotelpark.sk\/wp-content\/uploads\/2018\/11\/hotel-park-kongres-4-768x481.jpg 768w, https:\/\/www.cityhotelpark.sk\/wp-content\/uploads\/2018\/11\/hotel-park-kongres-4-1024x641.jpg 1024w\" sizes=\"(max-width: 1400px) 100vw, 1400px\" \/><\/p>\n<h2><strong>Niebieski Salonik<\/strong><\/h2>\n<p>Przestrze\u0144 na pierwszym pi\u0119trze, odpowiednia do organizacji mniejszych szkole\u0144, uroczystych obiad\u00f3w, kolacji oraz przyj\u0119\u0107.<\/p>\n<ul>\n<li>Flipchart<\/li>\n<\/ul>\n<h4><strong>Pojemno\u015b\u0107 saloniku<\/strong><\/h4>\n<ul>\n<li>35 miejsc (uk\u0142ad kinowy)<\/li>\n<li>24 miejsca (uk\u0142ad szkolny)<\/li>\n<\/ul>\n<p><img decoding=\"async\" class=\"alignnone wp-image-2036 size-full\" src=\"http:\/\/www.cityhotelpark.sk\/wp-content\/uploads\/2022\/01\/hotel-park_009-scaled.jpg\" alt=\"\" width=\"2560\" height=\"1705\" srcset=\"https:\/\/www.cityhotelpark.sk\/wp-content\/uploads\/2022\/01\/hotel-park_009-scaled.jpg 2560w, https:\/\/www.cityhotelpark.sk\/wp-content\/uploads\/2022\/01\/hotel-park_009-1024x682.jpg 1024w, https:\/\/www.cityhotelpark.sk\/wp-content\/uploads\/2022\/01\/hotel-park_009-768x512.jpg 768w, https:\/\/www.cityhotelpark.sk\/wp-content\/uploads\/2022\/01\/hotel-park_009-1536x1023.jpg 1536w, https:\/\/www.cityhotelpark.sk\/wp-content\/uploads\/2022\/01\/hotel-park_009-2048x1364.jpg 2048w\" sizes=\"(max-width: 2560px) 100vw, 2560px\" \/><\/p>\n<h2><strong>VIP Salonik<\/strong><\/h2>\n<p>Znajduje si\u0119 przy recepcji i jest idealny do spotka\u0144 biznesowych lub narad.<\/p>\n<ul>\n<li>Mo\u017cliwo\u015b\u0107 telekonferencji i wideokonferencji<\/li>\n<li>Monitor prezentacyjny 55&#8221;<\/li>\n<li>Pod\u0142\u0105czenie HDMI lub WIDI<\/li>\n<li>Flipchart<\/li>\n<li>Du\u017cy st\u00f3\u0142 konferencyjny<\/li>\n<\/ul>\n<h4><strong>Pojemno\u015b\u0107 VIP saloniku<\/strong><\/h4>\n<ul>\n<li>10-12 miejsc<\/li>\n<\/ul>\n<p><img decoding=\"async\" class=\"alignnone wp-image-3648 size-full\" src=\"https:\/\/www.cityhotelpark.sk\/wp-content\/uploads\/2026\/02\/vip-salonik.jpg\" alt=\"VIP sal\u00f3nik\" width=\"1600\" height=\"1067\" srcset=\"https:\/\/www.cityhotelpark.sk\/wp-content\/uploads\/2026\/02\/vip-salonik.jpg 1600w, https:\/\/www.cityhotelpark.sk\/wp-content\/uploads\/2026\/02\/vip-salonik-1024x683.jpg 1024w, https:\/\/www.cityhotelpark.sk\/wp-content\/uploads\/2026\/02\/vip-salonik-768x512.jpg 768w, https:\/\/www.cityhotelpark.sk\/wp-content\/uploads\/2026\/02\/vip-salonik-1536x1024.jpg 1536w\" sizes=\"(max-width: 1600px) 100vw, 1600px\" \/><\/p>\n<h2><strong style=\"color: initial; font-size: revert;\">Bordov\u00fd Salonik<\/strong><\/h2>\n<div class=\"group\/conversation-turn relative flex w-full min-w-0 flex-col agent-turn\">\n<div class=\"flex-col gap-1 md:gap-3\">\n<div class=\"flex max-w-full flex-col flex-grow\">\n<div class=\"min-h-8 text-message flex w-full flex-col items-end gap-2 whitespace-normal break-words [.text-message+&amp;]:mt-5\" dir=\"auto\" data-message-author-role=\"assistant\" data-message-id=\"101f4e4a-2a01-4451-8c44-ea8c998fb799\" data-message-model-slug=\"gpt-4o-mini\">\n<div class=\"flex w-full flex-col gap-1 empty:hidden first:pt-[3px]\">\n<div class=\"markdown prose w-full break-words dark:prose-invert dark\">\n<p>Kongresowy przestrze\u0144 na pierwszym pi\u0119trze. Dzi\u0119ki swojej pojemno\u015bci jest idealny na szkolenia, imprezy oraz spotkania z mniejsz\u0105 liczb\u0105 uczestnik\u00f3w.<\/p>\n<ul>\n<li>Flipchart<\/li>\n<\/ul>\n<h4><strong>Pojemno\u015b\u0107 Bordov\u00e9ho saloniku<\/strong><\/h4>\n<ul>\n<li>35 miejsc (kino siedzenie)<\/li>\n<li>24 miejsca (szkolne siedzenie)<\/li>\n<\/ul>\n<\/div>\n<\/div>\n<\/div>\n<\/div>\n<\/div>\n<\/div>\n<p>&nbsp;<\/p>\n<p><img decoding=\"async\" class=\"alignnone size-full wp-image-2039\" src=\"http:\/\/www.cityhotelpark.sk\/wp-content\/uploads\/2022\/01\/hotel-park_014-scaled.jpg\" alt=\"\" width=\"2560\" height=\"1800\" srcset=\"https:\/\/www.cityhotelpark.sk\/wp-content\/uploads\/2022\/01\/hotel-park_014-scaled.jpg 2560w, https:\/\/www.cityhotelpark.sk\/wp-content\/uploads\/2022\/01\/hotel-park_014-1024x720.jpg 1024w, https:\/\/www.cityhotelpark.sk\/wp-content\/uploads\/2022\/01\/hotel-park_014-768x540.jpg 768w, https:\/\/www.cityhotelpark.sk\/wp-content\/uploads\/2022\/01\/hotel-park_014-1536x1080.jpg 1536w, https:\/\/www.cityhotelpark.sk\/wp-content\/uploads\/2022\/01\/hotel-park_014-2048x1440.jpg 2048w\" sizes=\"(max-width: 2560px) 100vw, 2560px\" \/><\/p>\n<h2><\/h2>\n<h2 style=\"text-align: center;\">Skontaktuj si\u0119 z nami<\/h2>\n<p style=\"text-align: center;\">\n<div class=\"wpcf7 no-js\" id=\"wpcf7-f3342-o1\" lang=\"sk-SK\" dir=\"ltr\" data-wpcf7-id=\"3342\">\n<div class=\"screen-reader-response\"><p role=\"status\" aria-live=\"polite\" aria-atomic=\"true\"><\/p> <ul><\/ul><\/div>\n<form action=\"\/pl\/wp-json\/wp\/v2\/pages\/24#wpcf7-f3342-o1\" method=\"post\" class=\"wpcf7-form init\" aria-label=\"Kontaktn\u00fd formul\u00e1r\" novalidate=\"novalidate\" data-status=\"init\">\n<fieldset class=\"hidden-fields-container\"><input type=\"hidden\" name=\"_wpcf7\" value=\"3342\" \/><input type=\"hidden\" name=\"_wpcf7_version\" value=\"6.1.5\" \/><input type=\"hidden\" name=\"_wpcf7_locale\" value=\"sk_SK\" \/><input type=\"hidden\" name=\"_wpcf7_unit_tag\" value=\"wpcf7-f3342-o1\" \/><input type=\"hidden\" name=\"_wpcf7_container_post\" value=\"0\" \/><input type=\"hidden\" name=\"_wpcf7_posted_data_hash\" value=\"\" \/>\n<\/fieldset>\n<div class=\"events__form\">\n\t<div>\n\t\t<p><span class=\"wpcf7-form-control-wrap\" data-name=\"email\"><input size=\"40\" maxlength=\"400\" class=\"wpcf7-form-control wpcf7-email wpcf7-validates-as-required wpcf7-text wpcf7-validates-as-email form-control\" aria-required=\"true\" aria-invalid=\"false\" placeholder=\"Email\" value=\"\" type=\"email\" name=\"email\" \/><\/span>\n\t\t<\/p>\n\t<\/div>\n\t<div>\n\t\t<p><span class=\"wpcf7-form-control-wrap\" data-name=\"full-name\"><input size=\"40\" maxlength=\"400\" class=\"wpcf7-form-control wpcf7-text wpcf7-validates-as-required form-control\" aria-required=\"true\" aria-invalid=\"false\" placeholder=\"Pe\u0142ne imi\u0119 i nazwisko\" value=\"\" type=\"text\" name=\"full-name\" \/><\/span>\n\t\t<\/p>\n\t<\/div>\n\t<div class=\"mt-3 mb-3\">\n\t\t<p><label>Rodzaj wydarzenia (prosz\u0119 wybra\u0107 co najmniej jedn\u0105 opcj\u0119):<\/label>\n\t\t<\/p>\n\t\t<p><span class=\"wpcf7-form-control-wrap\" data-name=\"event-type\"><span class=\"wpcf7-form-control wpcf7-checkbox wpcf7-validates-as-required form-check-inline\"><span class=\"wpcf7-list-item first\"><label><input type=\"checkbox\" name=\"event-type[]\" value=\"Konferencja\" \/><span class=\"wpcf7-list-item-label\">Konferencja<\/span><\/label><\/span><span class=\"wpcf7-list-item\"><label><input type=\"checkbox\" name=\"event-type[]\" value=\"Teambuilding\" \/><span class=\"wpcf7-list-item-label\">Teambuilding<\/span><\/label><\/span><span class=\"wpcf7-list-item\"><label><input type=\"checkbox\" name=\"event-type[]\" value=\"\u015alub\" \/><span class=\"wpcf7-list-item-label\">\u015alub<\/span><\/label><\/span><span class=\"wpcf7-list-item last\"><label><input type=\"checkbox\" name=\"event-type[]\" value=\"Uroczysto\u015b\u0107\" \/><span class=\"wpcf7-list-item-label\">Uroczysto\u015b\u0107<\/span><\/label><\/span><\/span><\/span>\n\t\t<\/p>\n\t<\/div>\n<\/div>\n<p><span class=\"wpcf7-form-control-wrap\" data-name=\"note\"><textarea cols=\"40\" rows=\"10\" maxlength=\"2000\" class=\"wpcf7-form-control wpcf7-textarea form-control\" aria-invalid=\"false\" placeholder=\"Opisz swoje potrzeby dotycz\u0105ce wydarzenia (liczba go\u015bci, data, preferencje \u017cywieniowe...)\" name=\"note\"><\/textarea><\/span>\n<\/p>\n<div class=\"pobyt_options\">\n<\/div>\n<input class=\"wpcf7-form-control wpcf7-hidden\" value=\"\" type=\"hidden\" name=\"hotel_check\" \/>\n<p><input class=\"wpcf7-form-control wpcf7-submit has-spinner btn\" type=\"submit\" value=\"Wy\u015blij\" \/>\n<\/p><div class=\"wpcf7-response-output\" aria-hidden=\"true\"><\/div>\n<\/form>\n<\/div>\n<\/p>\n<p>&nbsp;<\/p>\n","protected":false},"excerpt":{"rendered":"<p>Dzi\u0119ki wspania\u0142ej r\u00f3\u017cnorodno\u015bci przestrzeni, nowoczesnemu wyposa\u017ceniu i wysokiej pojemno\u015bci noclegowej, Hotel PARK jest idealnym miejscem do organizacji r\u00f3\u017cnych wydarze\u0144 &#8211; konferencji, wesel, uroczysto\u015bci i teambuilding\u00f3w. &nbsp; Oferta naszych 3 hoteli jest w stanie w pe\u0142ni zaspokoi\u0107 potrzeby Twojego wydarzenia firmowego w bardzo przyst\u0119pnych cenach.\u00a0 Nasze profesjonalne us\u0142ugi i bogate do\u015bwiadczenie s\u0105 dok\u0142adnie tym, co u\u0142atwi [&hellip;]<\/p>\n","protected":false},"author":4,"featured_media":0,"parent":0,"menu_order":32,"comment_status":"closed","ping_status":"closed","template":"","meta":{"footnotes":""},"class_list":["post-24","page","type-page","status-publish","hentry"],"yoast_head":"<!-- This site is optimized with the Yoast SEO plugin v27.3 - https:\/\/yoast.com\/product\/yoast-seo-wordpress\/ -->\n<title>(Sloven\u010dina) Eventy | Hotel Park Doln\u00fd Kub\u00edn****<\/title>\n<meta name=\"robots\" content=\"index, follow, max-snippet:-1, max-image-preview:large, max-video-preview:-1\" \/>\n<link rel=\"canonical\" href=\"https:\/\/www.cityhotelpark.sk\/eventy\/\" \/>\n<meta property=\"og:locale\" content=\"pl_PL\" \/>\n<meta property=\"og:type\" content=\"article\" \/>\n<meta property=\"og:title\" content=\"[:sk]Eventy | Hotel Park Doln\u00fd Kub\u00edn****[:en]Events | Hotel Park****[:]\" \/>\n<meta property=\"og:description\" content=\"Dzi\u0119ki wspania\u0142ej r\u00f3\u017cnorodno\u015bci przestrzeni, nowoczesnemu wyposa\u017ceniu i wysokiej pojemno\u015bci noclegowej, Hotel PARK jest idealnym miejscem do organizacji r\u00f3\u017cnych wydarze\u0144 &#8211; konferencji, wesel, uroczysto\u015bci i teambuilding\u00f3w. &nbsp; Oferta naszych 3 hoteli jest w stanie w pe\u0142ni zaspokoi\u0107 potrzeby Twojego wydarzenia firmowego w bardzo przyst\u0119pnych cenach.\u00a0 Nasze profesjonalne us\u0142ugi i bogate do\u015bwiadczenie s\u0105 dok\u0142adnie tym, co u\u0142atwi [&hellip;]\" \/>\n<meta property=\"og:url\" content=\"https:\/\/www.cityhotelpark.sk\/eventy\/\" \/>\n<meta property=\"og:site_name\" content=\"Hotel Park\" \/>\n<meta property=\"article:publisher\" content=\"https:\/\/www.facebook.com\/hotel.park.dk\/\" \/>\n<meta property=\"article:modified_time\" content=\"2026-02-20T09:55:10+00:00\" \/>\n<meta property=\"og:image\" content=\"https:\/\/www.cityhotelpark.sk\/wp-content\/uploads\/2024\/07\/Kontaktujte-nas-2.png\" \/>\n\t<meta property=\"og:image:width\" content=\"350\" \/>\n\t<meta property=\"og:image:height\" content=\"75\" \/>\n\t<meta property=\"og:image:type\" content=\"image\/png\" \/>\n<meta name=\"twitter:card\" content=\"summary_large_image\" \/>\n<meta name=\"twitter:label1\" content=\"Szacowany czas czytania\" \/>\n\t<meta name=\"twitter:data1\" content=\"4 minuty\" \/>\n<script type=\"application\/ld+json\" class=\"yoast-schema-graph\">{\"@context\":\"https:\\\/\\\/schema.org\",\"@graph\":[{\"@type\":\"WebPage\",\"@id\":\"https:\\\/\\\/www.cityhotelpark.sk\\\/eventy\\\/\",\"url\":\"https:\\\/\\\/www.cityhotelpark.sk\\\/eventy\\\/\",\"name\":\"[:sk]Eventy | Hotel Park Doln\u00fd Kub\u00edn****[:en]Events | Hotel Park****[:]\",\"isPartOf\":{\"@id\":\"https:\\\/\\\/www.cityhotelpark.sk\\\/#website\"},\"primaryImageOfPage\":{\"@id\":\"https:\\\/\\\/www.cityhotelpark.sk\\\/eventy\\\/#primaryimage\"},\"image\":{\"@id\":\"https:\\\/\\\/www.cityhotelpark.sk\\\/eventy\\\/#primaryimage\"},\"thumbnailUrl\":\"https:\\\/\\\/www.cityhotelpark.sk\\\/wp-content\\\/uploads\\\/2026\\\/02\\\/blog-komprimacia.png\",\"datePublished\":\"2018-09-24T19:49:25+00:00\",\"dateModified\":\"2026-02-20T09:55:10+00:00\",\"breadcrumb\":{\"@id\":\"https:\\\/\\\/www.cityhotelpark.sk\\\/eventy\\\/#breadcrumb\"},\"inLanguage\":\"pl-PL\",\"potentialAction\":[{\"@type\":\"ReadAction\",\"target\":[\"https:\\\/\\\/www.cityhotelpark.sk\\\/eventy\\\/\"]}]},{\"@type\":\"ImageObject\",\"inLanguage\":\"pl-PL\",\"@id\":\"https:\\\/\\\/www.cityhotelpark.sk\\\/eventy\\\/#primaryimage\",\"url\":\"https:\\\/\\\/www.cityhotelpark.sk\\\/wp-content\\\/uploads\\\/2026\\\/02\\\/blog-komprimacia.png\",\"contentUrl\":\"https:\\\/\\\/www.cityhotelpark.sk\\\/wp-content\\\/uploads\\\/2026\\\/02\\\/blog-komprimacia.png\"},{\"@type\":\"BreadcrumbList\",\"@id\":\"https:\\\/\\\/www.cityhotelpark.sk\\\/eventy\\\/#breadcrumb\",\"itemListElement\":[{\"@type\":\"ListItem\",\"position\":1,\"name\":\"Home\",\"item\":\"https:\\\/\\\/www.cityhotelpark.sk\\\/\"},{\"@type\":\"ListItem\",\"position\":2,\"name\":\"Eventy\"}]},{\"@type\":\"WebSite\",\"@id\":\"https:\\\/\\\/www.cityhotelpark.sk\\\/#website\",\"url\":\"https:\\\/\\\/www.cityhotelpark.sk\\\/\",\"name\":\"Hotel Park\",\"description\":\"\",\"publisher\":{\"@id\":\"https:\\\/\\\/www.cityhotelpark.sk\\\/#organization\"},\"potentialAction\":[{\"@type\":\"SearchAction\",\"target\":{\"@type\":\"EntryPoint\",\"urlTemplate\":\"https:\\\/\\\/www.cityhotelpark.sk\\\/?s={search_term_string}\"},\"query-input\":{\"@type\":\"PropertyValueSpecification\",\"valueRequired\":true,\"valueName\":\"search_term_string\"}}],\"inLanguage\":\"pl-PL\"},{\"@type\":\"Organization\",\"@id\":\"https:\\\/\\\/www.cityhotelpark.sk\\\/#organization\",\"name\":\"Hotel Park\",\"url\":\"https:\\\/\\\/www.cityhotelpark.sk\\\/\",\"logo\":{\"@type\":\"ImageObject\",\"inLanguage\":\"pl-PL\",\"@id\":\"https:\\\/\\\/www.cityhotelpark.sk\\\/#\\\/schema\\\/logo\\\/image\\\/\",\"url\":\"https:\\\/\\\/www.cityhotelpark.sk\\\/wp-content\\\/uploads\\\/2018\\\/10\\\/hotel-park.png\",\"contentUrl\":\"https:\\\/\\\/www.cityhotelpark.sk\\\/wp-content\\\/uploads\\\/2018\\\/10\\\/hotel-park.png\",\"width\":152,\"height\":152,\"caption\":\"Hotel Park\"},\"image\":{\"@id\":\"https:\\\/\\\/www.cityhotelpark.sk\\\/#\\\/schema\\\/logo\\\/image\\\/\"},\"sameAs\":[\"https:\\\/\\\/www.facebook.com\\\/hotel.park.dk\\\/\",\"https:\\\/\\\/www.instagram.com\\\/hotelparkdolnykubin\\\/?hl=sk\"]}]}<\/script>\n<!-- \/ Yoast SEO plugin. -->","yoast_head_json":{"title":"(Sloven\u010dina) Eventy | Hotel Park Doln\u00fd Kub\u00edn****","robots":{"index":"index","follow":"follow","max-snippet":"max-snippet:-1","max-image-preview":"max-image-preview:large","max-video-preview":"max-video-preview:-1"},"canonical":"https:\/\/www.cityhotelpark.sk\/eventy\/","og_locale":"pl_PL","og_type":"article","og_title":"[:sk]Eventy | Hotel Park Doln\u00fd Kub\u00edn****[:en]Events | Hotel Park****[:]","og_description":"Dzi\u0119ki wspania\u0142ej r\u00f3\u017cnorodno\u015bci przestrzeni, nowoczesnemu wyposa\u017ceniu i wysokiej pojemno\u015bci noclegowej, Hotel PARK jest idealnym miejscem do organizacji r\u00f3\u017cnych wydarze\u0144 &#8211; konferencji, wesel, uroczysto\u015bci i teambuilding\u00f3w. &nbsp; Oferta naszych 3 hoteli jest w stanie w pe\u0142ni zaspokoi\u0107 potrzeby Twojego wydarzenia firmowego w bardzo przyst\u0119pnych cenach.\u00a0 Nasze profesjonalne us\u0142ugi i bogate do\u015bwiadczenie s\u0105 dok\u0142adnie tym, co u\u0142atwi [&hellip;]","og_url":"https:\/\/www.cityhotelpark.sk\/eventy\/","og_site_name":"Hotel Park","article_publisher":"https:\/\/www.facebook.com\/hotel.park.dk\/","article_modified_time":"2026-02-20T09:55:10+00:00","og_image":[{"width":350,"height":75,"url":"https:\/\/www.cityhotelpark.sk\/wp-content\/uploads\/2024\/07\/Kontaktujte-nas-2.png","type":"image\/png"}],"twitter_card":"summary_large_image","twitter_misc":{"Szacowany czas czytania":"4 minuty"},"schema":{"@context":"https:\/\/schema.org","@graph":[{"@type":"WebPage","@id":"https:\/\/www.cityhotelpark.sk\/eventy\/","url":"https:\/\/www.cityhotelpark.sk\/eventy\/","name":"[:sk]Eventy | Hotel Park Doln\u00fd Kub\u00edn****[:en]Events | Hotel Park****[:]","isPartOf":{"@id":"https:\/\/www.cityhotelpark.sk\/#website"},"primaryImageOfPage":{"@id":"https:\/\/www.cityhotelpark.sk\/eventy\/#primaryimage"},"image":{"@id":"https:\/\/www.cityhotelpark.sk\/eventy\/#primaryimage"},"thumbnailUrl":"https:\/\/www.cityhotelpark.sk\/wp-content\/uploads\/2026\/02\/blog-komprimacia.png","datePublished":"2018-09-24T19:49:25+00:00","dateModified":"2026-02-20T09:55:10+00:00","breadcrumb":{"@id":"https:\/\/www.cityhotelpark.sk\/eventy\/#breadcrumb"},"inLanguage":"pl-PL","potentialAction":[{"@type":"ReadAction","target":["https:\/\/www.cityhotelpark.sk\/eventy\/"]}]},{"@type":"ImageObject","inLanguage":"pl-PL","@id":"https:\/\/www.cityhotelpark.sk\/eventy\/#primaryimage","url":"https:\/\/www.cityhotelpark.sk\/wp-content\/uploads\/2026\/02\/blog-komprimacia.png","contentUrl":"https:\/\/www.cityhotelpark.sk\/wp-content\/uploads\/2026\/02\/blog-komprimacia.png"},{"@type":"BreadcrumbList","@id":"https:\/\/www.cityhotelpark.sk\/eventy\/#breadcrumb","itemListElement":[{"@type":"ListItem","position":1,"name":"Home","item":"https:\/\/www.cityhotelpark.sk\/"},{"@type":"ListItem","position":2,"name":"Eventy"}]},{"@type":"WebSite","@id":"https:\/\/www.cityhotelpark.sk\/#website","url":"https:\/\/www.cityhotelpark.sk\/","name":"Hotel Park","description":"","publisher":{"@id":"https:\/\/www.cityhotelpark.sk\/#organization"},"potentialAction":[{"@type":"SearchAction","target":{"@type":"EntryPoint","urlTemplate":"https:\/\/www.cityhotelpark.sk\/?s={search_term_string}"},"query-input":{"@type":"PropertyValueSpecification","valueRequired":true,"valueName":"search_term_string"}}],"inLanguage":"pl-PL"},{"@type":"Organization","@id":"https:\/\/www.cityhotelpark.sk\/#organization","name":"Hotel Park","url":"https:\/\/www.cityhotelpark.sk\/","logo":{"@type":"ImageObject","inLanguage":"pl-PL","@id":"https:\/\/www.cityhotelpark.sk\/#\/schema\/logo\/image\/","url":"https:\/\/www.cityhotelpark.sk\/wp-content\/uploads\/2018\/10\/hotel-park.png","contentUrl":"https:\/\/www.cityhotelpark.sk\/wp-content\/uploads\/2018\/10\/hotel-park.png","width":152,"height":152,"caption":"Hotel Park"},"image":{"@id":"https:\/\/www.cityhotelpark.sk\/#\/schema\/logo\/image\/"},"sameAs":["https:\/\/www.facebook.com\/hotel.park.dk\/","https:\/\/www.instagram.com\/hotelparkdolnykubin\/?hl=sk"]}]}},"_links":{"self":[{"href":"https:\/\/www.cityhotelpark.sk\/pl\/wp-json\/wp\/v2\/pages\/24","targetHints":{"allow":["GET"]}}],"collection":[{"href":"https:\/\/www.cityhotelpark.sk\/pl\/wp-json\/wp\/v2\/pages"}],"about":[{"href":"https:\/\/www.cityhotelpark.sk\/pl\/wp-json\/wp\/v2\/types\/page"}],"author":[{"embeddable":true,"href":"https:\/\/www.cityhotelpark.sk\/pl\/wp-json\/wp\/v2\/users\/4"}],"replies":[{"embeddable":true,"href":"https:\/\/www.cityhotelpark.sk\/pl\/wp-json\/wp\/v2\/comments?post=24"}],"version-history":[{"count":0,"href":"https:\/\/www.cityhotelpark.sk\/pl\/wp-json\/wp\/v2\/pages\/24\/revisions"}],"wp:attachment":[{"href":"https:\/\/www.cityhotelpark.sk\/pl\/wp-json\/wp\/v2\/media?parent=24"}],"curies":[{"name":"wp","href":"https:\/\/api.w.org\/{rel}","templated":true}]}}