{"id":2262,"date":"2022-08-03T14:03:01","date_gmt":"2022-08-03T12:03:01","guid":{"rendered":"https:\/\/www.cityhotelpark.sk\/?page_id=2262"},"modified":"2026-02-20T09:31:22","modified_gmt":"2026-02-20T08:31:22","slug":"oslava","status":"publish","type":"page","link":"https:\/\/www.cityhotelpark.sk\/pl\/kongres\/uroczytosc\/","title":{"rendered":"Uroczysto\u015b\u0107"},"content":{"rendered":"<h3 data-start=\"130\" data-end=\"245\">Zbli\u017caj\u0105 si\u0119 Twoje urodziny, planujesz przyj\u0119cie z kolegami z pracy, \u015bwi\u0119tujesz rocznic\u0119 lub organizujesz chrzciny?<\/h3>\r\n<p data-start=\"247\" data-end=\"441\">Okazji do wsp\u00f3lnego spotkania przy dobrym jedzeniu i w gronie najbli\u017cszych nigdy nie brakuje. Hotel PARK**** zadba nie tylko o przygotowanie uroczysto\u015bci, ale r\u00f3wnie\u017c o jej perfekcyjny przebieg.<\/p>\r\n<h3 data-start=\"443\" data-end=\"488\">Od kameralnego przyj\u0119cia po du\u017cy jubileusz<\/h3>\r\n<p data-start=\"490\" data-end=\"643\">Organizujemy uroczysto\u015bci w r\u00f3\u017cnych przestrzeniach, dopasowanych do liczby go\u015bci i rodzaju ustawienia sto\u0142\u00f3w \u2013 z mo\u017cliwo\u015bci\u0105 przyj\u0119cia nawet do 160 os\u00f3b.<\/p>\r\n<ul>\r\n<li data-start=\"647\" data-end=\"754\"><strong data-start=\"647\" data-end=\"671\">Du\u017ca sala kongresowa<\/strong> \u2013 idealna na wi\u0119ksze przyj\u0119cia i jubileusze (do 160 os\u00f3b przy okr\u0105g\u0142ych sto\u0142ach)<\/li>\r\n<li data-start=\"757\" data-end=\"884\"><strong data-start=\"757\" data-end=\"781\">Ma\u0142a sala kongresowa<\/strong> \u2013 odpowiednia na \u015bredniej wielko\u015bci uroczysto\u015bci (do 90 os\u00f3b, przy ustawieniu w liter\u0119 U do 40 os\u00f3b)<\/li>\r\n<li data-start=\"887\" data-end=\"1050\"><strong data-start=\"887\" data-end=\"917\">Sale bankietowe \/ saloniki<\/strong> \u2013 na mniejsze przyj\u0119cia i spotkania rodzinne (przy ustawieniu w liter\u0119 U do 30 os\u00f3b), w przytulnej, bardziej kameralnej atmosferze<\/li>\r\n<\/ul>\r\n<p data-start=\"1052\" data-end=\"1164\">Przestrze\u0144 dostosujemy do Twoich oczekiwa\u0144 pod wzgl\u0119dem ustawienia sto\u0142\u00f3w, dekoracji oraz zaplecza technicznego.<\/p>\r\n<p data-start=\"1052\" data-end=\"1164\"><img decoding=\"async\" class=\"alignnone size-medium wp-image-3618\" src=\"https:\/\/www.cityhotelpark.sk\/wp-content\/uploads\/2026\/02\/90-300x300.png\" alt=\"\" width=\"300\" height=\"300\" srcset=\"https:\/\/www.cityhotelpark.sk\/wp-content\/uploads\/2026\/02\/90-300x300.png 300w, https:\/\/www.cityhotelpark.sk\/wp-content\/uploads\/2026\/02\/90-1024x1024.png 1024w, https:\/\/www.cityhotelpark.sk\/wp-content\/uploads\/2026\/02\/90-150x150.png 150w, https:\/\/www.cityhotelpark.sk\/wp-content\/uploads\/2026\/02\/90-768x768.png 768w, https:\/\/www.cityhotelpark.sk\/wp-content\/uploads\/2026\/02\/90.png 1200w\" sizes=\"(max-width: 300px) 100vw, 300px\" \/> <img decoding=\"async\" class=\"alignnone size-medium wp-image-3614\" src=\"https:\/\/www.cityhotelpark.sk\/wp-content\/uploads\/2026\/02\/88-300x300.png\" alt=\"\" width=\"300\" height=\"300\" srcset=\"https:\/\/www.cityhotelpark.sk\/wp-content\/uploads\/2026\/02\/88-300x300.png 300w, https:\/\/www.cityhotelpark.sk\/wp-content\/uploads\/2026\/02\/88-1024x1024.png 1024w, https:\/\/www.cityhotelpark.sk\/wp-content\/uploads\/2026\/02\/88-150x150.png 150w, https:\/\/www.cityhotelpark.sk\/wp-content\/uploads\/2026\/02\/88-768x768.png 768w, https:\/\/www.cityhotelpark.sk\/wp-content\/uploads\/2026\/02\/88.png 1200w\" sizes=\"(max-width: 300px) 100vw, 300px\" \/> <img decoding=\"async\" class=\"alignnone size-medium wp-image-3619\" src=\"https:\/\/www.cityhotelpark.sk\/wp-content\/uploads\/2026\/02\/93-300x300.png\" alt=\"\" width=\"300\" height=\"300\" srcset=\"https:\/\/www.cityhotelpark.sk\/wp-content\/uploads\/2026\/02\/93-300x300.png 300w, https:\/\/www.cityhotelpark.sk\/wp-content\/uploads\/2026\/02\/93-1024x1024.png 1024w, https:\/\/www.cityhotelpark.sk\/wp-content\/uploads\/2026\/02\/93-150x150.png 150w, https:\/\/www.cityhotelpark.sk\/wp-content\/uploads\/2026\/02\/93-768x768.png 768w, https:\/\/www.cityhotelpark.sk\/wp-content\/uploads\/2026\/02\/93.png 1200w\" sizes=\"(max-width: 300px) 100vw, 300px\" \/><\/p>\r\n<h3 data-start=\"1166\" data-end=\"1187\">Catering i obs\u0142uga<\/h3>\r\n<p data-start=\"1189\" data-end=\"1380\">Zapewniamy kompleksow\u0105 obs\u0142ug\u0119 \u2013 od da\u0144 i napoj\u00f3w po detale, kt\u00f3re buduj\u0105 wyj\u0105tkow\u0105 atmosfer\u0119 wydarzenia. Ch\u0119tnie przygotujemy ofert\u0119 dopasowan\u0105 do charakteru uroczysto\u015bci i Twoich oczekiwa\u0144.<\/p>\r\n<p style=\"text-align: center;\" data-start=\"1382\" data-end=\"1438\"><strong>W celu otrzymania oferty cenowej zapraszamy do kontaktu.<\/strong><\/p>\r\n\r\n<p>&nbsp;<\/p>\r\n\r\n<p><a href=\"mailto:prevadzka@cityhotelpark.sk\"><img decoding=\"async\" class=\"aligncenter size-full wp-image-3263\" src=\"https:\/\/www.cityhotelpark.sk\/wp-content\/uploads\/2025\/02\/Kontaktujte-nas-2.png\" alt=\"\" width=\"350\" height=\"75\" \/><\/a><\/p>\r\n","protected":false},"excerpt":{"rendered":"<p>Zbli\u017caj\u0105 si\u0119 Twoje urodziny, planujesz imprez\u0119 z kolegami, masz rocznic\u0119 lub \u015bwi\u0119tujesz chrzest?<\/p>\n","protected":false},"author":4,"featured_media":0,"parent":24,"menu_order":33,"comment_status":"closed","ping_status":"closed","template":"","meta":{"footnotes":""},"class_list":["post-2262","page","type-page","status-publish","hentry"],"yoast_head":"<!-- This site is optimized with the Yoast SEO plugin v27.3 - https:\/\/yoast.com\/product\/yoast-seo-wordpress\/ -->\n<title>Uroczysto\u015b\u0107 | Hotel Park<\/title>\n<meta name=\"description\" content=\"Urodziny, chrzciny lub jubileusz w Hotelu PARK****. Sale do 160 os\u00f3b, catering i kompleksowa obs\u0142uga dopasowana do potrzeb.\" \/>\n<meta name=\"robots\" content=\"index, follow, max-snippet:-1, max-image-preview:large, max-video-preview:-1\" \/>\n<link rel=\"canonical\" href=\"https:\/\/www.cityhotelpark.sk\/eventy\/oslava\/\" \/>\n<meta property=\"og:locale\" content=\"pl_PL\" \/>\n<meta property=\"og:type\" content=\"article\" \/>\n<meta property=\"og:title\" content=\"Uroczysto\u015b\u0107 | Hotel Park\" \/>\n<meta property=\"og:description\" content=\"{:sk}Oslava naroden\u00edn, krst\u00edn \u010di jubilea v Hoteli PARK****. Priestory a\u017e do 160 os\u00f4b, catering a kompletn\u00fd servis na mieru.{:en}Birthday celebration, christening or jubilee at Hotel PARK****. Venues for up to 160 guests with catering and full tailor-made service. {:pl}Urodziny, chrzciny lub jubileusz w Hotelu PARK****. Sale do 160 os\u00f3b, catering i kompleksowa obs\u0142uga dopasowana do potrzeb.{:}\" \/>\n<meta property=\"og:url\" content=\"https:\/\/www.cityhotelpark.sk\/eventy\/oslava\/\" \/>\n<meta property=\"og:site_name\" content=\"Hotel Park\" \/>\n<meta property=\"article:publisher\" content=\"https:\/\/www.facebook.com\/hotel.park.dk\/\" \/>\n<meta property=\"article:modified_time\" content=\"2026-02-20T08:31:22+00:00\" \/>\n<meta property=\"og:image\" content=\"https:\/\/www.cityhotelpark.sk\/wp-content\/uploads\/2026\/02\/90-1024x1024.png\" \/>\n\t<meta property=\"og:image:width\" content=\"1024\" \/>\n\t<meta property=\"og:image:height\" content=\"1024\" \/>\n\t<meta property=\"og:image:type\" content=\"image\/png\" \/>\n<meta name=\"twitter:card\" content=\"summary_large_image\" \/>\n<meta name=\"twitter:label1\" content=\"Szacowany czas czytania\" \/>\n\t<meta name=\"twitter:data1\" content=\"2 minuty\" \/>\n<script type=\"application\/ld+json\" class=\"yoast-schema-graph\">{\"@context\":\"https:\\\/\\\/schema.org\",\"@graph\":[{\"@type\":\"WebPage\",\"@id\":\"https:\\\/\\\/www.cityhotelpark.sk\\\/eventy\\\/oslava\\\/\",\"url\":\"https:\\\/\\\/www.cityhotelpark.sk\\\/eventy\\\/oslava\\\/\",\"name\":\"Uroczysto\u015b\u0107 | Hotel Park\",\"isPartOf\":{\"@id\":\"https:\\\/\\\/www.cityhotelpark.sk\\\/#website\"},\"primaryImageOfPage\":{\"@id\":\"https:\\\/\\\/www.cityhotelpark.sk\\\/eventy\\\/oslava\\\/#primaryimage\"},\"image\":{\"@id\":\"https:\\\/\\\/www.cityhotelpark.sk\\\/eventy\\\/oslava\\\/#primaryimage\"},\"thumbnailUrl\":\"https:\\\/\\\/www.cityhotelpark.sk\\\/wp-content\\\/uploads\\\/2026\\\/02\\\/90-300x300.png\",\"datePublished\":\"2022-08-03T12:03:01+00:00\",\"dateModified\":\"2026-02-20T08:31:22+00:00\",\"description\":\"{:sk}Oslava naroden\u00edn, krst\u00edn \u010di jubilea v Hoteli PARK****. Priestory a\u017e do 160 os\u00f4b, catering a kompletn\u00fd servis na mieru.{:en}Birthday celebration, christening or jubilee at Hotel PARK****. Venues for up to 160 guests with catering and full tailor-made service. {:pl}Urodziny, chrzciny lub jubileusz w Hotelu PARK****. Sale do 160 os\u00f3b, catering i kompleksowa obs\u0142uga dopasowana do potrzeb.{:}\",\"breadcrumb\":{\"@id\":\"https:\\\/\\\/www.cityhotelpark.sk\\\/eventy\\\/oslava\\\/#breadcrumb\"},\"inLanguage\":\"pl-PL\",\"potentialAction\":[{\"@type\":\"ReadAction\",\"target\":[\"https:\\\/\\\/www.cityhotelpark.sk\\\/eventy\\\/oslava\\\/\"]}]},{\"@type\":\"ImageObject\",\"inLanguage\":\"pl-PL\",\"@id\":\"https:\\\/\\\/www.cityhotelpark.sk\\\/eventy\\\/oslava\\\/#primaryimage\",\"url\":\"https:\\\/\\\/www.cityhotelpark.sk\\\/wp-content\\\/uploads\\\/2026\\\/02\\\/90-300x300.png\",\"contentUrl\":\"https:\\\/\\\/www.cityhotelpark.sk\\\/wp-content\\\/uploads\\\/2026\\\/02\\\/90-300x300.png\"},{\"@type\":\"BreadcrumbList\",\"@id\":\"https:\\\/\\\/www.cityhotelpark.sk\\\/eventy\\\/oslava\\\/#breadcrumb\",\"itemListElement\":[{\"@type\":\"ListItem\",\"position\":1,\"name\":\"Home\",\"item\":\"https:\\\/\\\/www.cityhotelpark.sk\\\/\"},{\"@type\":\"ListItem\",\"position\":2,\"name\":\"Eventy\",\"item\":\"https:\\\/\\\/www.cityhotelpark.sk\\\/eventy\\\/\"},{\"@type\":\"ListItem\",\"position\":3,\"name\":\"Oslava\"}]},{\"@type\":\"WebSite\",\"@id\":\"https:\\\/\\\/www.cityhotelpark.sk\\\/#website\",\"url\":\"https:\\\/\\\/www.cityhotelpark.sk\\\/\",\"name\":\"Hotel Park\",\"description\":\"\",\"publisher\":{\"@id\":\"https:\\\/\\\/www.cityhotelpark.sk\\\/#organization\"},\"potentialAction\":[{\"@type\":\"SearchAction\",\"target\":{\"@type\":\"EntryPoint\",\"urlTemplate\":\"https:\\\/\\\/www.cityhotelpark.sk\\\/?s={search_term_string}\"},\"query-input\":{\"@type\":\"PropertyValueSpecification\",\"valueRequired\":true,\"valueName\":\"search_term_string\"}}],\"inLanguage\":\"pl-PL\"},{\"@type\":\"Organization\",\"@id\":\"https:\\\/\\\/www.cityhotelpark.sk\\\/#organization\",\"name\":\"Hotel Park\",\"url\":\"https:\\\/\\\/www.cityhotelpark.sk\\\/\",\"logo\":{\"@type\":\"ImageObject\",\"inLanguage\":\"pl-PL\",\"@id\":\"https:\\\/\\\/www.cityhotelpark.sk\\\/#\\\/schema\\\/logo\\\/image\\\/\",\"url\":\"https:\\\/\\\/www.cityhotelpark.sk\\\/wp-content\\\/uploads\\\/2018\\\/10\\\/hotel-park.png\",\"contentUrl\":\"https:\\\/\\\/www.cityhotelpark.sk\\\/wp-content\\\/uploads\\\/2018\\\/10\\\/hotel-park.png\",\"width\":152,\"height\":152,\"caption\":\"Hotel Park\"},\"image\":{\"@id\":\"https:\\\/\\\/www.cityhotelpark.sk\\\/#\\\/schema\\\/logo\\\/image\\\/\"},\"sameAs\":[\"https:\\\/\\\/www.facebook.com\\\/hotel.park.dk\\\/\",\"https:\\\/\\\/www.instagram.com\\\/hotelparkdolnykubin\\\/?hl=sk\"]}]}<\/script>\n<!-- \/ Yoast SEO plugin. -->","yoast_head_json":{"title":"Uroczysto\u015b\u0107 | Hotel Park","description":"Urodziny, chrzciny lub jubileusz w Hotelu PARK****. Sale do 160 os\u00f3b, catering i kompleksowa obs\u0142uga dopasowana do potrzeb.","robots":{"index":"index","follow":"follow","max-snippet":"max-snippet:-1","max-image-preview":"max-image-preview:large","max-video-preview":"max-video-preview:-1"},"canonical":"https:\/\/www.cityhotelpark.sk\/eventy\/oslava\/","og_locale":"pl_PL","og_type":"article","og_title":"Uroczysto\u015b\u0107 | Hotel Park","og_description":"{:sk}Oslava naroden\u00edn, krst\u00edn \u010di jubilea v Hoteli PARK****. Priestory a\u017e do 160 os\u00f4b, catering a kompletn\u00fd servis na mieru.{:en}Birthday celebration, christening or jubilee at Hotel PARK****. Venues for up to 160 guests with catering and full tailor-made service. {:pl}Urodziny, chrzciny lub jubileusz w Hotelu PARK****. Sale do 160 os\u00f3b, catering i kompleksowa obs\u0142uga dopasowana do potrzeb.{:}","og_url":"https:\/\/www.cityhotelpark.sk\/eventy\/oslava\/","og_site_name":"Hotel Park","article_publisher":"https:\/\/www.facebook.com\/hotel.park.dk\/","article_modified_time":"2026-02-20T08:31:22+00:00","og_image":[{"width":1024,"height":1024,"url":"https:\/\/www.cityhotelpark.sk\/wp-content\/uploads\/2026\/02\/90-1024x1024.png","type":"image\/png"}],"twitter_card":"summary_large_image","twitter_misc":{"Szacowany czas czytania":"2 minuty"},"schema":{"@context":"https:\/\/schema.org","@graph":[{"@type":"WebPage","@id":"https:\/\/www.cityhotelpark.sk\/eventy\/oslava\/","url":"https:\/\/www.cityhotelpark.sk\/eventy\/oslava\/","name":"Uroczysto\u015b\u0107 | Hotel Park","isPartOf":{"@id":"https:\/\/www.cityhotelpark.sk\/#website"},"primaryImageOfPage":{"@id":"https:\/\/www.cityhotelpark.sk\/eventy\/oslava\/#primaryimage"},"image":{"@id":"https:\/\/www.cityhotelpark.sk\/eventy\/oslava\/#primaryimage"},"thumbnailUrl":"https:\/\/www.cityhotelpark.sk\/wp-content\/uploads\/2026\/02\/90-300x300.png","datePublished":"2022-08-03T12:03:01+00:00","dateModified":"2026-02-20T08:31:22+00:00","description":"{:sk}Oslava naroden\u00edn, krst\u00edn \u010di jubilea v Hoteli PARK****. Priestory a\u017e do 160 os\u00f4b, catering a kompletn\u00fd servis na mieru.{:en}Birthday celebration, christening or jubilee at Hotel PARK****. Venues for up to 160 guests with catering and full tailor-made service. {:pl}Urodziny, chrzciny lub jubileusz w Hotelu PARK****. Sale do 160 os\u00f3b, catering i kompleksowa obs\u0142uga dopasowana do potrzeb.{:}","breadcrumb":{"@id":"https:\/\/www.cityhotelpark.sk\/eventy\/oslava\/#breadcrumb"},"inLanguage":"pl-PL","potentialAction":[{"@type":"ReadAction","target":["https:\/\/www.cityhotelpark.sk\/eventy\/oslava\/"]}]},{"@type":"ImageObject","inLanguage":"pl-PL","@id":"https:\/\/www.cityhotelpark.sk\/eventy\/oslava\/#primaryimage","url":"https:\/\/www.cityhotelpark.sk\/wp-content\/uploads\/2026\/02\/90-300x300.png","contentUrl":"https:\/\/www.cityhotelpark.sk\/wp-content\/uploads\/2026\/02\/90-300x300.png"},{"@type":"BreadcrumbList","@id":"https:\/\/www.cityhotelpark.sk\/eventy\/oslava\/#breadcrumb","itemListElement":[{"@type":"ListItem","position":1,"name":"Home","item":"https:\/\/www.cityhotelpark.sk\/"},{"@type":"ListItem","position":2,"name":"Eventy","item":"https:\/\/www.cityhotelpark.sk\/eventy\/"},{"@type":"ListItem","position":3,"name":"Oslava"}]},{"@type":"WebSite","@id":"https:\/\/www.cityhotelpark.sk\/#website","url":"https:\/\/www.cityhotelpark.sk\/","name":"Hotel Park","description":"","publisher":{"@id":"https:\/\/www.cityhotelpark.sk\/#organization"},"potentialAction":[{"@type":"SearchAction","target":{"@type":"EntryPoint","urlTemplate":"https:\/\/www.cityhotelpark.sk\/?s={search_term_string}"},"query-input":{"@type":"PropertyValueSpecification","valueRequired":true,"valueName":"search_term_string"}}],"inLanguage":"pl-PL"},{"@type":"Organization","@id":"https:\/\/www.cityhotelpark.sk\/#organization","name":"Hotel Park","url":"https:\/\/www.cityhotelpark.sk\/","logo":{"@type":"ImageObject","inLanguage":"pl-PL","@id":"https:\/\/www.cityhotelpark.sk\/#\/schema\/logo\/image\/","url":"https:\/\/www.cityhotelpark.sk\/wp-content\/uploads\/2018\/10\/hotel-park.png","contentUrl":"https:\/\/www.cityhotelpark.sk\/wp-content\/uploads\/2018\/10\/hotel-park.png","width":152,"height":152,"caption":"Hotel Park"},"image":{"@id":"https:\/\/www.cityhotelpark.sk\/#\/schema\/logo\/image\/"},"sameAs":["https:\/\/www.facebook.com\/hotel.park.dk\/","https:\/\/www.instagram.com\/hotelparkdolnykubin\/?hl=sk"]}]}},"_links":{"self":[{"href":"https:\/\/www.cityhotelpark.sk\/pl\/wp-json\/wp\/v2\/pages\/2262","targetHints":{"allow":["GET"]}}],"collection":[{"href":"https:\/\/www.cityhotelpark.sk\/pl\/wp-json\/wp\/v2\/pages"}],"about":[{"href":"https:\/\/www.cityhotelpark.sk\/pl\/wp-json\/wp\/v2\/types\/page"}],"author":[{"embeddable":true,"href":"https:\/\/www.cityhotelpark.sk\/pl\/wp-json\/wp\/v2\/users\/4"}],"replies":[{"embeddable":true,"href":"https:\/\/www.cityhotelpark.sk\/pl\/wp-json\/wp\/v2\/comments?post=2262"}],"version-history":[{"count":0,"href":"https:\/\/www.cityhotelpark.sk\/pl\/wp-json\/wp\/v2\/pages\/2262\/revisions"}],"up":[{"embeddable":true,"href":"https:\/\/www.cityhotelpark.sk\/pl\/wp-json\/wp\/v2\/pages\/24"}],"wp:attachment":[{"href":"https:\/\/www.cityhotelpark.sk\/pl\/wp-json\/wp\/v2\/media?parent=2262"}],"curies":[{"name":"wp","href":"https:\/\/api.w.org\/{rel}","templated":true}]}}