{"id":21,"date":"2018-09-24T21:49:20","date_gmt":"2018-09-24T19:49:20","guid":{"rendered":"http:\/\/www.cityhotelpark.sk\/?page_id=21"},"modified":"2026-04-15T11:15:06","modified_gmt":"2026-04-15T09:15:06","slug":"wellness","status":"publish","type":"page","link":"https:\/\/www.cityhotelpark.sk\/pl\/wellness\/","title":{"rendered":"Wellness"},"content":{"rendered":"<h3 data-start=\"994\" data-end=\"1028\"><strong data-start=\"994\" data-end=\"1026\">Basen i Wanna z Hydromasa\u017cem<\/strong><\/h3>\n<p data-start=\"1104\" data-end=\"1408\">Je\u015bli uwielbiasz b\u0105belki nie tylko w kieliszku, zapraszamy do relaksu w hotelowym jacuzzi przeznaczonym dla 6 os\u00f3b. Dla tych, kt\u00f3rzy wol\u0105 p\u0142ywa\u0107, oferujemy dost\u0119p do hotelowego basenu o wymiarach 6 x 10 m. Aby urozmaici\u0107 k\u0105piel, basen wyposa\u017cony jest w hydromasa\u017c, gejzer powietrzny oraz kaskad\u0119 wodn\u0105.<\/p>\n<h3 data-start=\"1410\" data-end=\"1426\"><strong data-start=\"1410\" data-end=\"1424\">\u015awiat Saun<\/strong><\/h3>\n<p data-start=\"1428\" data-end=\"1493\">Zrelaksuj si\u0119 w przestronnym \u015bwiecie saun, w kt\u00f3rym znajdziesz:<\/p>\n<ul data-start=\"1495\" data-end=\"1658\">\n<li data-start=\"1495\" data-end=\"1523\">Sauna parowa aromatyczna<\/li>\n<li data-start=\"1524\" data-end=\"1540\">Sauna fi\u0144ska<\/li>\n<li data-start=\"1541\" data-end=\"1560\">Sauna infra-bio<\/li>\n<li data-start=\"1561\" data-end=\"1581\">Tepidarium solne<\/li>\n<li data-start=\"1582\" data-end=\"1600\">K\u0105piel Kneippa<\/li>\n<li data-start=\"1601\" data-end=\"1621\">Prysznice wra\u017ce\u0144<\/li>\n<li data-start=\"1622\" data-end=\"1643\">2 gabinety masa\u017cu<\/li>\n<li data-start=\"1644\" data-end=\"1658\">Tepidarium<\/li>\n<\/ul>\n<h4 data-start=\"1660\" data-end=\"1672\"><strong data-start=\"1660\" data-end=\"1670\">Masa\u017ce<\/strong><\/h4>\n<p data-start=\"1674\" data-end=\"1841\">Zrelaksuj si\u0119 pod r\u0119kami do\u015bwiadczonych masa\u017cyst\u00f3w. Masa\u017ce i zabiegi na cia\u0142o to doskona\u0142y spos\u00f3b na odpr\u0119\u017cenie cia\u0142a i umys\u0142u, a tak\u017ce popraw\u0119 zdrowia i odporno\u015bci.<\/p>\n<h4 data-start=\"1843\" data-end=\"1865\"><strong data-start=\"1843\" data-end=\"1863\">Godziny Otwarcia<\/strong><\/h4>\n<p>Basen<\/p>\n\n<table id=\"tablepress-19\" class=\"tablepress tablepress-id-19\">\n<tbody class=\"row-striping row-hover\">\n<tr class=\"row-1\">\n\t<td class=\"column-1\">Opening hours are valid from 17.3.2022<br \/>\n<br \/>\nMonday - Sunday<br \/>\n15:00 - 21:00<\/td><td class=\"column-2\"><\/td>\n<\/tr>\n<\/tbody>\n<\/table>\n<!-- #tablepress-19 from cache -->\n<h4>\u015awiat Saun<\/h4>\n\n<table id=\"tablepress-21\" class=\"tablepress tablepress-id-21\">\n<tbody class=\"row-striping row-hover\">\n<tr class=\"row-1\">\n\t<td class=\"column-1\">Opening hours are valid from 19.01.2022<br \/>\n<br \/>\nMonday - Sunday<br \/>\n15:00 - 21:00<\/td><td class=\"column-2\"><\/td>\n<\/tr>\n<tr class=\"row-2\">\n\t<td class=\"column-1\"><\/td><td class=\"column-2\"><\/td>\n<\/tr>\n<\/tbody>\n<\/table>\n<!-- #tablepress-21 from cache -->\n<h3 data-start=\"1892\" data-end=\"1904\"><strong data-start=\"1892\" data-end=\"1902\">Cennik<\/strong><\/h3>\n<h4>Basen, jacuzzi, kardio fitness<\/h4>\n\n<table id=\"tablepress-11\" class=\"tablepress tablepress-id-11\">\n<tbody class=\"row-striping row-hover\">\n<tr class=\"row-1\">\n\t<td class=\"column-1\">External guests<\/td><td class=\"column-2\">10,00 \u20ac<\/td>\n<\/tr>\n<tr class=\"row-2\">\n\t<td class=\"column-1\">Children up to 11,99 y. <br \/>\n(external guests)<\/td><td class=\"column-2\">6,00 \u20ac<\/td>\n<\/tr>\n<tr class=\"row-3\">\n\t<td class=\"column-1\">Hotel guests<br \/>\nStandard<\/td><td class=\"column-2\">Free<\/td>\n<\/tr>\n<tr class=\"row-4\">\n\t<td class=\"column-1\">Children up to 11,99 y. <br \/>\n(external guests)<\/td><td class=\"column-2\">Free<\/td>\n<\/tr>\n<tr class=\"row-5\">\n\t<td class=\"column-1\">Hotel guests<br \/>\nComfort, Apartments<\/td><td class=\"column-2\">Free<\/td>\n<\/tr>\n<tr class=\"row-6\">\n\t<td class=\"column-1\">Season ticket (10 entries)<\/td><td class=\"column-2\">80,00 \u20ac<\/td>\n<\/tr>\n<tr class=\"row-7\">\n\t<td class=\"column-1\">Every started half an hour<\/td><td class=\"column-2\">1,00 \u20ac<\/td>\n<\/tr>\n<\/tbody>\n<\/table>\n<!-- #tablepress-11 from cache -->\n<h4>Wellness<\/h4>\n\n<table id=\"tablepress-12\" class=\"tablepress tablepress-id-12\">\n<thead>\n<tr class=\"row-1\">\n\t<th class=\"column-1\">Pricelist Wellness<\/th><th class=\"column-2\">Price<\/th>\n<\/tr>\n<\/thead>\n<tbody class=\"row-striping row-hover\">\n<tr class=\"row-2\">\n\t<td class=\"column-1\">External guests<\/td><td class=\"column-2\">16,00 \u20ac<\/td>\n<\/tr>\n<tr class=\"row-3\">\n\t<td class=\"column-1\">Children up to 11,99 y. <br \/>\n(external guests)<\/td><td class=\"column-2\">10,00 \u20ac<\/td>\n<\/tr>\n<tr class=\"row-4\">\n\t<td class=\"column-1\">Hotel guests<br \/>\nStandard<\/td><td class=\"column-2\">11,00 \u20ac<\/td>\n<\/tr>\n<tr class=\"row-5\">\n\t<td class=\"column-1\">Children up to 11,99 y. <br \/>\n(external guests)<\/td><td class=\"column-2\">8,00 \u20ac<\/td>\n<\/tr>\n<tr class=\"row-6\">\n\t<td class=\"column-1\">Hotel guests<br \/>\nComfort, Apartments<\/td><td class=\"column-2\">Free<\/td>\n<\/tr>\n<tr class=\"row-7\">\n\t<td class=\"column-1\">Season ticket (10 entries)<\/td><td class=\"column-2\">140,00 \u20ac<\/td>\n<\/tr>\n<tr class=\"row-8\">\n\t<td class=\"column-1\">Pensioners<\/td><td class=\"column-2\">12,00 \u20ac<\/td>\n<\/tr>\n<tr class=\"row-9\">\n\t<td class=\"column-1\">Every started half an hour<\/td><td class=\"column-2\">2,00 \u20ac<\/td>\n<\/tr>\n<\/tbody>\n<\/table>\n<!-- #tablepress-12 from cache -->\n<h3 data-start=\"994\" data-end=\"1028\"><strong data-start=\"994\" data-end=\"1026\">Basen i Wanna z Hydromasa\u017cem<\/strong><\/h3>\n<p data-start=\"1030\" data-end=\"1102\"><strong><span style=\"color: #ff0000;\">Wanna z hydromasa\u017cem jest tymczasowo nieczynna z powod\u00f3w technicznych.<\/span><\/strong><\/p>\n<p data-start=\"1104\" data-end=\"1408\">Je\u015bli uwielbiasz b\u0105belki nie tylko w kieliszku, zapraszamy do relaksu w hotelowym jacuzzi przeznaczonym dla 6 os\u00f3b. Dla tych, kt\u00f3rzy wol\u0105 p\u0142ywa\u0107, oferujemy dost\u0119p do hotelowego basenu o wymiarach 6 x 10 m. Aby urozmaici\u0107 k\u0105piel, basen wyposa\u017cony jest w hydromasa\u017c, gejzer powietrzny oraz kaskad\u0119 wodn\u0105.<\/p>\n<h3 data-start=\"1410\" data-end=\"1426\"><strong data-start=\"1410\" data-end=\"1424\">\u015awiat Saun<\/strong><\/h3>\n<p data-start=\"1428\" data-end=\"1493\">Zrelaksuj si\u0119 w przestronnym \u015bwiecie saun, w kt\u00f3rym znajdziesz:<\/p>\n<ul data-start=\"1495\" data-end=\"1658\">\n<li data-start=\"1495\" data-end=\"1523\">Sauna parowa aromatyczna<\/li>\n<li data-start=\"1524\" data-end=\"1540\">Sauna fi\u0144ska<\/li>\n<li data-start=\"1541\" data-end=\"1560\">Sauna infra-bio<\/li>\n<li data-start=\"1561\" data-end=\"1581\">Tepidarium solne<\/li>\n<li data-start=\"1582\" data-end=\"1600\">K\u0105piel Kneippa<\/li>\n<li data-start=\"1601\" data-end=\"1621\">Prysznice wra\u017ce\u0144<\/li>\n<li data-start=\"1622\" data-end=\"1643\">2 gabinety masa\u017cu<\/li>\n<li data-start=\"1644\" data-end=\"1658\">Tepidarium<\/li>\n<\/ul>\n<h4 data-start=\"1660\" data-end=\"1672\"><strong data-start=\"1660\" data-end=\"1670\">Masa\u017ce<\/strong><\/h4>\n<p data-start=\"1674\" data-end=\"1841\">Zrelaksuj si\u0119 pod r\u0119kami do\u015bwiadczonych masa\u017cyst\u00f3w. Masa\u017ce i zabiegi na cia\u0142o to doskona\u0142y spos\u00f3b na odpr\u0119\u017cenie cia\u0142a i umys\u0142u, a tak\u017ce popraw\u0119 zdrowia i odporno\u015bci.<\/p>\n<h4 data-start=\"1843\" data-end=\"1865\"><strong data-start=\"1843\" data-end=\"1863\">Godziny Otwarcia<\/strong><\/h4>\n<p>Basen<\/p>\n\n<table id=\"tablepress-19-no-2\" class=\"tablepress tablepress-id-19\">\n<tbody class=\"row-striping row-hover\">\n<tr class=\"row-1\">\n\t<td class=\"column-1\">Opening hours are valid from 17.3.2022<br \/>\n<br \/>\nMonday - Sunday<br \/>\n15:00 - 21:00<\/td><td class=\"column-2\"><\/td>\n<\/tr>\n<\/tbody>\n<\/table>\n<!-- #tablepress-19-no-2 from cache -->\n<h4>\u015awiat Saun<\/h4>\n\n<table id=\"tablepress-21-no-2\" class=\"tablepress tablepress-id-21\">\n<tbody class=\"row-striping row-hover\">\n<tr class=\"row-1\">\n\t<td class=\"column-1\">Opening hours are valid from 19.01.2022<br \/>\n<br \/>\nMonday - Sunday<br \/>\n15:00 - 21:00<\/td><td class=\"column-2\"><\/td>\n<\/tr>\n<tr class=\"row-2\">\n\t<td class=\"column-1\"><\/td><td class=\"column-2\"><\/td>\n<\/tr>\n<\/tbody>\n<\/table>\n<!-- #tablepress-21-no-2 from cache -->\n<h3 data-start=\"1892\" data-end=\"1904\"><strong data-start=\"1892\" data-end=\"1902\">Cennik<\/strong><\/h3>\n<h4>Basen, jacuzzi, kardio fitness<\/h4>\n\n<table id=\"tablepress-11-no-2\" class=\"tablepress tablepress-id-11\">\n<tbody class=\"row-striping row-hover\">\n<tr class=\"row-1\">\n\t<td class=\"column-1\">External guests<\/td><td class=\"column-2\">10,00 \u20ac<\/td>\n<\/tr>\n<tr class=\"row-2\">\n\t<td class=\"column-1\">Children up to 11,99 y. <br \/>\n(external guests)<\/td><td class=\"column-2\">6,00 \u20ac<\/td>\n<\/tr>\n<tr class=\"row-3\">\n\t<td class=\"column-1\">Hotel guests<br \/>\nStandard<\/td><td class=\"column-2\">Free<\/td>\n<\/tr>\n<tr class=\"row-4\">\n\t<td class=\"column-1\">Children up to 11,99 y. <br \/>\n(external guests)<\/td><td class=\"column-2\">Free<\/td>\n<\/tr>\n<tr class=\"row-5\">\n\t<td class=\"column-1\">Hotel guests<br \/>\nComfort, Apartments<\/td><td class=\"column-2\">Free<\/td>\n<\/tr>\n<tr class=\"row-6\">\n\t<td class=\"column-1\">Season ticket (10 entries)<\/td><td class=\"column-2\">80,00 \u20ac<\/td>\n<\/tr>\n<tr class=\"row-7\">\n\t<td class=\"column-1\">Every started half an hour<\/td><td class=\"column-2\">1,00 \u20ac<\/td>\n<\/tr>\n<\/tbody>\n<\/table>\n<!-- #tablepress-11-no-2 from cache -->\n<h4>Wellness<\/h4>\n\n<table id=\"tablepress-12-no-2\" class=\"tablepress tablepress-id-12\">\n<thead>\n<tr class=\"row-1\">\n\t<th class=\"column-1\">Pricelist Wellness<\/th><th class=\"column-2\">Price<\/th>\n<\/tr>\n<\/thead>\n<tbody class=\"row-striping row-hover\">\n<tr class=\"row-2\">\n\t<td class=\"column-1\">External guests<\/td><td class=\"column-2\">16,00 \u20ac<\/td>\n<\/tr>\n<tr class=\"row-3\">\n\t<td class=\"column-1\">Children up to 11,99 y. <br \/>\n(external guests)<\/td><td class=\"column-2\">10,00 \u20ac<\/td>\n<\/tr>\n<tr class=\"row-4\">\n\t<td class=\"column-1\">Hotel guests<br \/>\nStandard<\/td><td class=\"column-2\">11,00 \u20ac<\/td>\n<\/tr>\n<tr class=\"row-5\">\n\t<td class=\"column-1\">Children up to 11,99 y. <br \/>\n(external guests)<\/td><td class=\"column-2\">8,00 \u20ac<\/td>\n<\/tr>\n<tr class=\"row-6\">\n\t<td class=\"column-1\">Hotel guests<br \/>\nComfort, Apartments<\/td><td class=\"column-2\">Free<\/td>\n<\/tr>\n<tr class=\"row-7\">\n\t<td class=\"column-1\">Season ticket (10 entries)<\/td><td class=\"column-2\">140,00 \u20ac<\/td>\n<\/tr>\n<tr class=\"row-8\">\n\t<td class=\"column-1\">Pensioners<\/td><td class=\"column-2\">12,00 \u20ac<\/td>\n<\/tr>\n<tr class=\"row-9\">\n\t<td class=\"column-1\">Every started half an hour<\/td><td class=\"column-2\">2,00 \u20ac<\/td>\n<\/tr>\n<\/tbody>\n<\/table>\n<!-- #tablepress-12-no-2 from cache -->\n<p data-start=\"1828\" data-end=\"1887\">\ud83c\udd7f\ufe0f Przed hotelem znajduje si\u0119 <strong data-start=\"1855\" data-end=\"1884\">prywatny parking hotelowy<\/strong>.<\/p>\n<ul data-start=\"1888\" data-end=\"2171\">\n<li data-start=\"1888\" data-end=\"1960\">\n<p data-start=\"1890\" data-end=\"1960\"><strong data-start=\"1890\" data-end=\"1957\">Go\u015bcie centrum wellness mog\u0105 parkowa\u0107 bezp\u0142atnie podczas wizyty<\/strong>.<\/p>\n<\/li>\n<li data-start=\"1961\" data-end=\"2084\">\n<p data-start=\"1963\" data-end=\"2084\">Popro\u015b personel wellness o odblokowanie biletu parkingowego. Po odblokowaniu masz <strong data-start=\"2045\" data-end=\"2081\">10 minut na opuszczenie parkingu<\/strong>.<\/p>\n<\/li>\n<li data-start=\"2085\" data-end=\"2171\">\n<p data-start=\"2087\" data-end=\"2171\">W przypadku d\u0142u\u017cszego pobytu poza stref\u0105 wellness obowi\u0105zuj\u0105 <strong data-start=\"2148\" data-end=\"2170\">standardowe op\u0142aty<\/strong>.<\/p>\n<\/li>\n<\/ul>\n","protected":false},"excerpt":{"rendered":"<p>WELLNESS OTWARTE CODZIENNIE 15:00 &#8211; 21:00. Doskona\u0142y odpoczynek dla Twojego cia\u0142a i umys\u0142u.<\/p>\n","protected":false},"author":4,"featured_media":0,"parent":0,"menu_order":26,"comment_status":"closed","ping_status":"closed","template":"","meta":{"footnotes":""},"class_list":["post-21","page","type-page","status-publish","hentry"],"yoast_head":"<!-- This site is optimized with the Yoast SEO plugin v27.3 - https:\/\/yoast.com\/product\/yoast-seo-wordpress\/ -->\n<title>Wellness | Hotel Park<\/title>\n<meta name=\"description\" content=\"(Sloven\u010dina) Wellness v Hoteli PARK je otvoren\u00fd denne od 15:00 do 21:00. N\u00e1jdete tu baz\u00e9n, v\u00edrivku a 3 sauny. Mas\u00e1\u017e na objedn\u00e1vku.\" \/>\n<meta name=\"robots\" content=\"index, follow, max-snippet:-1, max-image-preview:large, max-video-preview:-1\" \/>\n<link rel=\"canonical\" href=\"https:\/\/www.cityhotelpark.sk\/wellness\/\" \/>\n<meta property=\"og:locale\" content=\"pl_PL\" \/>\n<meta property=\"og:type\" content=\"article\" \/>\n<meta property=\"og:title\" content=\"Wellness | Hotel Park\" \/>\n<meta property=\"og:description\" content=\"{:sk}Wellness v Hoteli PARK je otvoren\u00fd denne od 15:00 do 21:00. N\u00e1jdete tu baz\u00e9n, v\u00edrivku a 3 sauny. Mas\u00e1\u017e na objedn\u00e1vku.{:}\" \/>\n<meta property=\"og:url\" content=\"https:\/\/www.cityhotelpark.sk\/wellness\/\" \/>\n<meta property=\"og:site_name\" content=\"Hotel Park\" \/>\n<meta property=\"article:publisher\" content=\"https:\/\/www.facebook.com\/hotel.park.dk\/\" \/>\n<meta property=\"article:modified_time\" content=\"2026-04-15T09:15:06+00:00\" \/>\n<meta property=\"og:image\" content=\"https:\/\/www.cityhotelpark.sk\/wp-content\/uploads\/2026\/04\/virivka.jpg\" \/>\n\t<meta property=\"og:image:width\" content=\"1200\" \/>\n\t<meta property=\"og:image:height\" content=\"1200\" \/>\n\t<meta property=\"og:image:type\" content=\"image\/jpeg\" \/>\n<meta name=\"twitter:card\" content=\"summary_large_image\" \/>\n<meta name=\"twitter:label1\" content=\"Szacowany czas czytania\" \/>\n\t<meta name=\"twitter:data1\" content=\"4 minuty\" \/>\n<script type=\"application\/ld+json\" class=\"yoast-schema-graph\">{\"@context\":\"https:\\\/\\\/schema.org\",\"@graph\":[{\"@type\":\"WebPage\",\"@id\":\"https:\\\/\\\/www.cityhotelpark.sk\\\/wellness\\\/\",\"url\":\"https:\\\/\\\/www.cityhotelpark.sk\\\/wellness\\\/\",\"name\":\"Wellness | Hotel Park\",\"isPartOf\":{\"@id\":\"https:\\\/\\\/www.cityhotelpark.sk\\\/#website\"},\"datePublished\":\"2018-09-24T19:49:20+00:00\",\"dateModified\":\"2026-04-15T09:15:06+00:00\",\"description\":\"{:sk}Wellness v Hoteli PARK je otvoren\u00fd denne od 15:00 do 21:00. N\u00e1jdete tu baz\u00e9n, v\u00edrivku a 3 sauny. Mas\u00e1\u017e na objedn\u00e1vku.{:}\",\"breadcrumb\":{\"@id\":\"https:\\\/\\\/www.cityhotelpark.sk\\\/wellness\\\/#breadcrumb\"},\"inLanguage\":\"pl-PL\",\"potentialAction\":[{\"@type\":\"ReadAction\",\"target\":[\"https:\\\/\\\/www.cityhotelpark.sk\\\/wellness\\\/\"]}]},{\"@type\":\"BreadcrumbList\",\"@id\":\"https:\\\/\\\/www.cityhotelpark.sk\\\/wellness\\\/#breadcrumb\",\"itemListElement\":[{\"@type\":\"ListItem\",\"position\":1,\"name\":\"Home\",\"item\":\"https:\\\/\\\/www.cityhotelpark.sk\\\/\"},{\"@type\":\"ListItem\",\"position\":2,\"name\":\"Wellness\"}]},{\"@type\":\"WebSite\",\"@id\":\"https:\\\/\\\/www.cityhotelpark.sk\\\/#website\",\"url\":\"https:\\\/\\\/www.cityhotelpark.sk\\\/\",\"name\":\"Hotel Park\",\"description\":\"\",\"publisher\":{\"@id\":\"https:\\\/\\\/www.cityhotelpark.sk\\\/#organization\"},\"potentialAction\":[{\"@type\":\"SearchAction\",\"target\":{\"@type\":\"EntryPoint\",\"urlTemplate\":\"https:\\\/\\\/www.cityhotelpark.sk\\\/?s={search_term_string}\"},\"query-input\":{\"@type\":\"PropertyValueSpecification\",\"valueRequired\":true,\"valueName\":\"search_term_string\"}}],\"inLanguage\":\"pl-PL\"},{\"@type\":\"Organization\",\"@id\":\"https:\\\/\\\/www.cityhotelpark.sk\\\/#organization\",\"name\":\"Hotel Park\",\"url\":\"https:\\\/\\\/www.cityhotelpark.sk\\\/\",\"logo\":{\"@type\":\"ImageObject\",\"inLanguage\":\"pl-PL\",\"@id\":\"https:\\\/\\\/www.cityhotelpark.sk\\\/#\\\/schema\\\/logo\\\/image\\\/\",\"url\":\"https:\\\/\\\/www.cityhotelpark.sk\\\/wp-content\\\/uploads\\\/2018\\\/10\\\/hotel-park.png\",\"contentUrl\":\"https:\\\/\\\/www.cityhotelpark.sk\\\/wp-content\\\/uploads\\\/2018\\\/10\\\/hotel-park.png\",\"width\":152,\"height\":152,\"caption\":\"Hotel Park\"},\"image\":{\"@id\":\"https:\\\/\\\/www.cityhotelpark.sk\\\/#\\\/schema\\\/logo\\\/image\\\/\"},\"sameAs\":[\"https:\\\/\\\/www.facebook.com\\\/hotel.park.dk\\\/\",\"https:\\\/\\\/www.instagram.com\\\/hotelparkdolnykubin\\\/?hl=sk\"]}]}<\/script>\n<!-- \/ Yoast SEO plugin. -->","yoast_head_json":{"title":"Wellness | Hotel Park","description":"(Sloven\u010dina) Wellness v Hoteli PARK je otvoren\u00fd denne od 15:00 do 21:00. N\u00e1jdete tu baz\u00e9n, v\u00edrivku a 3 sauny. Mas\u00e1\u017e na objedn\u00e1vku.","robots":{"index":"index","follow":"follow","max-snippet":"max-snippet:-1","max-image-preview":"max-image-preview:large","max-video-preview":"max-video-preview:-1"},"canonical":"https:\/\/www.cityhotelpark.sk\/wellness\/","og_locale":"pl_PL","og_type":"article","og_title":"Wellness | Hotel Park","og_description":"{:sk}Wellness v Hoteli PARK je otvoren\u00fd denne od 15:00 do 21:00. N\u00e1jdete tu baz\u00e9n, v\u00edrivku a 3 sauny. Mas\u00e1\u017e na objedn\u00e1vku.{:}","og_url":"https:\/\/www.cityhotelpark.sk\/wellness\/","og_site_name":"Hotel Park","article_publisher":"https:\/\/www.facebook.com\/hotel.park.dk\/","article_modified_time":"2026-04-15T09:15:06+00:00","og_image":[{"width":1200,"height":1200,"url":"https:\/\/www.cityhotelpark.sk\/wp-content\/uploads\/2026\/04\/virivka.jpg","type":"image\/jpeg"}],"twitter_card":"summary_large_image","twitter_misc":{"Szacowany czas czytania":"4 minuty"},"schema":{"@context":"https:\/\/schema.org","@graph":[{"@type":"WebPage","@id":"https:\/\/www.cityhotelpark.sk\/wellness\/","url":"https:\/\/www.cityhotelpark.sk\/wellness\/","name":"Wellness | Hotel Park","isPartOf":{"@id":"https:\/\/www.cityhotelpark.sk\/#website"},"datePublished":"2018-09-24T19:49:20+00:00","dateModified":"2026-04-15T09:15:06+00:00","description":"{:sk}Wellness v Hoteli PARK je otvoren\u00fd denne od 15:00 do 21:00. N\u00e1jdete tu baz\u00e9n, v\u00edrivku a 3 sauny. Mas\u00e1\u017e na objedn\u00e1vku.{:}","breadcrumb":{"@id":"https:\/\/www.cityhotelpark.sk\/wellness\/#breadcrumb"},"inLanguage":"pl-PL","potentialAction":[{"@type":"ReadAction","target":["https:\/\/www.cityhotelpark.sk\/wellness\/"]}]},{"@type":"BreadcrumbList","@id":"https:\/\/www.cityhotelpark.sk\/wellness\/#breadcrumb","itemListElement":[{"@type":"ListItem","position":1,"name":"Home","item":"https:\/\/www.cityhotelpark.sk\/"},{"@type":"ListItem","position":2,"name":"Wellness"}]},{"@type":"WebSite","@id":"https:\/\/www.cityhotelpark.sk\/#website","url":"https:\/\/www.cityhotelpark.sk\/","name":"Hotel Park","description":"","publisher":{"@id":"https:\/\/www.cityhotelpark.sk\/#organization"},"potentialAction":[{"@type":"SearchAction","target":{"@type":"EntryPoint","urlTemplate":"https:\/\/www.cityhotelpark.sk\/?s={search_term_string}"},"query-input":{"@type":"PropertyValueSpecification","valueRequired":true,"valueName":"search_term_string"}}],"inLanguage":"pl-PL"},{"@type":"Organization","@id":"https:\/\/www.cityhotelpark.sk\/#organization","name":"Hotel Park","url":"https:\/\/www.cityhotelpark.sk\/","logo":{"@type":"ImageObject","inLanguage":"pl-PL","@id":"https:\/\/www.cityhotelpark.sk\/#\/schema\/logo\/image\/","url":"https:\/\/www.cityhotelpark.sk\/wp-content\/uploads\/2018\/10\/hotel-park.png","contentUrl":"https:\/\/www.cityhotelpark.sk\/wp-content\/uploads\/2018\/10\/hotel-park.png","width":152,"height":152,"caption":"Hotel Park"},"image":{"@id":"https:\/\/www.cityhotelpark.sk\/#\/schema\/logo\/image\/"},"sameAs":["https:\/\/www.facebook.com\/hotel.park.dk\/","https:\/\/www.instagram.com\/hotelparkdolnykubin\/?hl=sk"]}]}},"_links":{"self":[{"href":"https:\/\/www.cityhotelpark.sk\/pl\/wp-json\/wp\/v2\/pages\/21","targetHints":{"allow":["GET"]}}],"collection":[{"href":"https:\/\/www.cityhotelpark.sk\/pl\/wp-json\/wp\/v2\/pages"}],"about":[{"href":"https:\/\/www.cityhotelpark.sk\/pl\/wp-json\/wp\/v2\/types\/page"}],"author":[{"embeddable":true,"href":"https:\/\/www.cityhotelpark.sk\/pl\/wp-json\/wp\/v2\/users\/4"}],"replies":[{"embeddable":true,"href":"https:\/\/www.cityhotelpark.sk\/pl\/wp-json\/wp\/v2\/comments?post=21"}],"version-history":[{"count":0,"href":"https:\/\/www.cityhotelpark.sk\/pl\/wp-json\/wp\/v2\/pages\/21\/revisions"}],"wp:attachment":[{"href":"https:\/\/www.cityhotelpark.sk\/pl\/wp-json\/wp\/v2\/media?parent=21"}],"curies":[{"name":"wp","href":"https:\/\/api.w.org\/{rel}","templated":true}]}}