{"id":18,"date":"2018-09-24T21:49:14","date_gmt":"2018-09-24T19:49:14","guid":{"rendered":"http:\/\/www.cityhotelpark.sk\/?page_id=18"},"modified":"2026-02-17T11:39:48","modified_gmt":"2026-02-17T10:39:48","slug":"gastronomia","status":"publish","type":"page","link":"https:\/\/www.cityhotelpark.sk\/pl\/gastronomia\/","title":{"rendered":"Gastronomia"},"content":{"rendered":"<p>Podstaw\u0105 \u00e0 la carte jest inspiracja tradycyjnymi s\u0142owackimi potrawami, kt\u00f3re s\u0105 przygotowywane nowoczesn\u0105 gastronomi\u0105. Z naciskiem na \u015bwie\u017co\u015b\u0107 i jako\u015b\u0107, menu jest skomponowane z sezonowych produkt\u00f3w. Profesjonalne podej\u015bcie, wzbogacone poczuciem szczeg\u00f3\u0142\u00f3w, wprowadza nowe trendy w nakryciu sto\u0142u, oczywi\u015bcie przy zachowaniu zdrowego stylu \u017cycia.<\/p>\n<p>Dla nas jedzenie to nie tylko spos\u00f3b na nasycenie si\u0119, ale przede wszystkim okazja do prze\u017cycia niezapomnianych kulinarnych do\u015bwiadcze\u0144.<\/p>\n<p>Smacznego \u017cyczy szef kuchni Hotelu PARK****<\/p>\n<p data-start=\"307\" data-end=\"420\"><strong data-start=\"307\" data-end=\"333\">Poniedzia\u0142ek \u2013 Pi\u0105tek:<\/strong><\/p>\n<ul>\n<li data-start=\"307\" data-end=\"420\">\u015aniadanie: 7:00 \u2013 9:30<\/li>\n<li data-start=\"307\" data-end=\"420\">Obiad (menu dnia): 11:00 \u2013 14:00<\/li>\n<li data-start=\"307\" data-end=\"420\">Kolacja: 18:00 \u2013 20:30<\/li>\n<\/ul>\n<p data-start=\"422\" data-end=\"530\" data-is-last-node=\"\" data-is-only-node=\"\"><strong data-start=\"422\" data-end=\"445\">Sobota \u2013 Niedziela:<\/strong><\/p>\n<ul>\n<li data-start=\"422\" data-end=\"530\">\u015aniadanie: 7:00 \u2013 9:30<\/li>\n<li data-start=\"422\" data-end=\"530\">Obiad: 11:00 \u2013 14:00<\/li>\n<li data-start=\"422\" data-end=\"530\">Kolacja: 18:00 \u2013 20:30<\/li>\n<\/ul>\n<p>Bufetowe \u015bniadania<\/p>\n<p>Wyobra\u017a sobie poranek, kiedy nie musisz si\u0119 nigdzie spieszy\u0107. U nas w PARKu mo\u017cesz codziennie zacz\u0105\u0107 dzie\u0144 od najlepszych \u015bniada\u0144 i niczym si\u0119 nie martwi\u0107, tylko cieszy\u0107 si\u0119 nimi. Bufetowe \u015bniadania przygotowujemy dla Ciebie codziennie.<\/p>\n<p>Menu dnia<\/p>\n<p>Codziennie przygotowujemy menu z naj\u015bwie\u017cszych sk\u0142adnik\u00f3w, starannie przyrz\u0105dzane z naciskiem na zdrowy styl \u017cycia i nowoczesn\u0105 kuchni\u0119. Zobacz aktualn\u0105 ofert\u0119 menu dnia.<\/p>\n<p>Menu dnia serwowane jest codziennie od 11:00 do 14:00.<br \/>\nMenu obiadowe mo\u017cna zam\u00f3wi\u0107 telefonicznie pod numerem 0918 913 012.<\/p>\n<p>Karta napoj\u00f3w i win<\/p>\n<p>B\u0119dziemy zadowoleni, je\u015bli zainteresuje Ci\u0119 r\u00f3wnie\u017c oferta napoj\u00f3w z naszego menu, w kt\u00f3rej nie brakuje smacznych drink\u00f3w, smoothie, doskona\u0142ej kawy i \u015bwie\u017cych, aromatycznych herbat. Dla mi\u0142o\u015bnik\u00f3w wina przygotowali\u015bmy Kart\u0119 win, kt\u00f3ra zawiera ponad 40 wysokiej jako\u015bci win, g\u0142\u00f3wnie od lokalnych winiarzy. Zasi\u0119gnij porady od naszego profesjonalnie przeszkolonego personelu, a Twoje do\u015bwiadczenie z doskona\u0142ym jedzeniem b\u0119dzie jeszcze wi\u0119ksze.<\/p>\n","protected":false},"excerpt":{"rendered":"<p>Pre n\u00e1s stravovanie nie je len sp\u00f4sob, ako sa zas\u00fdti\u0165, ale najm\u00e4 pr\u00edle\u017eitos\u0165 za\u017ei\u0165 nezabudnute\u013en\u00fd kulin\u00e1rsky z\u00e1\u017eitok.<\/p>\n","protected":false},"author":4,"featured_media":0,"parent":0,"menu_order":23,"comment_status":"closed","ping_status":"closed","template":"","meta":{"footnotes":""},"class_list":["post-18","page","type-page","status-publish","hentry"],"yoast_head":"<!-- This site is optimized with the Yoast SEO plugin v27.3 - https:\/\/yoast.com\/product\/yoast-seo-wordpress\/ -->\n<title>(Sloven\u010dina) Gastron\u00f3mia | Hotel Park<\/title>\n<meta name=\"robots\" content=\"index, follow, max-snippet:-1, max-image-preview:large, max-video-preview:-1\" \/>\n<link rel=\"canonical\" href=\"https:\/\/www.cityhotelpark.sk\/gastronomia\/\" \/>\n<meta property=\"og:locale\" content=\"pl_PL\" \/>\n<meta property=\"og:type\" content=\"article\" \/>\n<meta property=\"og:title\" content=\"[:sk]Gastron\u00f3mia | Hotel Park[:en]Gastronomy | Hotel Park[:]\" \/>\n<meta property=\"og:description\" content=\"Pre n\u00e1s stravovanie nie je len sp\u00f4sob, ako sa zas\u00fdti\u0165, ale najm\u00e4 pr\u00edle\u017eitos\u0165 za\u017ei\u0165 nezabudnute\u013en\u00fd kulin\u00e1rsky z\u00e1\u017eitok.\" \/>\n<meta property=\"og:url\" content=\"https:\/\/www.cityhotelpark.sk\/gastronomia\/\" \/>\n<meta property=\"og:site_name\" content=\"Hotel Park\" \/>\n<meta property=\"article:publisher\" content=\"https:\/\/www.facebook.com\/hotel.park.dk\/\" \/>\n<meta property=\"article:modified_time\" content=\"2026-02-17T10:39:48+00:00\" \/>\n<meta name=\"twitter:card\" content=\"summary_large_image\" \/>\n<meta name=\"twitter:label1\" content=\"Szacowany czas czytania\" \/>\n\t<meta name=\"twitter:data1\" content=\"2 minuty\" \/>\n<script type=\"application\/ld+json\" class=\"yoast-schema-graph\">{\"@context\":\"https:\\\/\\\/schema.org\",\"@graph\":[{\"@type\":\"WebPage\",\"@id\":\"https:\\\/\\\/www.cityhotelpark.sk\\\/gastronomia\\\/\",\"url\":\"https:\\\/\\\/www.cityhotelpark.sk\\\/gastronomia\\\/\",\"name\":\"[:sk]Gastron\u00f3mia | Hotel Park[:en]Gastronomy | Hotel Park[:]\",\"isPartOf\":{\"@id\":\"https:\\\/\\\/www.cityhotelpark.sk\\\/#website\"},\"datePublished\":\"2018-09-24T19:49:14+00:00\",\"dateModified\":\"2026-02-17T10:39:48+00:00\",\"breadcrumb\":{\"@id\":\"https:\\\/\\\/www.cityhotelpark.sk\\\/gastronomia\\\/#breadcrumb\"},\"inLanguage\":\"pl-PL\",\"potentialAction\":[{\"@type\":\"ReadAction\",\"target\":[\"https:\\\/\\\/www.cityhotelpark.sk\\\/gastronomia\\\/\"]}]},{\"@type\":\"BreadcrumbList\",\"@id\":\"https:\\\/\\\/www.cityhotelpark.sk\\\/gastronomia\\\/#breadcrumb\",\"itemListElement\":[{\"@type\":\"ListItem\",\"position\":1,\"name\":\"Home\",\"item\":\"https:\\\/\\\/www.cityhotelpark.sk\\\/\"},{\"@type\":\"ListItem\",\"position\":2,\"name\":\"Gastronomia\"}]},{\"@type\":\"WebSite\",\"@id\":\"https:\\\/\\\/www.cityhotelpark.sk\\\/#website\",\"url\":\"https:\\\/\\\/www.cityhotelpark.sk\\\/\",\"name\":\"Hotel Park\",\"description\":\"\",\"publisher\":{\"@id\":\"https:\\\/\\\/www.cityhotelpark.sk\\\/#organization\"},\"potentialAction\":[{\"@type\":\"SearchAction\",\"target\":{\"@type\":\"EntryPoint\",\"urlTemplate\":\"https:\\\/\\\/www.cityhotelpark.sk\\\/?s={search_term_string}\"},\"query-input\":{\"@type\":\"PropertyValueSpecification\",\"valueRequired\":true,\"valueName\":\"search_term_string\"}}],\"inLanguage\":\"pl-PL\"},{\"@type\":\"Organization\",\"@id\":\"https:\\\/\\\/www.cityhotelpark.sk\\\/#organization\",\"name\":\"Hotel Park\",\"url\":\"https:\\\/\\\/www.cityhotelpark.sk\\\/\",\"logo\":{\"@type\":\"ImageObject\",\"inLanguage\":\"pl-PL\",\"@id\":\"https:\\\/\\\/www.cityhotelpark.sk\\\/#\\\/schema\\\/logo\\\/image\\\/\",\"url\":\"https:\\\/\\\/www.cityhotelpark.sk\\\/wp-content\\\/uploads\\\/2018\\\/10\\\/hotel-park.png\",\"contentUrl\":\"https:\\\/\\\/www.cityhotelpark.sk\\\/wp-content\\\/uploads\\\/2018\\\/10\\\/hotel-park.png\",\"width\":152,\"height\":152,\"caption\":\"Hotel Park\"},\"image\":{\"@id\":\"https:\\\/\\\/www.cityhotelpark.sk\\\/#\\\/schema\\\/logo\\\/image\\\/\"},\"sameAs\":[\"https:\\\/\\\/www.facebook.com\\\/hotel.park.dk\\\/\",\"https:\\\/\\\/www.instagram.com\\\/hotelparkdolnykubin\\\/?hl=sk\"]}]}<\/script>\n<!-- \/ Yoast SEO plugin. -->","yoast_head_json":{"title":"(Sloven\u010dina) Gastron\u00f3mia | Hotel Park","robots":{"index":"index","follow":"follow","max-snippet":"max-snippet:-1","max-image-preview":"max-image-preview:large","max-video-preview":"max-video-preview:-1"},"canonical":"https:\/\/www.cityhotelpark.sk\/gastronomia\/","og_locale":"pl_PL","og_type":"article","og_title":"[:sk]Gastron\u00f3mia | Hotel Park[:en]Gastronomy | Hotel Park[:]","og_description":"Pre n\u00e1s stravovanie nie je len sp\u00f4sob, ako sa zas\u00fdti\u0165, ale najm\u00e4 pr\u00edle\u017eitos\u0165 za\u017ei\u0165 nezabudnute\u013en\u00fd kulin\u00e1rsky z\u00e1\u017eitok.","og_url":"https:\/\/www.cityhotelpark.sk\/gastronomia\/","og_site_name":"Hotel Park","article_publisher":"https:\/\/www.facebook.com\/hotel.park.dk\/","article_modified_time":"2026-02-17T10:39:48+00:00","twitter_card":"summary_large_image","twitter_misc":{"Szacowany czas czytania":"2 minuty"},"schema":{"@context":"https:\/\/schema.org","@graph":[{"@type":"WebPage","@id":"https:\/\/www.cityhotelpark.sk\/gastronomia\/","url":"https:\/\/www.cityhotelpark.sk\/gastronomia\/","name":"[:sk]Gastron\u00f3mia | Hotel Park[:en]Gastronomy | Hotel Park[:]","isPartOf":{"@id":"https:\/\/www.cityhotelpark.sk\/#website"},"datePublished":"2018-09-24T19:49:14+00:00","dateModified":"2026-02-17T10:39:48+00:00","breadcrumb":{"@id":"https:\/\/www.cityhotelpark.sk\/gastronomia\/#breadcrumb"},"inLanguage":"pl-PL","potentialAction":[{"@type":"ReadAction","target":["https:\/\/www.cityhotelpark.sk\/gastronomia\/"]}]},{"@type":"BreadcrumbList","@id":"https:\/\/www.cityhotelpark.sk\/gastronomia\/#breadcrumb","itemListElement":[{"@type":"ListItem","position":1,"name":"Home","item":"https:\/\/www.cityhotelpark.sk\/"},{"@type":"ListItem","position":2,"name":"Gastronomia"}]},{"@type":"WebSite","@id":"https:\/\/www.cityhotelpark.sk\/#website","url":"https:\/\/www.cityhotelpark.sk\/","name":"Hotel Park","description":"","publisher":{"@id":"https:\/\/www.cityhotelpark.sk\/#organization"},"potentialAction":[{"@type":"SearchAction","target":{"@type":"EntryPoint","urlTemplate":"https:\/\/www.cityhotelpark.sk\/?s={search_term_string}"},"query-input":{"@type":"PropertyValueSpecification","valueRequired":true,"valueName":"search_term_string"}}],"inLanguage":"pl-PL"},{"@type":"Organization","@id":"https:\/\/www.cityhotelpark.sk\/#organization","name":"Hotel Park","url":"https:\/\/www.cityhotelpark.sk\/","logo":{"@type":"ImageObject","inLanguage":"pl-PL","@id":"https:\/\/www.cityhotelpark.sk\/#\/schema\/logo\/image\/","url":"https:\/\/www.cityhotelpark.sk\/wp-content\/uploads\/2018\/10\/hotel-park.png","contentUrl":"https:\/\/www.cityhotelpark.sk\/wp-content\/uploads\/2018\/10\/hotel-park.png","width":152,"height":152,"caption":"Hotel Park"},"image":{"@id":"https:\/\/www.cityhotelpark.sk\/#\/schema\/logo\/image\/"},"sameAs":["https:\/\/www.facebook.com\/hotel.park.dk\/","https:\/\/www.instagram.com\/hotelparkdolnykubin\/?hl=sk"]}]}},"_links":{"self":[{"href":"https:\/\/www.cityhotelpark.sk\/pl\/wp-json\/wp\/v2\/pages\/18","targetHints":{"allow":["GET"]}}],"collection":[{"href":"https:\/\/www.cityhotelpark.sk\/pl\/wp-json\/wp\/v2\/pages"}],"about":[{"href":"https:\/\/www.cityhotelpark.sk\/pl\/wp-json\/wp\/v2\/types\/page"}],"author":[{"embeddable":true,"href":"https:\/\/www.cityhotelpark.sk\/pl\/wp-json\/wp\/v2\/users\/4"}],"replies":[{"embeddable":true,"href":"https:\/\/www.cityhotelpark.sk\/pl\/wp-json\/wp\/v2\/comments?post=18"}],"version-history":[{"count":0,"href":"https:\/\/www.cityhotelpark.sk\/pl\/wp-json\/wp\/v2\/pages\/18\/revisions"}],"wp:attachment":[{"href":"https:\/\/www.cityhotelpark.sk\/pl\/wp-json\/wp\/v2\/media?parent=18"}],"curies":[{"name":"wp","href":"https:\/\/api.w.org\/{rel}","templated":true}]}}