{"id":1308,"date":"2020-01-09T18:25:23","date_gmt":"2020-01-09T17:25:23","guid":{"rendered":"http:\/\/www.cityhotelpark.sk\/?page_id=1308"},"modified":"2025-10-01T13:49:09","modified_gmt":"2025-10-01T11:49:09","slug":"park-cafe","status":"publish","type":"page","link":"https:\/\/www.cityhotelpark.sk\/pl\/gastronomia\/park-cafe\/","title":{"rendered":"PARK caf\u00e9"},"content":{"rendered":"<p style=\"text-align: center;\" data-start=\"240\" data-end=\"323\">Drodzy go\u015bcie, przygotowali\u015bmy dla Was ofert\u0119 napoj\u00f3w.<br data-start=\"294\" data-end=\"297\" \/><strong data-start=\"297\" data-end=\"321\">Napoje na zimowe dni<\/strong><\/p>\n<p style=\"text-align: center;\" data-start=\"325\" data-end=\"342\">Czekamy na Was!<\/p>\n<p data-start=\"344\" data-end=\"386\"><strong data-start=\"344\" data-end=\"384\">Godziny otwarcia kawiarni PARK Caf\u00e9:<\/strong><\/p>\n<p data-start=\"388\" data-end=\"427\" data-is-last-node=\"\" data-is-only-node=\"\">Poniedzia\u0142ek \u2013 Niedziela<br data-start=\"412\" data-end=\"415\" \/>8:00 &#8211; 21:00<\/p>\n<p data-start=\"388\" data-end=\"427\" data-is-last-node=\"\" data-is-only-node=\"\">\ud83c\udd7f\ufe0f Przed hotelem znajduje si\u0119 <strong data-start=\"840\" data-end=\"869\">prywatny parking hotelowy<\/strong>.<\/p>\n<ul data-start=\"873\" data-end=\"1118\">\n<li data-start=\"873\" data-end=\"932\">\n<p data-start=\"875\" data-end=\"932\">Klienci Park Caf\u00e9 maj\u0105 <strong data-start=\"898\" data-end=\"929\">pierwsze 90 minut bezp\u0142atne<\/strong>.<\/p>\n<\/li>\n<li data-start=\"933\" data-end=\"1004\">\n<p data-start=\"935\" data-end=\"1004\">Po tym czasie op\u0142ata wynosi <strong data-start=\"963\" data-end=\"1001\">1,50 \u20ac za ka\u017cd\u0105 rozpocz\u0119t\u0105 godzin\u0119<\/strong>.<\/p>\n<\/li>\n<li data-start=\"1005\" data-end=\"1118\">\n<p data-start=\"1007\" data-end=\"1118\">Popro\u015b personel o odblokowanie biletu przy p\u0142aceniu. Po odblokowaniu masz <strong data-start=\"1081\" data-end=\"1117\">10 minut na opuszczenie parkingu<\/strong>.<\/p>\n<\/li>\n<\/ul>\n","protected":false},"excerpt":{"rendered":"<p>Drodzy go\u015bcie, czekamy na Was, aby ponownie powita\u0107 Was w naszej hotelowej kawiarence.<br \/>\nWy\u015bmienita kawa, pyszne desery oraz przyjemna i przyjazna atmosfera \u2013 to oferujemy w naszej hotelowej kawiarni PARK Caf\u00e9.<\/p>\n","protected":false},"author":4,"featured_media":0,"parent":18,"menu_order":25,"comment_status":"closed","ping_status":"closed","template":"","meta":{"footnotes":""},"class_list":["post-1308","page","type-page","status-publish","hentry"],"yoast_head":"<!-- This site is optimized with the Yoast SEO plugin v27.3 - https:\/\/yoast.com\/product\/yoast-seo-wordpress\/ -->\n<title>PARK caf\u00e9 | Hotel Park<\/title>\n<meta name=\"robots\" content=\"index, follow, max-snippet:-1, max-image-preview:large, max-video-preview:-1\" \/>\n<link rel=\"canonical\" href=\"https:\/\/www.cityhotelpark.sk\/gastronomia\/park-cafe\/\" \/>\n<meta property=\"og:locale\" content=\"pl_PL\" \/>\n<meta property=\"og:type\" content=\"article\" \/>\n<meta property=\"og:title\" content=\"PARK caf\u00e9 | Hotel Park\" \/>\n<meta property=\"og:description\" content=\"Drodzy go\u015bcie, czekamy na Was, aby ponownie powita\u0107 Was w naszej hotelowej kawiarence. Wy\u015bmienita kawa, pyszne desery oraz przyjemna i przyjazna atmosfera \u2013 to oferujemy w naszej hotelowej kawiarni PARK Caf\u00e9.\" \/>\n<meta property=\"og:url\" content=\"https:\/\/www.cityhotelpark.sk\/gastronomia\/park-cafe\/\" \/>\n<meta property=\"og:site_name\" content=\"Hotel Park\" \/>\n<meta property=\"article:publisher\" content=\"https:\/\/www.facebook.com\/hotel.park.dk\/\" \/>\n<meta property=\"article:modified_time\" content=\"2025-10-01T11:49:09+00:00\" \/>\n<meta property=\"og:image\" content=\"https:\/\/www.cityhotelpark.sk\/wp-content\/uploads\/2023\/04\/IMG_6673-scaled.jpg\" \/>\n\t<meta property=\"og:image:width\" content=\"1707\" \/>\n\t<meta property=\"og:image:height\" content=\"2560\" \/>\n\t<meta property=\"og:image:type\" content=\"image\/jpeg\" \/>\n<meta name=\"twitter:card\" content=\"summary_large_image\" \/>\n<meta name=\"twitter:label1\" content=\"Szacowany czas czytania\" \/>\n\t<meta name=\"twitter:data1\" content=\"1 minuta\" \/>\n<script type=\"application\/ld+json\" class=\"yoast-schema-graph\">{\"@context\":\"https:\\\/\\\/schema.org\",\"@graph\":[{\"@type\":\"WebPage\",\"@id\":\"https:\\\/\\\/www.cityhotelpark.sk\\\/gastronomia\\\/park-cafe\\\/\",\"url\":\"https:\\\/\\\/www.cityhotelpark.sk\\\/gastronomia\\\/park-cafe\\\/\",\"name\":\"PARK caf\u00e9 | Hotel Park\",\"isPartOf\":{\"@id\":\"https:\\\/\\\/www.cityhotelpark.sk\\\/#website\"},\"datePublished\":\"2020-01-09T17:25:23+00:00\",\"dateModified\":\"2025-10-01T11:49:09+00:00\",\"breadcrumb\":{\"@id\":\"https:\\\/\\\/www.cityhotelpark.sk\\\/gastronomia\\\/park-cafe\\\/#breadcrumb\"},\"inLanguage\":\"pl-PL\",\"potentialAction\":[{\"@type\":\"ReadAction\",\"target\":[\"https:\\\/\\\/www.cityhotelpark.sk\\\/gastronomia\\\/park-cafe\\\/\"]}]},{\"@type\":\"BreadcrumbList\",\"@id\":\"https:\\\/\\\/www.cityhotelpark.sk\\\/gastronomia\\\/park-cafe\\\/#breadcrumb\",\"itemListElement\":[{\"@type\":\"ListItem\",\"position\":1,\"name\":\"Home\",\"item\":\"https:\\\/\\\/www.cityhotelpark.sk\\\/\"},{\"@type\":\"ListItem\",\"position\":2,\"name\":\"Gastronomia\",\"item\":\"https:\\\/\\\/www.cityhotelpark.sk\\\/gastronomia\\\/\"},{\"@type\":\"ListItem\",\"position\":3,\"name\":\"PARK caf\u00e9\"}]},{\"@type\":\"WebSite\",\"@id\":\"https:\\\/\\\/www.cityhotelpark.sk\\\/#website\",\"url\":\"https:\\\/\\\/www.cityhotelpark.sk\\\/\",\"name\":\"Hotel Park\",\"description\":\"\",\"publisher\":{\"@id\":\"https:\\\/\\\/www.cityhotelpark.sk\\\/#organization\"},\"potentialAction\":[{\"@type\":\"SearchAction\",\"target\":{\"@type\":\"EntryPoint\",\"urlTemplate\":\"https:\\\/\\\/www.cityhotelpark.sk\\\/?s={search_term_string}\"},\"query-input\":{\"@type\":\"PropertyValueSpecification\",\"valueRequired\":true,\"valueName\":\"search_term_string\"}}],\"inLanguage\":\"pl-PL\"},{\"@type\":\"Organization\",\"@id\":\"https:\\\/\\\/www.cityhotelpark.sk\\\/#organization\",\"name\":\"Hotel Park\",\"url\":\"https:\\\/\\\/www.cityhotelpark.sk\\\/\",\"logo\":{\"@type\":\"ImageObject\",\"inLanguage\":\"pl-PL\",\"@id\":\"https:\\\/\\\/www.cityhotelpark.sk\\\/#\\\/schema\\\/logo\\\/image\\\/\",\"url\":\"https:\\\/\\\/www.cityhotelpark.sk\\\/wp-content\\\/uploads\\\/2018\\\/10\\\/hotel-park.png\",\"contentUrl\":\"https:\\\/\\\/www.cityhotelpark.sk\\\/wp-content\\\/uploads\\\/2018\\\/10\\\/hotel-park.png\",\"width\":152,\"height\":152,\"caption\":\"Hotel Park\"},\"image\":{\"@id\":\"https:\\\/\\\/www.cityhotelpark.sk\\\/#\\\/schema\\\/logo\\\/image\\\/\"},\"sameAs\":[\"https:\\\/\\\/www.facebook.com\\\/hotel.park.dk\\\/\",\"https:\\\/\\\/www.instagram.com\\\/hotelparkdolnykubin\\\/?hl=sk\"]}]}<\/script>\n<!-- \/ Yoast SEO plugin. -->","yoast_head_json":{"title":"PARK caf\u00e9 | Hotel Park","robots":{"index":"index","follow":"follow","max-snippet":"max-snippet:-1","max-image-preview":"max-image-preview:large","max-video-preview":"max-video-preview:-1"},"canonical":"https:\/\/www.cityhotelpark.sk\/gastronomia\/park-cafe\/","og_locale":"pl_PL","og_type":"article","og_title":"PARK caf\u00e9 | Hotel Park","og_description":"Drodzy go\u015bcie, czekamy na Was, aby ponownie powita\u0107 Was w naszej hotelowej kawiarence. Wy\u015bmienita kawa, pyszne desery oraz przyjemna i przyjazna atmosfera \u2013 to oferujemy w naszej hotelowej kawiarni PARK Caf\u00e9.","og_url":"https:\/\/www.cityhotelpark.sk\/gastronomia\/park-cafe\/","og_site_name":"Hotel Park","article_publisher":"https:\/\/www.facebook.com\/hotel.park.dk\/","article_modified_time":"2025-10-01T11:49:09+00:00","og_image":[{"width":1707,"height":2560,"url":"https:\/\/www.cityhotelpark.sk\/wp-content\/uploads\/2023\/04\/IMG_6673-scaled.jpg","type":"image\/jpeg"}],"twitter_card":"summary_large_image","twitter_misc":{"Szacowany czas czytania":"1 minuta"},"schema":{"@context":"https:\/\/schema.org","@graph":[{"@type":"WebPage","@id":"https:\/\/www.cityhotelpark.sk\/gastronomia\/park-cafe\/","url":"https:\/\/www.cityhotelpark.sk\/gastronomia\/park-cafe\/","name":"PARK caf\u00e9 | Hotel Park","isPartOf":{"@id":"https:\/\/www.cityhotelpark.sk\/#website"},"datePublished":"2020-01-09T17:25:23+00:00","dateModified":"2025-10-01T11:49:09+00:00","breadcrumb":{"@id":"https:\/\/www.cityhotelpark.sk\/gastronomia\/park-cafe\/#breadcrumb"},"inLanguage":"pl-PL","potentialAction":[{"@type":"ReadAction","target":["https:\/\/www.cityhotelpark.sk\/gastronomia\/park-cafe\/"]}]},{"@type":"BreadcrumbList","@id":"https:\/\/www.cityhotelpark.sk\/gastronomia\/park-cafe\/#breadcrumb","itemListElement":[{"@type":"ListItem","position":1,"name":"Home","item":"https:\/\/www.cityhotelpark.sk\/"},{"@type":"ListItem","position":2,"name":"Gastronomia","item":"https:\/\/www.cityhotelpark.sk\/gastronomia\/"},{"@type":"ListItem","position":3,"name":"PARK caf\u00e9"}]},{"@type":"WebSite","@id":"https:\/\/www.cityhotelpark.sk\/#website","url":"https:\/\/www.cityhotelpark.sk\/","name":"Hotel Park","description":"","publisher":{"@id":"https:\/\/www.cityhotelpark.sk\/#organization"},"potentialAction":[{"@type":"SearchAction","target":{"@type":"EntryPoint","urlTemplate":"https:\/\/www.cityhotelpark.sk\/?s={search_term_string}"},"query-input":{"@type":"PropertyValueSpecification","valueRequired":true,"valueName":"search_term_string"}}],"inLanguage":"pl-PL"},{"@type":"Organization","@id":"https:\/\/www.cityhotelpark.sk\/#organization","name":"Hotel Park","url":"https:\/\/www.cityhotelpark.sk\/","logo":{"@type":"ImageObject","inLanguage":"pl-PL","@id":"https:\/\/www.cityhotelpark.sk\/#\/schema\/logo\/image\/","url":"https:\/\/www.cityhotelpark.sk\/wp-content\/uploads\/2018\/10\/hotel-park.png","contentUrl":"https:\/\/www.cityhotelpark.sk\/wp-content\/uploads\/2018\/10\/hotel-park.png","width":152,"height":152,"caption":"Hotel Park"},"image":{"@id":"https:\/\/www.cityhotelpark.sk\/#\/schema\/logo\/image\/"},"sameAs":["https:\/\/www.facebook.com\/hotel.park.dk\/","https:\/\/www.instagram.com\/hotelparkdolnykubin\/?hl=sk"]}]}},"_links":{"self":[{"href":"https:\/\/www.cityhotelpark.sk\/pl\/wp-json\/wp\/v2\/pages\/1308","targetHints":{"allow":["GET"]}}],"collection":[{"href":"https:\/\/www.cityhotelpark.sk\/pl\/wp-json\/wp\/v2\/pages"}],"about":[{"href":"https:\/\/www.cityhotelpark.sk\/pl\/wp-json\/wp\/v2\/types\/page"}],"author":[{"embeddable":true,"href":"https:\/\/www.cityhotelpark.sk\/pl\/wp-json\/wp\/v2\/users\/4"}],"replies":[{"embeddable":true,"href":"https:\/\/www.cityhotelpark.sk\/pl\/wp-json\/wp\/v2\/comments?post=1308"}],"version-history":[{"count":0,"href":"https:\/\/www.cityhotelpark.sk\/pl\/wp-json\/wp\/v2\/pages\/1308\/revisions"}],"up":[{"embeddable":true,"href":"https:\/\/www.cityhotelpark.sk\/pl\/wp-json\/wp\/v2\/pages\/18"}],"wp:attachment":[{"href":"https:\/\/www.cityhotelpark.sk\/pl\/wp-json\/wp\/v2\/media?parent=1308"}],"curies":[{"name":"wp","href":"https:\/\/api.w.org\/{rel}","templated":true}]}}