{"id":12,"date":"2018-09-24T21:49:00","date_gmt":"2018-09-24T19:49:00","guid":{"rendered":"http:\/\/www.cityhotelpark.sk\/?page_id=12"},"modified":"2025-05-28T08:51:18","modified_gmt":"2025-05-28T06:51:18","slug":"hotel","status":"publish","type":"page","link":"https:\/\/www.cityhotelpark.sk\/pl\/hotel\/","title":{"rendered":"Hotel"},"content":{"rendered":"<h2>Do\u015bwiadcz us\u0142ug na najwy\u017cszym poziomie na Orawie<\/h2>\n        <div class=\"divider\"><\/div>\r\n        \n<p>Hotel PARK**** w Dolnym Kub\u00ednie to miejsce spotka\u0144 przyjaci\u00f3\u0142, partner\u00f3w biznesowych oraz rodzin. Nowocze\u015bnie wyposa\u017cony hotel oferuje us\u0142ugi na najwy\u017cszym poziomie, kt\u00f3re zadowol\u0105 nawet najbardziej wymagaj\u0105cych go\u015bci.<\/p>\n<p>Dzi\u0119ki du\u017cej pojemno\u015bci i doskona\u0142ej lokalizacji jest to idealne miejsce na konferencje, spotkania firmowe oraz wesela. Indywidualni go\u015bcie r\u00f3wnie\u017c znajd\u0105 tu co\u015b dla siebie \u2013 mog\u0105 zrelaksowa\u0107 si\u0119 w dwupi\u0119trowym centrum wellness lub sp\u0119dzi\u0107 czas w hotelowym barze bowlingowym.<\/p>\n<p>Przyjemno\u015bci\u0105 dla ka\u017cdego go\u015bcia z pewno\u015bci\u0105 b\u0119dzie doskona\u0142a gastronomia oraz przyjazna atmosfera.<\/p>\n<p><iframe loading=\"lazy\" title=\"Hotel PARK Doln\u00fd Kub\u00edn NEW\" width=\"500\" height=\"281\" src=\"https:\/\/www.youtube.com\/embed\/glXdfi-5kEw?feature=oembed\" frameborder=\"0\" allow=\"accelerometer; autoplay; clipboard-write; encrypted-media; gyroscope; picture-in-picture; web-share\" referrerpolicy=\"strict-origin-when-cross-origin\" allowfullscreen><\/iframe><\/p>\n<p>&nbsp;<\/p>\n<h4 data-start=\"2853\" data-end=\"2912\">\ud83c\udd7f\ufe0f Przed hotelem znajduje si\u0119 <strong data-start=\"2880\" data-end=\"2909\">prywatny parking hotelowy<\/strong>.<\/h4>\n<ul data-start=\"2913\" data-end=\"3184\">\n<li data-start=\"2913\" data-end=\"2960\">\n<p data-start=\"2915\" data-end=\"2960\"><strong data-start=\"2915\" data-end=\"2957\">Op\u0142ata za parking wynosi 6,00 \u20ac za noc<\/strong>.<\/p>\n<\/li>\n<li data-start=\"2961\" data-end=\"3072\">\n<p data-start=\"2963\" data-end=\"3072\"><strong data-start=\"2963\" data-end=\"3030\">Nie ma mo\u017cliwo\u015bci wcze\u015bniejszej rezerwacji miejsca parkingowego<\/strong> i <strong data-start=\"3033\" data-end=\"3069\">dost\u0119pno\u015b\u0107 nie jest gwarantowana<\/strong>.<\/p>\n<\/li>\n<li data-start=\"3073\" data-end=\"3184\">\n<p data-start=\"3075\" data-end=\"3184\">W przypadku braku wolnych miejsc polecamy <strong data-start=\"3117\" data-end=\"3136\">miejski parking<\/strong> obok hotelu, naprzeciwko <strong data-start=\"3162\" data-end=\"3183\">urz\u0119du skarbowego<\/strong>.<\/p>\n<\/li>\n<\/ul>\n","protected":false},"excerpt":{"rendered":"<p>Hotel Park**** sa nach\u00e1dza priamo v centre Doln\u00e9ho Kub\u00edna s bezprostredn\u00fdm dotykom pr\u00edrody a pamiatok Oravy. V hoteli sa nach\u00e1dza 78 izieb s celkovou kapacitou 166 l\u00f4\u017eok a modern\u00fdm vybaven\u00edm izieb. O skuto\u010dn\u00fd gastronomick\u00fd z\u00e1\u017eitok sa postar\u00e1 \u0161\u00e9fkuch\u00e1r Vladim\u00edr Vav\u00e1k. Zrelaxova\u0165 m\u00f4\u017eete v dvojpodla\u017enom wellness centre s baz\u00e9nom a 3 saunami. Priamo v hoteli sa nach\u00e1dza Bowling bar s 2 dr\u00e1hami.<\/p>\n","protected":false},"author":4,"featured_media":0,"parent":0,"menu_order":6,"comment_status":"closed","ping_status":"closed","template":"","meta":{"footnotes":""},"class_list":["post-12","page","type-page","status-publish","hentry"],"yoast_head":"<!-- This site is optimized with the Yoast SEO plugin v27.3 - https:\/\/yoast.com\/product\/yoast-seo-wordpress\/ -->\n<title>(English) Hotel Park**** Doln\u00fd Kub\u00edn<\/title>\n<meta name=\"robots\" content=\"index, follow, max-snippet:-1, max-image-preview:large, max-video-preview:-1\" \/>\n<link rel=\"canonical\" href=\"https:\/\/www.cityhotelpark.sk\/hotel\/\" \/>\n<meta property=\"og:locale\" content=\"pl_PL\" \/>\n<meta property=\"og:type\" content=\"article\" \/>\n<meta property=\"og:title\" content=\"[:en]Hotel Park**** Doln\u00fd Kub\u00edn[:]\" \/>\n<meta property=\"og:description\" content=\"Hotel Park**** sa nach\u00e1dza priamo v centre Doln\u00e9ho Kub\u00edna s bezprostredn\u00fdm dotykom pr\u00edrody a pamiatok Oravy. V hoteli sa nach\u00e1dza 78 izieb s celkovou kapacitou 166 l\u00f4\u017eok a modern\u00fdm vybaven\u00edm izieb. O skuto\u010dn\u00fd gastronomick\u00fd z\u00e1\u017eitok sa postar\u00e1 \u0161\u00e9fkuch\u00e1r Vladim\u00edr Vav\u00e1k. Zrelaxova\u0165 m\u00f4\u017eete v dvojpodla\u017enom wellness centre s baz\u00e9nom a 3 saunami. Priamo v hoteli sa nach\u00e1dza Bowling bar s 2 dr\u00e1hami.\" \/>\n<meta property=\"og:url\" content=\"https:\/\/www.cityhotelpark.sk\/hotel\/\" \/>\n<meta property=\"og:site_name\" content=\"Hotel Park\" \/>\n<meta property=\"article:publisher\" content=\"https:\/\/www.facebook.com\/hotel.park.dk\/\" \/>\n<meta property=\"article:modified_time\" content=\"2025-05-28T06:51:18+00:00\" \/>\n<meta property=\"og:image\" content=\"https:\/\/www.cityhotelpark.sk\/wp-content\/uploads\/2018\/10\/hotel-5.jpg\" \/>\n\t<meta property=\"og:image:width\" content=\"2160\" \/>\n\t<meta property=\"og:image:height\" content=\"1529\" \/>\n\t<meta property=\"og:image:type\" content=\"image\/jpeg\" \/>\n<meta name=\"twitter:card\" content=\"summary_large_image\" \/>\n<meta name=\"twitter:label1\" content=\"Szacowany czas czytania\" \/>\n\t<meta name=\"twitter:data1\" content=\"1 minuta\" \/>\n<script type=\"application\/ld+json\" class=\"yoast-schema-graph\">{\"@context\":\"https:\\\/\\\/schema.org\",\"@graph\":[{\"@type\":\"WebPage\",\"@id\":\"https:\\\/\\\/www.cityhotelpark.sk\\\/hotel\\\/\",\"url\":\"https:\\\/\\\/www.cityhotelpark.sk\\\/hotel\\\/\",\"name\":\"[:en]Hotel Park**** Doln\u00fd Kub\u00edn[:]\",\"isPartOf\":{\"@id\":\"https:\\\/\\\/www.cityhotelpark.sk\\\/#website\"},\"datePublished\":\"2018-09-24T19:49:00+00:00\",\"dateModified\":\"2025-05-28T06:51:18+00:00\",\"breadcrumb\":{\"@id\":\"https:\\\/\\\/www.cityhotelpark.sk\\\/hotel\\\/#breadcrumb\"},\"inLanguage\":\"pl-PL\",\"potentialAction\":[{\"@type\":\"ReadAction\",\"target\":[\"https:\\\/\\\/www.cityhotelpark.sk\\\/hotel\\\/\"]}]},{\"@type\":\"BreadcrumbList\",\"@id\":\"https:\\\/\\\/www.cityhotelpark.sk\\\/hotel\\\/#breadcrumb\",\"itemListElement\":[{\"@type\":\"ListItem\",\"position\":1,\"name\":\"Home\",\"item\":\"https:\\\/\\\/www.cityhotelpark.sk\\\/\"},{\"@type\":\"ListItem\",\"position\":2,\"name\":\"Hotel\"}]},{\"@type\":\"WebSite\",\"@id\":\"https:\\\/\\\/www.cityhotelpark.sk\\\/#website\",\"url\":\"https:\\\/\\\/www.cityhotelpark.sk\\\/\",\"name\":\"Hotel Park\",\"description\":\"\",\"publisher\":{\"@id\":\"https:\\\/\\\/www.cityhotelpark.sk\\\/#organization\"},\"potentialAction\":[{\"@type\":\"SearchAction\",\"target\":{\"@type\":\"EntryPoint\",\"urlTemplate\":\"https:\\\/\\\/www.cityhotelpark.sk\\\/?s={search_term_string}\"},\"query-input\":{\"@type\":\"PropertyValueSpecification\",\"valueRequired\":true,\"valueName\":\"search_term_string\"}}],\"inLanguage\":\"pl-PL\"},{\"@type\":\"Organization\",\"@id\":\"https:\\\/\\\/www.cityhotelpark.sk\\\/#organization\",\"name\":\"Hotel Park\",\"url\":\"https:\\\/\\\/www.cityhotelpark.sk\\\/\",\"logo\":{\"@type\":\"ImageObject\",\"inLanguage\":\"pl-PL\",\"@id\":\"https:\\\/\\\/www.cityhotelpark.sk\\\/#\\\/schema\\\/logo\\\/image\\\/\",\"url\":\"https:\\\/\\\/www.cityhotelpark.sk\\\/wp-content\\\/uploads\\\/2018\\\/10\\\/hotel-park.png\",\"contentUrl\":\"https:\\\/\\\/www.cityhotelpark.sk\\\/wp-content\\\/uploads\\\/2018\\\/10\\\/hotel-park.png\",\"width\":152,\"height\":152,\"caption\":\"Hotel Park\"},\"image\":{\"@id\":\"https:\\\/\\\/www.cityhotelpark.sk\\\/#\\\/schema\\\/logo\\\/image\\\/\"},\"sameAs\":[\"https:\\\/\\\/www.facebook.com\\\/hotel.park.dk\\\/\",\"https:\\\/\\\/www.instagram.com\\\/hotelparkdolnykubin\\\/?hl=sk\"]}]}<\/script>\n<!-- \/ Yoast SEO plugin. -->","yoast_head_json":{"title":"(English) Hotel Park**** Doln\u00fd Kub\u00edn","robots":{"index":"index","follow":"follow","max-snippet":"max-snippet:-1","max-image-preview":"max-image-preview:large","max-video-preview":"max-video-preview:-1"},"canonical":"https:\/\/www.cityhotelpark.sk\/hotel\/","og_locale":"pl_PL","og_type":"article","og_title":"[:en]Hotel Park**** Doln\u00fd Kub\u00edn[:]","og_description":"Hotel Park**** sa nach\u00e1dza priamo v centre Doln\u00e9ho Kub\u00edna s bezprostredn\u00fdm dotykom pr\u00edrody a pamiatok Oravy. V hoteli sa nach\u00e1dza 78 izieb s celkovou kapacitou 166 l\u00f4\u017eok a modern\u00fdm vybaven\u00edm izieb. O skuto\u010dn\u00fd gastronomick\u00fd z\u00e1\u017eitok sa postar\u00e1 \u0161\u00e9fkuch\u00e1r Vladim\u00edr Vav\u00e1k. Zrelaxova\u0165 m\u00f4\u017eete v dvojpodla\u017enom wellness centre s baz\u00e9nom a 3 saunami. Priamo v hoteli sa nach\u00e1dza Bowling bar s 2 dr\u00e1hami.","og_url":"https:\/\/www.cityhotelpark.sk\/hotel\/","og_site_name":"Hotel Park","article_publisher":"https:\/\/www.facebook.com\/hotel.park.dk\/","article_modified_time":"2025-05-28T06:51:18+00:00","og_image":[{"width":2160,"height":1529,"url":"https:\/\/www.cityhotelpark.sk\/wp-content\/uploads\/2018\/10\/hotel-5.jpg","type":"image\/jpeg"}],"twitter_card":"summary_large_image","twitter_misc":{"Szacowany czas czytania":"1 minuta"},"schema":{"@context":"https:\/\/schema.org","@graph":[{"@type":"WebPage","@id":"https:\/\/www.cityhotelpark.sk\/hotel\/","url":"https:\/\/www.cityhotelpark.sk\/hotel\/","name":"[:en]Hotel Park**** Doln\u00fd Kub\u00edn[:]","isPartOf":{"@id":"https:\/\/www.cityhotelpark.sk\/#website"},"datePublished":"2018-09-24T19:49:00+00:00","dateModified":"2025-05-28T06:51:18+00:00","breadcrumb":{"@id":"https:\/\/www.cityhotelpark.sk\/hotel\/#breadcrumb"},"inLanguage":"pl-PL","potentialAction":[{"@type":"ReadAction","target":["https:\/\/www.cityhotelpark.sk\/hotel\/"]}]},{"@type":"BreadcrumbList","@id":"https:\/\/www.cityhotelpark.sk\/hotel\/#breadcrumb","itemListElement":[{"@type":"ListItem","position":1,"name":"Home","item":"https:\/\/www.cityhotelpark.sk\/"},{"@type":"ListItem","position":2,"name":"Hotel"}]},{"@type":"WebSite","@id":"https:\/\/www.cityhotelpark.sk\/#website","url":"https:\/\/www.cityhotelpark.sk\/","name":"Hotel Park","description":"","publisher":{"@id":"https:\/\/www.cityhotelpark.sk\/#organization"},"potentialAction":[{"@type":"SearchAction","target":{"@type":"EntryPoint","urlTemplate":"https:\/\/www.cityhotelpark.sk\/?s={search_term_string}"},"query-input":{"@type":"PropertyValueSpecification","valueRequired":true,"valueName":"search_term_string"}}],"inLanguage":"pl-PL"},{"@type":"Organization","@id":"https:\/\/www.cityhotelpark.sk\/#organization","name":"Hotel Park","url":"https:\/\/www.cityhotelpark.sk\/","logo":{"@type":"ImageObject","inLanguage":"pl-PL","@id":"https:\/\/www.cityhotelpark.sk\/#\/schema\/logo\/image\/","url":"https:\/\/www.cityhotelpark.sk\/wp-content\/uploads\/2018\/10\/hotel-park.png","contentUrl":"https:\/\/www.cityhotelpark.sk\/wp-content\/uploads\/2018\/10\/hotel-park.png","width":152,"height":152,"caption":"Hotel Park"},"image":{"@id":"https:\/\/www.cityhotelpark.sk\/#\/schema\/logo\/image\/"},"sameAs":["https:\/\/www.facebook.com\/hotel.park.dk\/","https:\/\/www.instagram.com\/hotelparkdolnykubin\/?hl=sk"]}]}},"_links":{"self":[{"href":"https:\/\/www.cityhotelpark.sk\/pl\/wp-json\/wp\/v2\/pages\/12","targetHints":{"allow":["GET"]}}],"collection":[{"href":"https:\/\/www.cityhotelpark.sk\/pl\/wp-json\/wp\/v2\/pages"}],"about":[{"href":"https:\/\/www.cityhotelpark.sk\/pl\/wp-json\/wp\/v2\/types\/page"}],"author":[{"embeddable":true,"href":"https:\/\/www.cityhotelpark.sk\/pl\/wp-json\/wp\/v2\/users\/4"}],"replies":[{"embeddable":true,"href":"https:\/\/www.cityhotelpark.sk\/pl\/wp-json\/wp\/v2\/comments?post=12"}],"version-history":[{"count":0,"href":"https:\/\/www.cityhotelpark.sk\/pl\/wp-json\/wp\/v2\/pages\/12\/revisions"}],"wp:attachment":[{"href":"https:\/\/www.cityhotelpark.sk\/pl\/wp-json\/wp\/v2\/media?parent=12"}],"curies":[{"name":"wp","href":"https:\/\/api.w.org\/{rel}","templated":true}]}}