{"id":595,"date":"2018-11-04T01:00:07","date_gmt":"2018-11-04T00:00:07","guid":{"rendered":"http:\/\/www.cityhotelpark.sk\/?page_id=595"},"modified":"2026-04-12T19:31:28","modified_gmt":"2026-04-12T17:31:28","slug":"denne-menu","status":"publish","type":"page","link":"https:\/\/www.cityhotelpark.sk\/en\/gastronomy\/daily-menu-2\/","title":{"rendered":"Daily offer"},"content":{"rendered":"<p>&nbsp;<\/p>\r\n<p>&nbsp;<\/p>\r\n<p data-start=\"494\" data-end=\"552\">There is a private hotel car park in front of the hotel.<\/p>\r\n<ul data-start=\"553\" data-end=\"794\">\r\n<li data-start=\"553\" data-end=\"614\">\r\n<p data-start=\"555\" data-end=\"614\">Guests of restaurant enjoy <strong data-start=\"581\" data-end=\"611\">90 minutes of free parking<\/strong>.<\/p>\r\n<\/li>\r\n<li data-start=\"615\" data-end=\"675\">\r\n<p data-start=\"617\" data-end=\"675\">After that, a fee of <strong data-start=\"638\" data-end=\"664\">\u20ac1.50 per started hour<\/strong> applies.<\/p>\r\n<\/li>\r\n<li data-start=\"676\" data-end=\"794\">\r\n<p data-start=\"678\" data-end=\"794\">Please ask the staff to validate your parking ticket when paying. After validation, you have <strong data-start=\"771\" data-end=\"793\">10 minutes to exit<\/strong>.<\/p>\r\n<\/li>\r\n<\/ul>\r\n<p>&nbsp;<\/p>\r\n\r\n<figure class=\"wp-block-gallery has-nested-images columns-default is-cropped wp-block-gallery-1 is-layout-flex wp-block-gallery-is-layout-flex\"><\/figure>\r\n","protected":false},"excerpt":{"rendered":"<p>&nbsp; &nbsp; There is a private hotel car park in front of the hotel. Guests of restaurant enjoy 90 minutes of free parking. After that, a fee of \u20ac1.50 per started hour applies. Please ask the staff to validate your parking ticket when paying. After validation, you have 10 minutes to exit. &nbsp;<\/p>\n","protected":false},"author":4,"featured_media":0,"parent":18,"menu_order":27,"comment_status":"closed","ping_status":"closed","template":"","meta":{"footnotes":""},"class_list":["post-595","page","type-page","status-publish","hentry"],"yoast_head":"<!-- This site is optimized with the Yoast SEO plugin v27.3 - https:\/\/yoast.com\/product\/yoast-seo-wordpress\/ -->\n<title>Daily menu | Hotel Park****<\/title>\n<meta name=\"robots\" content=\"index, follow, max-snippet:-1, max-image-preview:large, max-video-preview:-1\" \/>\n<link rel=\"canonical\" href=\"https:\/\/www.cityhotelpark.sk\/gastronomia\/denne-menu-2\/\" \/>\n<meta property=\"og:locale\" content=\"en_US\" \/>\n<meta property=\"og:type\" content=\"article\" \/>\n<meta property=\"og:title\" content=\"[:sk]Denn\u00e9 menu | Hotel Park**** Doln\u00fd Kub\u00edn[:en]Daily menu | Hotel Park****[:]\" \/>\n<meta property=\"og:description\" content=\"&nbsp; &nbsp; There is a private hotel car park in front of the hotel. Guests of restaurant enjoy 90 minutes of free parking. After that, a fee of \u20ac1.50 per started hour applies. Please ask the staff to validate your parking ticket when paying. After validation, you have 10 minutes to exit. &nbsp;\" \/>\n<meta property=\"og:url\" content=\"https:\/\/www.cityhotelpark.sk\/gastronomia\/denne-menu-2\/\" \/>\n<meta property=\"og:site_name\" content=\"Hotel Park\" \/>\n<meta property=\"article:publisher\" content=\"https:\/\/www.facebook.com\/hotel.park.dk\/\" \/>\n<meta property=\"article:modified_time\" content=\"2026-04-12T17:31:28+00:00\" \/>\n<meta name=\"twitter:card\" content=\"summary_large_image\" \/>\n<meta name=\"twitter:label1\" content=\"Est. reading time\" \/>\n\t<meta name=\"twitter:data1\" content=\"1 minute\" \/>\n<script type=\"application\/ld+json\" class=\"yoast-schema-graph\">{\"@context\":\"https:\\\/\\\/schema.org\",\"@graph\":[{\"@type\":\"WebPage\",\"@id\":\"https:\\\/\\\/www.cityhotelpark.sk\\\/gastronomia\\\/denne-menu-2\\\/\",\"url\":\"https:\\\/\\\/www.cityhotelpark.sk\\\/gastronomia\\\/denne-menu-2\\\/\",\"name\":\"[:sk]Denn\u00e9 menu | Hotel Park**** Doln\u00fd Kub\u00edn[:en]Daily menu | Hotel Park****[:]\",\"isPartOf\":{\"@id\":\"https:\\\/\\\/www.cityhotelpark.sk\\\/#website\"},\"datePublished\":\"2018-11-04T00:00:07+00:00\",\"dateModified\":\"2026-04-12T17:31:28+00:00\",\"breadcrumb\":{\"@id\":\"https:\\\/\\\/www.cityhotelpark.sk\\\/gastronomia\\\/denne-menu-2\\\/#breadcrumb\"},\"inLanguage\":\"en-US\",\"potentialAction\":[{\"@type\":\"ReadAction\",\"target\":[\"https:\\\/\\\/www.cityhotelpark.sk\\\/gastronomia\\\/denne-menu-2\\\/\"]}]},{\"@type\":\"BreadcrumbList\",\"@id\":\"https:\\\/\\\/www.cityhotelpark.sk\\\/gastronomia\\\/denne-menu-2\\\/#breadcrumb\",\"itemListElement\":[{\"@type\":\"ListItem\",\"position\":1,\"name\":\"Home\",\"item\":\"https:\\\/\\\/www.cityhotelpark.sk\\\/\"},{\"@type\":\"ListItem\",\"position\":2,\"name\":\"Gastronomia\",\"item\":\"https:\\\/\\\/www.cityhotelpark.sk\\\/gastronomia\\\/\"},{\"@type\":\"ListItem\",\"position\":3,\"name\":\"Denn\u00e9 menu\"}]},{\"@type\":\"WebSite\",\"@id\":\"https:\\\/\\\/www.cityhotelpark.sk\\\/#website\",\"url\":\"https:\\\/\\\/www.cityhotelpark.sk\\\/\",\"name\":\"Hotel Park\",\"description\":\"\",\"publisher\":{\"@id\":\"https:\\\/\\\/www.cityhotelpark.sk\\\/#organization\"},\"potentialAction\":[{\"@type\":\"SearchAction\",\"target\":{\"@type\":\"EntryPoint\",\"urlTemplate\":\"https:\\\/\\\/www.cityhotelpark.sk\\\/?s={search_term_string}\"},\"query-input\":{\"@type\":\"PropertyValueSpecification\",\"valueRequired\":true,\"valueName\":\"search_term_string\"}}],\"inLanguage\":\"en-US\"},{\"@type\":\"Organization\",\"@id\":\"https:\\\/\\\/www.cityhotelpark.sk\\\/#organization\",\"name\":\"Hotel Park\",\"url\":\"https:\\\/\\\/www.cityhotelpark.sk\\\/\",\"logo\":{\"@type\":\"ImageObject\",\"inLanguage\":\"en-US\",\"@id\":\"https:\\\/\\\/www.cityhotelpark.sk\\\/#\\\/schema\\\/logo\\\/image\\\/\",\"url\":\"https:\\\/\\\/www.cityhotelpark.sk\\\/wp-content\\\/uploads\\\/2018\\\/10\\\/hotel-park.png\",\"contentUrl\":\"https:\\\/\\\/www.cityhotelpark.sk\\\/wp-content\\\/uploads\\\/2018\\\/10\\\/hotel-park.png\",\"width\":152,\"height\":152,\"caption\":\"Hotel Park\"},\"image\":{\"@id\":\"https:\\\/\\\/www.cityhotelpark.sk\\\/#\\\/schema\\\/logo\\\/image\\\/\"},\"sameAs\":[\"https:\\\/\\\/www.facebook.com\\\/hotel.park.dk\\\/\",\"https:\\\/\\\/www.instagram.com\\\/hotelparkdolnykubin\\\/?hl=sk\"]}]}<\/script>\n<!-- \/ Yoast SEO plugin. -->","yoast_head_json":{"title":"Daily menu | Hotel Park****","robots":{"index":"index","follow":"follow","max-snippet":"max-snippet:-1","max-image-preview":"max-image-preview:large","max-video-preview":"max-video-preview:-1"},"canonical":"https:\/\/www.cityhotelpark.sk\/gastronomia\/denne-menu-2\/","og_locale":"en_US","og_type":"article","og_title":"[:sk]Denn\u00e9 menu | Hotel Park**** Doln\u00fd Kub\u00edn[:en]Daily menu | Hotel Park****[:]","og_description":"&nbsp; &nbsp; There is a private hotel car park in front of the hotel. Guests of restaurant enjoy 90 minutes of free parking. After that, a fee of \u20ac1.50 per started hour applies. Please ask the staff to validate your parking ticket when paying. After validation, you have 10 minutes to exit. &nbsp;","og_url":"https:\/\/www.cityhotelpark.sk\/gastronomia\/denne-menu-2\/","og_site_name":"Hotel Park","article_publisher":"https:\/\/www.facebook.com\/hotel.park.dk\/","article_modified_time":"2026-04-12T17:31:28+00:00","twitter_card":"summary_large_image","twitter_misc":{"Est. reading time":"1 minute"},"schema":{"@context":"https:\/\/schema.org","@graph":[{"@type":"WebPage","@id":"https:\/\/www.cityhotelpark.sk\/gastronomia\/denne-menu-2\/","url":"https:\/\/www.cityhotelpark.sk\/gastronomia\/denne-menu-2\/","name":"[:sk]Denn\u00e9 menu | Hotel Park**** Doln\u00fd Kub\u00edn[:en]Daily menu | Hotel Park****[:]","isPartOf":{"@id":"https:\/\/www.cityhotelpark.sk\/#website"},"datePublished":"2018-11-04T00:00:07+00:00","dateModified":"2026-04-12T17:31:28+00:00","breadcrumb":{"@id":"https:\/\/www.cityhotelpark.sk\/gastronomia\/denne-menu-2\/#breadcrumb"},"inLanguage":"en-US","potentialAction":[{"@type":"ReadAction","target":["https:\/\/www.cityhotelpark.sk\/gastronomia\/denne-menu-2\/"]}]},{"@type":"BreadcrumbList","@id":"https:\/\/www.cityhotelpark.sk\/gastronomia\/denne-menu-2\/#breadcrumb","itemListElement":[{"@type":"ListItem","position":1,"name":"Home","item":"https:\/\/www.cityhotelpark.sk\/"},{"@type":"ListItem","position":2,"name":"Gastronomia","item":"https:\/\/www.cityhotelpark.sk\/gastronomia\/"},{"@type":"ListItem","position":3,"name":"Denn\u00e9 menu"}]},{"@type":"WebSite","@id":"https:\/\/www.cityhotelpark.sk\/#website","url":"https:\/\/www.cityhotelpark.sk\/","name":"Hotel Park","description":"","publisher":{"@id":"https:\/\/www.cityhotelpark.sk\/#organization"},"potentialAction":[{"@type":"SearchAction","target":{"@type":"EntryPoint","urlTemplate":"https:\/\/www.cityhotelpark.sk\/?s={search_term_string}"},"query-input":{"@type":"PropertyValueSpecification","valueRequired":true,"valueName":"search_term_string"}}],"inLanguage":"en-US"},{"@type":"Organization","@id":"https:\/\/www.cityhotelpark.sk\/#organization","name":"Hotel Park","url":"https:\/\/www.cityhotelpark.sk\/","logo":{"@type":"ImageObject","inLanguage":"en-US","@id":"https:\/\/www.cityhotelpark.sk\/#\/schema\/logo\/image\/","url":"https:\/\/www.cityhotelpark.sk\/wp-content\/uploads\/2018\/10\/hotel-park.png","contentUrl":"https:\/\/www.cityhotelpark.sk\/wp-content\/uploads\/2018\/10\/hotel-park.png","width":152,"height":152,"caption":"Hotel Park"},"image":{"@id":"https:\/\/www.cityhotelpark.sk\/#\/schema\/logo\/image\/"},"sameAs":["https:\/\/www.facebook.com\/hotel.park.dk\/","https:\/\/www.instagram.com\/hotelparkdolnykubin\/?hl=sk"]}]}},"_links":{"self":[{"href":"https:\/\/www.cityhotelpark.sk\/en\/wp-json\/wp\/v2\/pages\/595","targetHints":{"allow":["GET"]}}],"collection":[{"href":"https:\/\/www.cityhotelpark.sk\/en\/wp-json\/wp\/v2\/pages"}],"about":[{"href":"https:\/\/www.cityhotelpark.sk\/en\/wp-json\/wp\/v2\/types\/page"}],"author":[{"embeddable":true,"href":"https:\/\/www.cityhotelpark.sk\/en\/wp-json\/wp\/v2\/users\/4"}],"replies":[{"embeddable":true,"href":"https:\/\/www.cityhotelpark.sk\/en\/wp-json\/wp\/v2\/comments?post=595"}],"version-history":[{"count":0,"href":"https:\/\/www.cityhotelpark.sk\/en\/wp-json\/wp\/v2\/pages\/595\/revisions"}],"up":[{"embeddable":true,"href":"https:\/\/www.cityhotelpark.sk\/en\/wp-json\/wp\/v2\/pages\/18"}],"wp:attachment":[{"href":"https:\/\/www.cityhotelpark.sk\/en\/wp-json\/wp\/v2\/media?parent=595"}],"curies":[{"name":"wp","href":"https:\/\/api.w.org\/{rel}","templated":true}]}}