{"id":33,"date":"2018-09-24T21:49:42","date_gmt":"2018-09-24T19:49:42","guid":{"rendered":"http:\/\/www.cityhotelpark.sk\/?page_id=33"},"modified":"2025-03-17T14:14:08","modified_gmt":"2025-03-17T13:14:08","slug":"kontakt","status":"publish","type":"page","link":"https:\/\/www.cityhotelpark.sk\/en\/contact\/","title":{"rendered":"Contacts"},"content":{"rendered":"<h3>Contacts<\/h3>\n<p>Hotel Park****<\/p>\n<p>Radlinsk\u00e9ho 21<br \/>\n026 01 Doln\u00fd Kub\u00edn<br \/>\nSLOVENSKO<\/p>\n<p>T:\u00a0<a class=\"noskype ishidding\" href=\"tel:+421 43 581 11 11\">+421 43 581 11 11<\/a><br \/>\nM:\u00a0<a class=\"noskype ishidding\" href=\"tel:+421 43 581 11 11\">+421 918 913 012<\/a><br \/>\nE:\u00a0<a href=\"mailto:recepcia@cityhotelpark.sk\">recepcia@cityhotelpark.sk<\/a><\/p>\n<p>GPS:\u00a049.209584,\u00a019.2931384<\/p>\n<p><strong>49\u00b012&#8217;34.5&#8243;N 19\u00b017&#8217;35.3&#8243;E<\/strong><\/p>\n<h3>Department contacts<\/h3>\n<h4>HOTEL MANAGEMENT<\/h4>\n<p><strong>J\u00e1n Babic<\/strong><\/p>\n<p>F&amp;B manager<br \/>\n<a href=\"mailto:%20prevadzka@cityhotelpark.sk\" target=\"_blank\" rel=\"noopener noreferrer\">prevadzka@cityhotelpark.sk<\/a><br \/>\n+421 918 793 821<\/p>\n<h4><strong>SALES <\/strong>CONGRESSES. EVENTS<\/h4>\n<p><strong>Ivana Lev\u00e1kov\u00e1<br \/>\n<\/strong>Sales Manager<br \/>\n<a href=\"mailto:sales@kubinska.sk\">sales@kubinska.sk<\/a><br \/>\n+421 907 913 594<\/p>\n<p><strong>Lenka U\u017eekov\u00e1<br \/>\n<\/strong>Sales Manager<br \/>\n<a href=\"mailto:sales@kubinska.sk\">sales@kubinska.sk<\/a><br \/>\n+421 907 675 905<\/p>\n<h4>MARKETING<\/h4>\n<p><strong>Patr\u00edcia Ja\u0161\u0161ov\u00e1<\/strong><br \/>\nMarketing Specialist<br \/>\n<a href=\"mailto:patricia.jassova@kubinska.sk\">patricia.jassova@kubinska.sk<\/a><br \/>\n+421 917 468 215<\/p>\n<p><a href=\"https:\/\/www.cityhotelpark.sk\/wp-content\/uploads\/2025\/03\/vop_eng.pdf\">General Terms and Conditions.<\/a><\/p>\n<p><a href=\"https:\/\/www.cityhotelpark.sk\/wp-content\/uploads\/2025\/02\/UBYTOVACI-PORIADOK-hotel-park.pdf\">Ubytovac\u00ed poriadok.<\/a><\/p>\n<p><a href=\"https:\/\/www.cityhotelpark.sk\/wp-content\/uploads\/2025\/03\/GPDR_eng.pdf\" target=\"_blank\" rel=\"noopener\">GDPR<\/a>.<\/p>\n","protected":false},"excerpt":{"rendered":"<p>Contacts Hotel Park**** Radlinsk\u00e9ho 21 026 01 Doln\u00fd Kub\u00edn SLOVENSKO T:\u00a0+421 43 581 11 11 M:\u00a0+421 918 913 012 E:\u00a0recepcia@cityhotelpark.sk GPS:\u00a049.209584,\u00a019.2931384 49\u00b012&#8217;34.5&#8243;N 19\u00b017&#8217;35.3&#8243;E Department contacts HOTEL MANAGEMENT J\u00e1n Babic F&amp;B manager prevadzka@cityhotelpark.sk +421 918 793 821 SALES CONGRESSES. EVENTS Ivana Lev\u00e1kov\u00e1 Sales Manager sales@kubinska.sk +421 907 913 594 Lenka U\u017eekov\u00e1 Sales Manager sales@kubinska.sk +421 907 [&hellip;]<\/p>\n","protected":false},"author":4,"featured_media":0,"parent":0,"menu_order":9,"comment_status":"closed","ping_status":"closed","template":"","meta":{"footnotes":""},"class_list":["post-33","page","type-page","status-publish","hentry"],"yoast_head":"<!-- This site is optimized with the Yoast SEO plugin v27.3 - https:\/\/yoast.com\/product\/yoast-seo-wordpress\/ -->\n<title>Contacts | Hotel Park<\/title>\n<meta name=\"robots\" content=\"index, follow, max-snippet:-1, max-image-preview:large, max-video-preview:-1\" \/>\n<link rel=\"canonical\" href=\"https:\/\/www.cityhotelpark.sk\/kontakt\/\" \/>\n<meta property=\"og:locale\" content=\"en_US\" \/>\n<meta property=\"og:type\" content=\"article\" \/>\n<meta property=\"og:title\" content=\"Contacts | Hotel Park\" \/>\n<meta property=\"og:description\" content=\"Contacts Hotel Park**** Radlinsk\u00e9ho 21 026 01 Doln\u00fd Kub\u00edn SLOVENSKO T:\u00a0+421 43 581 11 11 M:\u00a0+421 918 913 012 E:\u00a0recepcia@cityhotelpark.sk GPS:\u00a049.209584,\u00a019.2931384 49\u00b012&#8217;34.5&#8243;N 19\u00b017&#8217;35.3&#8243;E Department contacts HOTEL MANAGEMENT J\u00e1n Babic F&amp;B manager prevadzka@cityhotelpark.sk +421 918 793 821 SALES CONGRESSES. EVENTS Ivana Lev\u00e1kov\u00e1 Sales Manager sales@kubinska.sk +421 907 913 594 Lenka U\u017eekov\u00e1 Sales Manager sales@kubinska.sk +421 907 [&hellip;]\" \/>\n<meta property=\"og:url\" content=\"https:\/\/www.cityhotelpark.sk\/kontakt\/\" \/>\n<meta property=\"og:site_name\" content=\"Hotel Park\" \/>\n<meta property=\"article:publisher\" content=\"https:\/\/www.facebook.com\/hotel.park.dk\/\" \/>\n<meta property=\"article:modified_time\" content=\"2025-03-17T13:14:08+00:00\" \/>\n<meta name=\"twitter:card\" content=\"summary_large_image\" \/>\n<meta name=\"twitter:label1\" content=\"Est. reading time\" \/>\n\t<meta name=\"twitter:data1\" content=\"1 minute\" \/>\n<script type=\"application\/ld+json\" class=\"yoast-schema-graph\">{\"@context\":\"https:\\\/\\\/schema.org\",\"@graph\":[{\"@type\":\"WebPage\",\"@id\":\"https:\\\/\\\/www.cityhotelpark.sk\\\/kontakt\\\/\",\"url\":\"https:\\\/\\\/www.cityhotelpark.sk\\\/kontakt\\\/\",\"name\":\"Contacts | Hotel Park\",\"isPartOf\":{\"@id\":\"https:\\\/\\\/www.cityhotelpark.sk\\\/#website\"},\"datePublished\":\"2018-09-24T19:49:42+00:00\",\"dateModified\":\"2025-03-17T13:14:08+00:00\",\"breadcrumb\":{\"@id\":\"https:\\\/\\\/www.cityhotelpark.sk\\\/kontakt\\\/#breadcrumb\"},\"inLanguage\":\"en-US\",\"potentialAction\":[{\"@type\":\"ReadAction\",\"target\":[\"https:\\\/\\\/www.cityhotelpark.sk\\\/kontakt\\\/\"]}]},{\"@type\":\"BreadcrumbList\",\"@id\":\"https:\\\/\\\/www.cityhotelpark.sk\\\/kontakt\\\/#breadcrumb\",\"itemListElement\":[{\"@type\":\"ListItem\",\"position\":1,\"name\":\"Home\",\"item\":\"https:\\\/\\\/www.cityhotelpark.sk\\\/\"},{\"@type\":\"ListItem\",\"position\":2,\"name\":\"Kontakt\"}]},{\"@type\":\"WebSite\",\"@id\":\"https:\\\/\\\/www.cityhotelpark.sk\\\/#website\",\"url\":\"https:\\\/\\\/www.cityhotelpark.sk\\\/\",\"name\":\"Hotel Park\",\"description\":\"\",\"publisher\":{\"@id\":\"https:\\\/\\\/www.cityhotelpark.sk\\\/#organization\"},\"potentialAction\":[{\"@type\":\"SearchAction\",\"target\":{\"@type\":\"EntryPoint\",\"urlTemplate\":\"https:\\\/\\\/www.cityhotelpark.sk\\\/?s={search_term_string}\"},\"query-input\":{\"@type\":\"PropertyValueSpecification\",\"valueRequired\":true,\"valueName\":\"search_term_string\"}}],\"inLanguage\":\"en-US\"},{\"@type\":\"Organization\",\"@id\":\"https:\\\/\\\/www.cityhotelpark.sk\\\/#organization\",\"name\":\"Hotel Park\",\"url\":\"https:\\\/\\\/www.cityhotelpark.sk\\\/\",\"logo\":{\"@type\":\"ImageObject\",\"inLanguage\":\"en-US\",\"@id\":\"https:\\\/\\\/www.cityhotelpark.sk\\\/#\\\/schema\\\/logo\\\/image\\\/\",\"url\":\"https:\\\/\\\/www.cityhotelpark.sk\\\/wp-content\\\/uploads\\\/2018\\\/10\\\/hotel-park.png\",\"contentUrl\":\"https:\\\/\\\/www.cityhotelpark.sk\\\/wp-content\\\/uploads\\\/2018\\\/10\\\/hotel-park.png\",\"width\":152,\"height\":152,\"caption\":\"Hotel Park\"},\"image\":{\"@id\":\"https:\\\/\\\/www.cityhotelpark.sk\\\/#\\\/schema\\\/logo\\\/image\\\/\"},\"sameAs\":[\"https:\\\/\\\/www.facebook.com\\\/hotel.park.dk\\\/\",\"https:\\\/\\\/www.instagram.com\\\/hotelparkdolnykubin\\\/?hl=sk\"]}]}<\/script>\n<!-- \/ Yoast SEO plugin. -->","yoast_head_json":{"title":"Contacts | Hotel Park","robots":{"index":"index","follow":"follow","max-snippet":"max-snippet:-1","max-image-preview":"max-image-preview:large","max-video-preview":"max-video-preview:-1"},"canonical":"https:\/\/www.cityhotelpark.sk\/kontakt\/","og_locale":"en_US","og_type":"article","og_title":"Contacts | Hotel Park","og_description":"Contacts Hotel Park**** Radlinsk\u00e9ho 21 026 01 Doln\u00fd Kub\u00edn SLOVENSKO T:\u00a0+421 43 581 11 11 M:\u00a0+421 918 913 012 E:\u00a0recepcia@cityhotelpark.sk GPS:\u00a049.209584,\u00a019.2931384 49\u00b012&#8217;34.5&#8243;N 19\u00b017&#8217;35.3&#8243;E Department contacts HOTEL MANAGEMENT J\u00e1n Babic F&amp;B manager prevadzka@cityhotelpark.sk +421 918 793 821 SALES CONGRESSES. EVENTS Ivana Lev\u00e1kov\u00e1 Sales Manager sales@kubinska.sk +421 907 913 594 Lenka U\u017eekov\u00e1 Sales Manager sales@kubinska.sk +421 907 [&hellip;]","og_url":"https:\/\/www.cityhotelpark.sk\/kontakt\/","og_site_name":"Hotel Park","article_publisher":"https:\/\/www.facebook.com\/hotel.park.dk\/","article_modified_time":"2025-03-17T13:14:08+00:00","twitter_card":"summary_large_image","twitter_misc":{"Est. reading time":"1 minute"},"schema":{"@context":"https:\/\/schema.org","@graph":[{"@type":"WebPage","@id":"https:\/\/www.cityhotelpark.sk\/kontakt\/","url":"https:\/\/www.cityhotelpark.sk\/kontakt\/","name":"Contacts | Hotel Park","isPartOf":{"@id":"https:\/\/www.cityhotelpark.sk\/#website"},"datePublished":"2018-09-24T19:49:42+00:00","dateModified":"2025-03-17T13:14:08+00:00","breadcrumb":{"@id":"https:\/\/www.cityhotelpark.sk\/kontakt\/#breadcrumb"},"inLanguage":"en-US","potentialAction":[{"@type":"ReadAction","target":["https:\/\/www.cityhotelpark.sk\/kontakt\/"]}]},{"@type":"BreadcrumbList","@id":"https:\/\/www.cityhotelpark.sk\/kontakt\/#breadcrumb","itemListElement":[{"@type":"ListItem","position":1,"name":"Home","item":"https:\/\/www.cityhotelpark.sk\/"},{"@type":"ListItem","position":2,"name":"Kontakt"}]},{"@type":"WebSite","@id":"https:\/\/www.cityhotelpark.sk\/#website","url":"https:\/\/www.cityhotelpark.sk\/","name":"Hotel Park","description":"","publisher":{"@id":"https:\/\/www.cityhotelpark.sk\/#organization"},"potentialAction":[{"@type":"SearchAction","target":{"@type":"EntryPoint","urlTemplate":"https:\/\/www.cityhotelpark.sk\/?s={search_term_string}"},"query-input":{"@type":"PropertyValueSpecification","valueRequired":true,"valueName":"search_term_string"}}],"inLanguage":"en-US"},{"@type":"Organization","@id":"https:\/\/www.cityhotelpark.sk\/#organization","name":"Hotel Park","url":"https:\/\/www.cityhotelpark.sk\/","logo":{"@type":"ImageObject","inLanguage":"en-US","@id":"https:\/\/www.cityhotelpark.sk\/#\/schema\/logo\/image\/","url":"https:\/\/www.cityhotelpark.sk\/wp-content\/uploads\/2018\/10\/hotel-park.png","contentUrl":"https:\/\/www.cityhotelpark.sk\/wp-content\/uploads\/2018\/10\/hotel-park.png","width":152,"height":152,"caption":"Hotel Park"},"image":{"@id":"https:\/\/www.cityhotelpark.sk\/#\/schema\/logo\/image\/"},"sameAs":["https:\/\/www.facebook.com\/hotel.park.dk\/","https:\/\/www.instagram.com\/hotelparkdolnykubin\/?hl=sk"]}]}},"_links":{"self":[{"href":"https:\/\/www.cityhotelpark.sk\/en\/wp-json\/wp\/v2\/pages\/33","targetHints":{"allow":["GET"]}}],"collection":[{"href":"https:\/\/www.cityhotelpark.sk\/en\/wp-json\/wp\/v2\/pages"}],"about":[{"href":"https:\/\/www.cityhotelpark.sk\/en\/wp-json\/wp\/v2\/types\/page"}],"author":[{"embeddable":true,"href":"https:\/\/www.cityhotelpark.sk\/en\/wp-json\/wp\/v2\/users\/4"}],"replies":[{"embeddable":true,"href":"https:\/\/www.cityhotelpark.sk\/en\/wp-json\/wp\/v2\/comments?post=33"}],"version-history":[{"count":0,"href":"https:\/\/www.cityhotelpark.sk\/en\/wp-json\/wp\/v2\/pages\/33\/revisions"}],"wp:attachment":[{"href":"https:\/\/www.cityhotelpark.sk\/en\/wp-json\/wp\/v2\/media?parent=33"}],"curies":[{"name":"wp","href":"https:\/\/api.w.org\/{rel}","templated":true}]}}