{"id":2262,"date":"2022-08-03T14:03:01","date_gmt":"2022-08-03T12:03:01","guid":{"rendered":"https:\/\/www.cityhotelpark.sk\/?page_id=2262"},"modified":"2026-02-20T09:31:22","modified_gmt":"2026-02-20T08:31:22","slug":"oslava","status":"publish","type":"page","link":"https:\/\/www.cityhotelpark.sk\/en\/events\/celebration\/","title":{"rendered":"Celebration"},"content":{"rendered":"<h3 data-start=\"1469\" data-end=\"1586\">Are you celebrating a birthday, planning a party with colleagues, marking an anniversary or organising a christening?<\/h3>\r\n<p data-start=\"1588\" data-end=\"1802\">There is always a reason to gather over great food with the people closest to you. Hotel PARK**** will take care not only of the preparations, but also of the smooth and enjoyable course of your entire celebration.<\/p>\r\n<h3 data-start=\"1804\" data-end=\"1849\">From intimate gatherings to grand jubilees<\/h3>\r\n<p data-start=\"1851\" data-end=\"2006\">We organise celebrations in a variety of spaces tailored to your number of guests and preferred seating layout \u2013 with a total capacity of up to 160 guests.<\/p>\r\n<ul>\r\n<li data-start=\"2010\" data-end=\"2117\"><strong data-start=\"2010\" data-end=\"2033\">Large Congress Hall<\/strong> \u2013 ideal for larger celebrations and jubilees (up to 160 guests with round tables)<\/li>\r\n<li data-start=\"2120\" data-end=\"2231\"><strong data-start=\"2120\" data-end=\"2143\">Small Congress Hall<\/strong> \u2013 suitable for medium-sized events (up to 90 guests, U-shape seating up to 40 guests)<\/li>\r\n<li data-start=\"2234\" data-end=\"2387\"><strong data-start=\"2234\" data-end=\"2253\">Private lounges<\/strong> \u2013 perfect for smaller celebrations and family gatherings (U-shape seating up to 30 guests), offering a cosy and intimate atmosphere<\/li>\r\n<\/ul>\r\n<p data-start=\"2389\" data-end=\"2505\">All spaces can be adapted to your requirements in terms of seating arrangements, decoration and technical equipment.<\/p>\r\n<p data-start=\"2389\" data-end=\"2505\"><img decoding=\"async\" class=\"alignnone size-medium wp-image-3620\" src=\"https:\/\/www.cityhotelpark.sk\/wp-content\/uploads\/2026\/02\/89-300x300.png\" alt=\"\" width=\"300\" height=\"300\" srcset=\"https:\/\/www.cityhotelpark.sk\/wp-content\/uploads\/2026\/02\/89-300x300.png 300w, https:\/\/www.cityhotelpark.sk\/wp-content\/uploads\/2026\/02\/89-1024x1024.png 1024w, https:\/\/www.cityhotelpark.sk\/wp-content\/uploads\/2026\/02\/89-150x150.png 150w, https:\/\/www.cityhotelpark.sk\/wp-content\/uploads\/2026\/02\/89-768x768.png 768w, https:\/\/www.cityhotelpark.sk\/wp-content\/uploads\/2026\/02\/89.png 1200w\" sizes=\"(max-width: 300px) 100vw, 300px\" \/> <img decoding=\"async\" class=\"alignnone size-medium wp-image-3614\" src=\"https:\/\/www.cityhotelpark.sk\/wp-content\/uploads\/2026\/02\/88-300x300.png\" alt=\"\" width=\"300\" height=\"300\" srcset=\"https:\/\/www.cityhotelpark.sk\/wp-content\/uploads\/2026\/02\/88-300x300.png 300w, https:\/\/www.cityhotelpark.sk\/wp-content\/uploads\/2026\/02\/88-1024x1024.png 1024w, https:\/\/www.cityhotelpark.sk\/wp-content\/uploads\/2026\/02\/88-150x150.png 150w, https:\/\/www.cityhotelpark.sk\/wp-content\/uploads\/2026\/02\/88-768x768.png 768w, https:\/\/www.cityhotelpark.sk\/wp-content\/uploads\/2026\/02\/88.png 1200w\" sizes=\"(max-width: 300px) 100vw, 300px\" \/> <img decoding=\"async\" class=\"alignnone size-medium wp-image-3619\" src=\"https:\/\/www.cityhotelpark.sk\/wp-content\/uploads\/2026\/02\/93-300x300.png\" alt=\"\" width=\"300\" height=\"300\" srcset=\"https:\/\/www.cityhotelpark.sk\/wp-content\/uploads\/2026\/02\/93-300x300.png 300w, https:\/\/www.cityhotelpark.sk\/wp-content\/uploads\/2026\/02\/93-1024x1024.png 1024w, https:\/\/www.cityhotelpark.sk\/wp-content\/uploads\/2026\/02\/93-150x150.png 150w, https:\/\/www.cityhotelpark.sk\/wp-content\/uploads\/2026\/02\/93-768x768.png 768w, https:\/\/www.cityhotelpark.sk\/wp-content\/uploads\/2026\/02\/93.png 1200w\" sizes=\"(max-width: 300px) 100vw, 300px\" \/><\/p>\r\n<h3 data-start=\"2507\" data-end=\"2528\">Catering &amp; Service<\/h3>\r\n<p data-start=\"2530\" data-end=\"2755\">We provide complete service \u2013 from food and beverages to the details that create the perfect atmosphere for your celebration. We will be happy to prepare a tailored offer according to the nature of your event and your wishes.<\/p>\r\n<p style=\"text-align: center;\" data-start=\"2757\" data-end=\"2818\"><strong>For a personalised quotation, please feel free to contact us.<\/strong><\/p>\r\n\r\n<p><a href=\"mailto:prevadzka@cityhotelpark.sk\"><img decoding=\"async\" class=\"aligncenter size-full wp-image-3261\" src=\"https:\/\/www.cityhotelpark.sk\/wp-content\/uploads\/2025\/02\/Kontaktujte-nas-1.png\" alt=\"\" width=\"350\" height=\"75\" \/><\/a><\/p>\r\n","protected":false},"excerpt":{"rendered":"<p>Are your birthday or anniversary approaching, or are you planning a celebration with colleagues, or perhaps a christening?<\/p>\n","protected":false},"author":4,"featured_media":0,"parent":24,"menu_order":33,"comment_status":"closed","ping_status":"closed","template":"","meta":{"footnotes":""},"class_list":["post-2262","page","type-page","status-publish","hentry"],"yoast_head":"<!-- This site is optimized with the Yoast SEO plugin v27.3 - https:\/\/yoast.com\/product\/yoast-seo-wordpress\/ -->\n<title>Celebration | Hotel Park<\/title>\n<meta name=\"description\" content=\"Birthday celebration, christening or jubilee at Hotel PARK****. Venues for up to 160 guests with catering and full tailor-made service.\" \/>\n<meta name=\"robots\" content=\"index, follow, max-snippet:-1, max-image-preview:large, max-video-preview:-1\" \/>\n<link rel=\"canonical\" href=\"https:\/\/www.cityhotelpark.sk\/eventy\/oslava\/\" \/>\n<meta property=\"og:locale\" content=\"en_US\" \/>\n<meta property=\"og:type\" content=\"article\" \/>\n<meta property=\"og:title\" content=\"Celebration | Hotel Park\" \/>\n<meta property=\"og:description\" content=\"{:sk}Oslava naroden\u00edn, krst\u00edn \u010di jubilea v Hoteli PARK****. Priestory a\u017e do 160 os\u00f4b, catering a kompletn\u00fd servis na mieru.{:en}Birthday celebration, christening or jubilee at Hotel PARK****. Venues for up to 160 guests with catering and full tailor-made service. {:pl}Urodziny, chrzciny lub jubileusz w Hotelu PARK****. Sale do 160 os\u00f3b, catering i kompleksowa obs\u0142uga dopasowana do potrzeb.{:}\" \/>\n<meta property=\"og:url\" content=\"https:\/\/www.cityhotelpark.sk\/eventy\/oslava\/\" \/>\n<meta property=\"og:site_name\" content=\"Hotel Park\" \/>\n<meta property=\"article:publisher\" content=\"https:\/\/www.facebook.com\/hotel.park.dk\/\" \/>\n<meta property=\"article:modified_time\" content=\"2026-02-20T08:31:22+00:00\" \/>\n<meta property=\"og:image\" content=\"https:\/\/www.cityhotelpark.sk\/wp-content\/uploads\/2026\/02\/90-1024x1024.png\" \/>\n\t<meta property=\"og:image:width\" content=\"1024\" \/>\n\t<meta property=\"og:image:height\" content=\"1024\" \/>\n\t<meta property=\"og:image:type\" content=\"image\/png\" \/>\n<meta name=\"twitter:card\" content=\"summary_large_image\" \/>\n<meta name=\"twitter:label1\" content=\"Est. reading time\" \/>\n\t<meta name=\"twitter:data1\" content=\"2 minutes\" \/>\n<script type=\"application\/ld+json\" class=\"yoast-schema-graph\">{\"@context\":\"https:\\\/\\\/schema.org\",\"@graph\":[{\"@type\":\"WebPage\",\"@id\":\"https:\\\/\\\/www.cityhotelpark.sk\\\/eventy\\\/oslava\\\/\",\"url\":\"https:\\\/\\\/www.cityhotelpark.sk\\\/eventy\\\/oslava\\\/\",\"name\":\"Celebration | Hotel Park\",\"isPartOf\":{\"@id\":\"https:\\\/\\\/www.cityhotelpark.sk\\\/#website\"},\"primaryImageOfPage\":{\"@id\":\"https:\\\/\\\/www.cityhotelpark.sk\\\/eventy\\\/oslava\\\/#primaryimage\"},\"image\":{\"@id\":\"https:\\\/\\\/www.cityhotelpark.sk\\\/eventy\\\/oslava\\\/#primaryimage\"},\"thumbnailUrl\":\"https:\\\/\\\/www.cityhotelpark.sk\\\/wp-content\\\/uploads\\\/2026\\\/02\\\/89-300x300.png\",\"datePublished\":\"2022-08-03T12:03:01+00:00\",\"dateModified\":\"2026-02-20T08:31:22+00:00\",\"description\":\"{:sk}Oslava naroden\u00edn, krst\u00edn \u010di jubilea v Hoteli PARK****. Priestory a\u017e do 160 os\u00f4b, catering a kompletn\u00fd servis na mieru.{:en}Birthday celebration, christening or jubilee at Hotel PARK****. Venues for up to 160 guests with catering and full tailor-made service. {:pl}Urodziny, chrzciny lub jubileusz w Hotelu PARK****. Sale do 160 os\u00f3b, catering i kompleksowa obs\u0142uga dopasowana do potrzeb.{:}\",\"breadcrumb\":{\"@id\":\"https:\\\/\\\/www.cityhotelpark.sk\\\/eventy\\\/oslava\\\/#breadcrumb\"},\"inLanguage\":\"en-US\",\"potentialAction\":[{\"@type\":\"ReadAction\",\"target\":[\"https:\\\/\\\/www.cityhotelpark.sk\\\/eventy\\\/oslava\\\/\"]}]},{\"@type\":\"ImageObject\",\"inLanguage\":\"en-US\",\"@id\":\"https:\\\/\\\/www.cityhotelpark.sk\\\/eventy\\\/oslava\\\/#primaryimage\",\"url\":\"https:\\\/\\\/www.cityhotelpark.sk\\\/wp-content\\\/uploads\\\/2026\\\/02\\\/89-300x300.png\",\"contentUrl\":\"https:\\\/\\\/www.cityhotelpark.sk\\\/wp-content\\\/uploads\\\/2026\\\/02\\\/89-300x300.png\"},{\"@type\":\"BreadcrumbList\",\"@id\":\"https:\\\/\\\/www.cityhotelpark.sk\\\/eventy\\\/oslava\\\/#breadcrumb\",\"itemListElement\":[{\"@type\":\"ListItem\",\"position\":1,\"name\":\"Home\",\"item\":\"https:\\\/\\\/www.cityhotelpark.sk\\\/\"},{\"@type\":\"ListItem\",\"position\":2,\"name\":\"Eventy\",\"item\":\"https:\\\/\\\/www.cityhotelpark.sk\\\/eventy\\\/\"},{\"@type\":\"ListItem\",\"position\":3,\"name\":\"Oslava\"}]},{\"@type\":\"WebSite\",\"@id\":\"https:\\\/\\\/www.cityhotelpark.sk\\\/#website\",\"url\":\"https:\\\/\\\/www.cityhotelpark.sk\\\/\",\"name\":\"Hotel Park\",\"description\":\"\",\"publisher\":{\"@id\":\"https:\\\/\\\/www.cityhotelpark.sk\\\/#organization\"},\"potentialAction\":[{\"@type\":\"SearchAction\",\"target\":{\"@type\":\"EntryPoint\",\"urlTemplate\":\"https:\\\/\\\/www.cityhotelpark.sk\\\/?s={search_term_string}\"},\"query-input\":{\"@type\":\"PropertyValueSpecification\",\"valueRequired\":true,\"valueName\":\"search_term_string\"}}],\"inLanguage\":\"en-US\"},{\"@type\":\"Organization\",\"@id\":\"https:\\\/\\\/www.cityhotelpark.sk\\\/#organization\",\"name\":\"Hotel Park\",\"url\":\"https:\\\/\\\/www.cityhotelpark.sk\\\/\",\"logo\":{\"@type\":\"ImageObject\",\"inLanguage\":\"en-US\",\"@id\":\"https:\\\/\\\/www.cityhotelpark.sk\\\/#\\\/schema\\\/logo\\\/image\\\/\",\"url\":\"https:\\\/\\\/www.cityhotelpark.sk\\\/wp-content\\\/uploads\\\/2018\\\/10\\\/hotel-park.png\",\"contentUrl\":\"https:\\\/\\\/www.cityhotelpark.sk\\\/wp-content\\\/uploads\\\/2018\\\/10\\\/hotel-park.png\",\"width\":152,\"height\":152,\"caption\":\"Hotel Park\"},\"image\":{\"@id\":\"https:\\\/\\\/www.cityhotelpark.sk\\\/#\\\/schema\\\/logo\\\/image\\\/\"},\"sameAs\":[\"https:\\\/\\\/www.facebook.com\\\/hotel.park.dk\\\/\",\"https:\\\/\\\/www.instagram.com\\\/hotelparkdolnykubin\\\/?hl=sk\"]}]}<\/script>\n<!-- \/ Yoast SEO plugin. -->","yoast_head_json":{"title":"Celebration | Hotel Park","description":"Birthday celebration, christening or jubilee at Hotel PARK****. Venues for up to 160 guests with catering and full tailor-made service.","robots":{"index":"index","follow":"follow","max-snippet":"max-snippet:-1","max-image-preview":"max-image-preview:large","max-video-preview":"max-video-preview:-1"},"canonical":"https:\/\/www.cityhotelpark.sk\/eventy\/oslava\/","og_locale":"en_US","og_type":"article","og_title":"Celebration | Hotel Park","og_description":"{:sk}Oslava naroden\u00edn, krst\u00edn \u010di jubilea v Hoteli PARK****. Priestory a\u017e do 160 os\u00f4b, catering a kompletn\u00fd servis na mieru.{:en}Birthday celebration, christening or jubilee at Hotel PARK****. Venues for up to 160 guests with catering and full tailor-made service. {:pl}Urodziny, chrzciny lub jubileusz w Hotelu PARK****. Sale do 160 os\u00f3b, catering i kompleksowa obs\u0142uga dopasowana do potrzeb.{:}","og_url":"https:\/\/www.cityhotelpark.sk\/eventy\/oslava\/","og_site_name":"Hotel Park","article_publisher":"https:\/\/www.facebook.com\/hotel.park.dk\/","article_modified_time":"2026-02-20T08:31:22+00:00","og_image":[{"width":1024,"height":1024,"url":"https:\/\/www.cityhotelpark.sk\/wp-content\/uploads\/2026\/02\/90-1024x1024.png","type":"image\/png"}],"twitter_card":"summary_large_image","twitter_misc":{"Est. reading time":"2 minutes"},"schema":{"@context":"https:\/\/schema.org","@graph":[{"@type":"WebPage","@id":"https:\/\/www.cityhotelpark.sk\/eventy\/oslava\/","url":"https:\/\/www.cityhotelpark.sk\/eventy\/oslava\/","name":"Celebration | Hotel Park","isPartOf":{"@id":"https:\/\/www.cityhotelpark.sk\/#website"},"primaryImageOfPage":{"@id":"https:\/\/www.cityhotelpark.sk\/eventy\/oslava\/#primaryimage"},"image":{"@id":"https:\/\/www.cityhotelpark.sk\/eventy\/oslava\/#primaryimage"},"thumbnailUrl":"https:\/\/www.cityhotelpark.sk\/wp-content\/uploads\/2026\/02\/89-300x300.png","datePublished":"2022-08-03T12:03:01+00:00","dateModified":"2026-02-20T08:31:22+00:00","description":"{:sk}Oslava naroden\u00edn, krst\u00edn \u010di jubilea v Hoteli PARK****. Priestory a\u017e do 160 os\u00f4b, catering a kompletn\u00fd servis na mieru.{:en}Birthday celebration, christening or jubilee at Hotel PARK****. Venues for up to 160 guests with catering and full tailor-made service. {:pl}Urodziny, chrzciny lub jubileusz w Hotelu PARK****. Sale do 160 os\u00f3b, catering i kompleksowa obs\u0142uga dopasowana do potrzeb.{:}","breadcrumb":{"@id":"https:\/\/www.cityhotelpark.sk\/eventy\/oslava\/#breadcrumb"},"inLanguage":"en-US","potentialAction":[{"@type":"ReadAction","target":["https:\/\/www.cityhotelpark.sk\/eventy\/oslava\/"]}]},{"@type":"ImageObject","inLanguage":"en-US","@id":"https:\/\/www.cityhotelpark.sk\/eventy\/oslava\/#primaryimage","url":"https:\/\/www.cityhotelpark.sk\/wp-content\/uploads\/2026\/02\/89-300x300.png","contentUrl":"https:\/\/www.cityhotelpark.sk\/wp-content\/uploads\/2026\/02\/89-300x300.png"},{"@type":"BreadcrumbList","@id":"https:\/\/www.cityhotelpark.sk\/eventy\/oslava\/#breadcrumb","itemListElement":[{"@type":"ListItem","position":1,"name":"Home","item":"https:\/\/www.cityhotelpark.sk\/"},{"@type":"ListItem","position":2,"name":"Eventy","item":"https:\/\/www.cityhotelpark.sk\/eventy\/"},{"@type":"ListItem","position":3,"name":"Oslava"}]},{"@type":"WebSite","@id":"https:\/\/www.cityhotelpark.sk\/#website","url":"https:\/\/www.cityhotelpark.sk\/","name":"Hotel Park","description":"","publisher":{"@id":"https:\/\/www.cityhotelpark.sk\/#organization"},"potentialAction":[{"@type":"SearchAction","target":{"@type":"EntryPoint","urlTemplate":"https:\/\/www.cityhotelpark.sk\/?s={search_term_string}"},"query-input":{"@type":"PropertyValueSpecification","valueRequired":true,"valueName":"search_term_string"}}],"inLanguage":"en-US"},{"@type":"Organization","@id":"https:\/\/www.cityhotelpark.sk\/#organization","name":"Hotel Park","url":"https:\/\/www.cityhotelpark.sk\/","logo":{"@type":"ImageObject","inLanguage":"en-US","@id":"https:\/\/www.cityhotelpark.sk\/#\/schema\/logo\/image\/","url":"https:\/\/www.cityhotelpark.sk\/wp-content\/uploads\/2018\/10\/hotel-park.png","contentUrl":"https:\/\/www.cityhotelpark.sk\/wp-content\/uploads\/2018\/10\/hotel-park.png","width":152,"height":152,"caption":"Hotel Park"},"image":{"@id":"https:\/\/www.cityhotelpark.sk\/#\/schema\/logo\/image\/"},"sameAs":["https:\/\/www.facebook.com\/hotel.park.dk\/","https:\/\/www.instagram.com\/hotelparkdolnykubin\/?hl=sk"]}]}},"_links":{"self":[{"href":"https:\/\/www.cityhotelpark.sk\/en\/wp-json\/wp\/v2\/pages\/2262","targetHints":{"allow":["GET"]}}],"collection":[{"href":"https:\/\/www.cityhotelpark.sk\/en\/wp-json\/wp\/v2\/pages"}],"about":[{"href":"https:\/\/www.cityhotelpark.sk\/en\/wp-json\/wp\/v2\/types\/page"}],"author":[{"embeddable":true,"href":"https:\/\/www.cityhotelpark.sk\/en\/wp-json\/wp\/v2\/users\/4"}],"replies":[{"embeddable":true,"href":"https:\/\/www.cityhotelpark.sk\/en\/wp-json\/wp\/v2\/comments?post=2262"}],"version-history":[{"count":0,"href":"https:\/\/www.cityhotelpark.sk\/en\/wp-json\/wp\/v2\/pages\/2262\/revisions"}],"up":[{"embeddable":true,"href":"https:\/\/www.cityhotelpark.sk\/en\/wp-json\/wp\/v2\/pages\/24"}],"wp:attachment":[{"href":"https:\/\/www.cityhotelpark.sk\/en\/wp-json\/wp\/v2\/media?parent=2262"}],"curies":[{"name":"wp","href":"https:\/\/api.w.org\/{rel}","templated":true}]}}