{"id":21,"date":"2018-09-24T21:49:20","date_gmt":"2018-09-24T19:49:20","guid":{"rendered":"http:\/\/www.cityhotelpark.sk\/?page_id=21"},"modified":"2026-04-15T11:15:06","modified_gmt":"2026-04-15T09:15:06","slug":"wellness","status":"publish","type":"page","link":"https:\/\/www.cityhotelpark.sk\/en\/wellness\/","title":{"rendered":"Wellness"},"content":{"rendered":"<h2>Pool and Hot Tube<\/h2>\n<p>If you love the bubbles not only in the glass, we invite you to relax in the hotel&#8217;s Jacuzzi for 6 persons. For those who prefer to swim, we offer an access to the swimming pool with dimensions of 6 x 10 m. To liven it up, the pool includes massage jets, bottom air geyser and spout..<\/p>\n<h2>Sauna world<\/h2>\n<ul>\n<li>Steam aroma sauna<\/li>\n<li>Finnish sauna<\/li>\n<li>Infra-bio sauna<\/li>\n<li>Salt tepidarium<\/li>\n<\/ul>\n<p>Come and consult with our professionally trained staff, which sauna is suitable for you and take the opportunity to purchase discounted season tickets.<\/p>\n<h2>Massages offer<\/h2>\n<p>For ultimate relaxation, indulge yourself with a massage by the certified massage therapists.\u00a0Massage is necessary reserved\u00a0+421 43 581 11 11.<\/p>\n<p>&nbsp;<\/p>\n<h2>Opening hours &#8211; from 16. 06. 2019<\/h2>\n<p>&nbsp;<\/p>\n<h3>Pool and hot tub<\/h3>\n\n<table id=\"tablepress-19\" class=\"tablepress tablepress-id-19\">\n<tbody class=\"row-striping row-hover\">\n<tr class=\"row-1\">\n\t<td class=\"column-1\">Opening hours are valid from 17.3.2022<br \/>\n<br \/>\nMonday - Sunday<br \/>\n15:00 - 21:00<\/td><td class=\"column-2\"><\/td>\n<\/tr>\n<\/tbody>\n<\/table>\n\n<h3>Sauna world<\/h3>\n\n<table id=\"tablepress-21\" class=\"tablepress tablepress-id-21\">\n<tbody class=\"row-striping row-hover\">\n<tr class=\"row-1\">\n\t<td class=\"column-1\">Opening hours are valid from 19.01.2022<br \/>\n<br \/>\nMonday - Sunday<br \/>\n15:00 - 21:00<\/td><td class=\"column-2\"><\/td>\n<\/tr>\n<tr class=\"row-2\">\n\t<td class=\"column-1\"><\/td><td class=\"column-2\"><\/td>\n<\/tr>\n<\/tbody>\n<\/table>\n\n<h2>Pricelist<\/h2>\n<h3>Pool, jacuzzi, cardio fitness<\/h3>\n\n<table id=\"tablepress-11\" class=\"tablepress tablepress-id-11\">\n<tbody class=\"row-striping row-hover\">\n<tr class=\"row-1\">\n\t<td class=\"column-1\">External guests<\/td><td class=\"column-2\">10,00 \u20ac<\/td>\n<\/tr>\n<tr class=\"row-2\">\n\t<td class=\"column-1\">Children up to 11,99 y. <br \/>\n(external guests)<\/td><td class=\"column-2\">6,00 \u20ac<\/td>\n<\/tr>\n<tr class=\"row-3\">\n\t<td class=\"column-1\">Hotel guests<br \/>\nStandard<\/td><td class=\"column-2\">Free<\/td>\n<\/tr>\n<tr class=\"row-4\">\n\t<td class=\"column-1\">Children up to 11,99 y. <br \/>\n(external guests)<\/td><td class=\"column-2\">Free<\/td>\n<\/tr>\n<tr class=\"row-5\">\n\t<td class=\"column-1\">Hotel guests<br \/>\nComfort, Apartments<\/td><td class=\"column-2\">Free<\/td>\n<\/tr>\n<tr class=\"row-6\">\n\t<td class=\"column-1\">Season ticket (10 entries)<\/td><td class=\"column-2\">80,00 \u20ac<\/td>\n<\/tr>\n<tr class=\"row-7\">\n\t<td class=\"column-1\">Every started half an hour<\/td><td class=\"column-2\">1,00 \u20ac<\/td>\n<\/tr>\n<\/tbody>\n<\/table>\n\n<h3>Wellness<\/h3>\n<p>(Pool, jacuzzi + sauna world + cardio fitness)<br \/>\n3 hours<\/p>\n\n<table id=\"tablepress-12\" class=\"tablepress tablepress-id-12\">\n<thead>\n<tr class=\"row-1\">\n\t<th class=\"column-1\">Pricelist Wellness<\/th><th class=\"column-2\">Price<\/th>\n<\/tr>\n<\/thead>\n<tbody class=\"row-striping row-hover\">\n<tr class=\"row-2\">\n\t<td class=\"column-1\">External guests<\/td><td class=\"column-2\">16,00 \u20ac<\/td>\n<\/tr>\n<tr class=\"row-3\">\n\t<td class=\"column-1\">Children up to 11,99 y. <br \/>\n(external guests)<\/td><td class=\"column-2\">10,00 \u20ac<\/td>\n<\/tr>\n<tr class=\"row-4\">\n\t<td class=\"column-1\">Hotel guests<br \/>\nStandard<\/td><td class=\"column-2\">11,00 \u20ac<\/td>\n<\/tr>\n<tr class=\"row-5\">\n\t<td class=\"column-1\">Children up to 11,99 y. <br \/>\n(external guests)<\/td><td class=\"column-2\">8,00 \u20ac<\/td>\n<\/tr>\n<tr class=\"row-6\">\n\t<td class=\"column-1\">Hotel guests<br \/>\nComfort, Apartments<\/td><td class=\"column-2\">Free<\/td>\n<\/tr>\n<tr class=\"row-7\">\n\t<td class=\"column-1\">Season ticket (10 entries)<\/td><td class=\"column-2\">140,00 \u20ac<\/td>\n<\/tr>\n<tr class=\"row-8\">\n\t<td class=\"column-1\">Pensioners<\/td><td class=\"column-2\">12,00 \u20ac<\/td>\n<\/tr>\n<tr class=\"row-9\">\n\t<td class=\"column-1\">Every started half an hour<\/td><td class=\"column-2\">2,00 \u20ac<\/td>\n<\/tr>\n<\/tbody>\n<\/table>\n\n<p>&nbsp;<\/p>\n<p data-start=\"1501\" data-end=\"1559\">\ud83c\udd7f\ufe0f There is a private hotel car park in front of the hotel.<\/p>\n<ul data-start=\"1560\" data-end=\"1809\">\n<li data-start=\"1560\" data-end=\"1617\">\n<p data-start=\"1562\" data-end=\"1617\"><strong data-start=\"1562\" data-end=\"1614\">Wellness guests park for free during their visit<\/strong>.<\/p>\n<\/li>\n<li data-start=\"1618\" data-end=\"1735\">\n<p data-start=\"1620\" data-end=\"1735\">Please ask the wellness staff to validate your parking ticket. After validation, you have <strong data-start=\"1710\" data-end=\"1732\">10 minutes to exit<\/strong>.<\/p>\n<\/li>\n<li data-start=\"1736\" data-end=\"1809\">\n<p data-start=\"1738\" data-end=\"1809\">If you stay longer outside the wellness area, <strong data-start=\"1784\" data-end=\"1808\">standard rates apply<\/strong>.<\/p>\n<\/li>\n<\/ul>\n","protected":false},"excerpt":{"rendered":"<p>WELLNESS OPEN EVERY DAY 3:00 PM &#8211; 9:00 PM. The perfect relaxation for your body and mind.<\/p>\n","protected":false},"author":4,"featured_media":0,"parent":0,"menu_order":26,"comment_status":"closed","ping_status":"closed","template":"","meta":{"footnotes":""},"class_list":["post-21","page","type-page","status-publish","hentry"],"yoast_head":"<!-- This site is optimized with the Yoast SEO plugin v27.3 - https:\/\/yoast.com\/product\/yoast-seo-wordpress\/ -->\n<title>Wellness | Hotel Park<\/title>\n<meta name=\"description\" content=\"(Sloven\u010dina) Wellness v Hoteli PARK je otvoren\u00fd denne od 15:00 do 21:00. N\u00e1jdete tu baz\u00e9n, v\u00edrivku a 3 sauny. Mas\u00e1\u017e na objedn\u00e1vku.\" \/>\n<meta name=\"robots\" content=\"index, follow, max-snippet:-1, max-image-preview:large, max-video-preview:-1\" \/>\n<link rel=\"canonical\" href=\"https:\/\/www.cityhotelpark.sk\/wellness\/\" \/>\n<meta property=\"og:locale\" content=\"en_US\" \/>\n<meta property=\"og:type\" content=\"article\" \/>\n<meta property=\"og:title\" content=\"Wellness | Hotel Park\" \/>\n<meta property=\"og:description\" content=\"{:sk}Wellness v Hoteli PARK je otvoren\u00fd denne od 15:00 do 21:00. N\u00e1jdete tu baz\u00e9n, v\u00edrivku a 3 sauny. Mas\u00e1\u017e na objedn\u00e1vku.{:}\" \/>\n<meta property=\"og:url\" content=\"https:\/\/www.cityhotelpark.sk\/wellness\/\" \/>\n<meta property=\"og:site_name\" content=\"Hotel Park\" \/>\n<meta property=\"article:publisher\" content=\"https:\/\/www.facebook.com\/hotel.park.dk\/\" \/>\n<meta property=\"article:modified_time\" content=\"2026-04-15T09:15:06+00:00\" \/>\n<meta property=\"og:image\" content=\"https:\/\/www.cityhotelpark.sk\/wp-content\/uploads\/2026\/04\/virivka.jpg\" \/>\n\t<meta property=\"og:image:width\" content=\"1200\" \/>\n\t<meta property=\"og:image:height\" content=\"1200\" \/>\n\t<meta property=\"og:image:type\" content=\"image\/jpeg\" \/>\n<meta name=\"twitter:card\" content=\"summary_large_image\" \/>\n<meta name=\"twitter:label1\" content=\"Est. reading time\" \/>\n\t<meta name=\"twitter:data1\" content=\"4 minutes\" \/>\n<script type=\"application\/ld+json\" class=\"yoast-schema-graph\">{\"@context\":\"https:\\\/\\\/schema.org\",\"@graph\":[{\"@type\":\"WebPage\",\"@id\":\"https:\\\/\\\/www.cityhotelpark.sk\\\/wellness\\\/\",\"url\":\"https:\\\/\\\/www.cityhotelpark.sk\\\/wellness\\\/\",\"name\":\"Wellness | Hotel Park\",\"isPartOf\":{\"@id\":\"https:\\\/\\\/www.cityhotelpark.sk\\\/#website\"},\"datePublished\":\"2018-09-24T19:49:20+00:00\",\"dateModified\":\"2026-04-15T09:15:06+00:00\",\"description\":\"{:sk}Wellness v Hoteli PARK je otvoren\u00fd denne od 15:00 do 21:00. N\u00e1jdete tu baz\u00e9n, v\u00edrivku a 3 sauny. Mas\u00e1\u017e na objedn\u00e1vku.{:}\",\"breadcrumb\":{\"@id\":\"https:\\\/\\\/www.cityhotelpark.sk\\\/wellness\\\/#breadcrumb\"},\"inLanguage\":\"en-US\",\"potentialAction\":[{\"@type\":\"ReadAction\",\"target\":[\"https:\\\/\\\/www.cityhotelpark.sk\\\/wellness\\\/\"]}]},{\"@type\":\"BreadcrumbList\",\"@id\":\"https:\\\/\\\/www.cityhotelpark.sk\\\/wellness\\\/#breadcrumb\",\"itemListElement\":[{\"@type\":\"ListItem\",\"position\":1,\"name\":\"Home\",\"item\":\"https:\\\/\\\/www.cityhotelpark.sk\\\/\"},{\"@type\":\"ListItem\",\"position\":2,\"name\":\"Wellness\"}]},{\"@type\":\"WebSite\",\"@id\":\"https:\\\/\\\/www.cityhotelpark.sk\\\/#website\",\"url\":\"https:\\\/\\\/www.cityhotelpark.sk\\\/\",\"name\":\"Hotel Park\",\"description\":\"\",\"publisher\":{\"@id\":\"https:\\\/\\\/www.cityhotelpark.sk\\\/#organization\"},\"potentialAction\":[{\"@type\":\"SearchAction\",\"target\":{\"@type\":\"EntryPoint\",\"urlTemplate\":\"https:\\\/\\\/www.cityhotelpark.sk\\\/?s={search_term_string}\"},\"query-input\":{\"@type\":\"PropertyValueSpecification\",\"valueRequired\":true,\"valueName\":\"search_term_string\"}}],\"inLanguage\":\"en-US\"},{\"@type\":\"Organization\",\"@id\":\"https:\\\/\\\/www.cityhotelpark.sk\\\/#organization\",\"name\":\"Hotel Park\",\"url\":\"https:\\\/\\\/www.cityhotelpark.sk\\\/\",\"logo\":{\"@type\":\"ImageObject\",\"inLanguage\":\"en-US\",\"@id\":\"https:\\\/\\\/www.cityhotelpark.sk\\\/#\\\/schema\\\/logo\\\/image\\\/\",\"url\":\"https:\\\/\\\/www.cityhotelpark.sk\\\/wp-content\\\/uploads\\\/2018\\\/10\\\/hotel-park.png\",\"contentUrl\":\"https:\\\/\\\/www.cityhotelpark.sk\\\/wp-content\\\/uploads\\\/2018\\\/10\\\/hotel-park.png\",\"width\":152,\"height\":152,\"caption\":\"Hotel Park\"},\"image\":{\"@id\":\"https:\\\/\\\/www.cityhotelpark.sk\\\/#\\\/schema\\\/logo\\\/image\\\/\"},\"sameAs\":[\"https:\\\/\\\/www.facebook.com\\\/hotel.park.dk\\\/\",\"https:\\\/\\\/www.instagram.com\\\/hotelparkdolnykubin\\\/?hl=sk\"]}]}<\/script>\n<!-- \/ Yoast SEO plugin. -->","yoast_head_json":{"title":"Wellness | Hotel Park","description":"(Sloven\u010dina) Wellness v Hoteli PARK je otvoren\u00fd denne od 15:00 do 21:00. N\u00e1jdete tu baz\u00e9n, v\u00edrivku a 3 sauny. Mas\u00e1\u017e na objedn\u00e1vku.","robots":{"index":"index","follow":"follow","max-snippet":"max-snippet:-1","max-image-preview":"max-image-preview:large","max-video-preview":"max-video-preview:-1"},"canonical":"https:\/\/www.cityhotelpark.sk\/wellness\/","og_locale":"en_US","og_type":"article","og_title":"Wellness | Hotel Park","og_description":"{:sk}Wellness v Hoteli PARK je otvoren\u00fd denne od 15:00 do 21:00. N\u00e1jdete tu baz\u00e9n, v\u00edrivku a 3 sauny. Mas\u00e1\u017e na objedn\u00e1vku.{:}","og_url":"https:\/\/www.cityhotelpark.sk\/wellness\/","og_site_name":"Hotel Park","article_publisher":"https:\/\/www.facebook.com\/hotel.park.dk\/","article_modified_time":"2026-04-15T09:15:06+00:00","og_image":[{"width":1200,"height":1200,"url":"https:\/\/www.cityhotelpark.sk\/wp-content\/uploads\/2026\/04\/virivka.jpg","type":"image\/jpeg"}],"twitter_card":"summary_large_image","twitter_misc":{"Est. reading time":"4 minutes"},"schema":{"@context":"https:\/\/schema.org","@graph":[{"@type":"WebPage","@id":"https:\/\/www.cityhotelpark.sk\/wellness\/","url":"https:\/\/www.cityhotelpark.sk\/wellness\/","name":"Wellness | Hotel Park","isPartOf":{"@id":"https:\/\/www.cityhotelpark.sk\/#website"},"datePublished":"2018-09-24T19:49:20+00:00","dateModified":"2026-04-15T09:15:06+00:00","description":"{:sk}Wellness v Hoteli PARK je otvoren\u00fd denne od 15:00 do 21:00. N\u00e1jdete tu baz\u00e9n, v\u00edrivku a 3 sauny. Mas\u00e1\u017e na objedn\u00e1vku.{:}","breadcrumb":{"@id":"https:\/\/www.cityhotelpark.sk\/wellness\/#breadcrumb"},"inLanguage":"en-US","potentialAction":[{"@type":"ReadAction","target":["https:\/\/www.cityhotelpark.sk\/wellness\/"]}]},{"@type":"BreadcrumbList","@id":"https:\/\/www.cityhotelpark.sk\/wellness\/#breadcrumb","itemListElement":[{"@type":"ListItem","position":1,"name":"Home","item":"https:\/\/www.cityhotelpark.sk\/"},{"@type":"ListItem","position":2,"name":"Wellness"}]},{"@type":"WebSite","@id":"https:\/\/www.cityhotelpark.sk\/#website","url":"https:\/\/www.cityhotelpark.sk\/","name":"Hotel Park","description":"","publisher":{"@id":"https:\/\/www.cityhotelpark.sk\/#organization"},"potentialAction":[{"@type":"SearchAction","target":{"@type":"EntryPoint","urlTemplate":"https:\/\/www.cityhotelpark.sk\/?s={search_term_string}"},"query-input":{"@type":"PropertyValueSpecification","valueRequired":true,"valueName":"search_term_string"}}],"inLanguage":"en-US"},{"@type":"Organization","@id":"https:\/\/www.cityhotelpark.sk\/#organization","name":"Hotel Park","url":"https:\/\/www.cityhotelpark.sk\/","logo":{"@type":"ImageObject","inLanguage":"en-US","@id":"https:\/\/www.cityhotelpark.sk\/#\/schema\/logo\/image\/","url":"https:\/\/www.cityhotelpark.sk\/wp-content\/uploads\/2018\/10\/hotel-park.png","contentUrl":"https:\/\/www.cityhotelpark.sk\/wp-content\/uploads\/2018\/10\/hotel-park.png","width":152,"height":152,"caption":"Hotel Park"},"image":{"@id":"https:\/\/www.cityhotelpark.sk\/#\/schema\/logo\/image\/"},"sameAs":["https:\/\/www.facebook.com\/hotel.park.dk\/","https:\/\/www.instagram.com\/hotelparkdolnykubin\/?hl=sk"]}]}},"_links":{"self":[{"href":"https:\/\/www.cityhotelpark.sk\/en\/wp-json\/wp\/v2\/pages\/21","targetHints":{"allow":["GET"]}}],"collection":[{"href":"https:\/\/www.cityhotelpark.sk\/en\/wp-json\/wp\/v2\/pages"}],"about":[{"href":"https:\/\/www.cityhotelpark.sk\/en\/wp-json\/wp\/v2\/types\/page"}],"author":[{"embeddable":true,"href":"https:\/\/www.cityhotelpark.sk\/en\/wp-json\/wp\/v2\/users\/4"}],"replies":[{"embeddable":true,"href":"https:\/\/www.cityhotelpark.sk\/en\/wp-json\/wp\/v2\/comments?post=21"}],"version-history":[{"count":0,"href":"https:\/\/www.cityhotelpark.sk\/en\/wp-json\/wp\/v2\/pages\/21\/revisions"}],"wp:attachment":[{"href":"https:\/\/www.cityhotelpark.sk\/en\/wp-json\/wp\/v2\/media?parent=21"}],"curies":[{"name":"wp","href":"https:\/\/api.w.org\/{rel}","templated":true}]}}