{"id":18,"date":"2018-09-24T21:49:14","date_gmt":"2018-09-24T19:49:14","guid":{"rendered":"http:\/\/www.cityhotelpark.sk\/?page_id=18"},"modified":"2026-02-17T11:39:48","modified_gmt":"2026-02-17T10:39:48","slug":"gastronomia","status":"publish","type":"page","link":"https:\/\/www.cityhotelpark.sk\/en\/gastronomy\/","title":{"rendered":"Gastronomia"},"content":{"rendered":"<p>The foundation of our \u00e0 la carte menu is inspired by traditional Slovak dishes, prepared with a modern gastronomic touch. With a focus on freshness and quality, the menu is crafted from seasonal products. Our professional approach, combined with an eye for detail, brings new dining trends while keeping a healthy lifestyle in mind.<\/p>\n<p>For us, food is not just about nourishment but an opportunity for an unforgettable culinary experience.<\/p>\n<p>Bon app\u00e9tit from Hotel PARK****\u2019s Chef<\/p>\n<p><strong data-start=\"39\" data-end=\"59\">Monday \u2013 Friday:<\/strong><\/p>\n<ul>\n<li data-start=\"39\" data-end=\"146\">Breakfast: 7:00 \u2013 9:30<\/li>\n<li data-start=\"39\" data-end=\"146\">Lunch (Daily menu): 11:00 \u2013 14:00<\/li>\n<li data-start=\"39\" data-end=\"146\">Dinner: 18:00 \u2013 20:30<\/li>\n<\/ul>\n<p data-start=\"148\" data-end=\"257\"><strong data-start=\"148\" data-end=\"170\">Saturday \u2013 Sunday:<\/strong><\/p>\n<ul>\n<li data-start=\"148\" data-end=\"257\">Breakfast: 7:00 \u2013 9:30<\/li>\n<li data-start=\"148\" data-end=\"257\">Lunch: 11:00 \u2013 14:00<\/li>\n<li data-start=\"148\" data-end=\"257\">Dinner: 18:00 \u2013 20:30<\/li>\n<\/ul>\n<p>Breakfast Buffet<\/p>\n<p>Imagine a morning with no rush. Here at PARK, start your day with the best breakfast, simply enjoying it to the fullest. Our breakfast buffet is prepared fresh every day.<\/p>\n<p>Daily Menu<\/p>\n<p>Every day, we craft a menu from the freshest ingredients, carefully prepared with a focus on a healthy lifestyle and modern cuisine. Check out our current daily menu offerings.<\/p>\n<p>The daily menu is served every day from 11:00 to 14:00. You can place lunch orders by calling +421 918 913 012.<\/p>\n<p>Beverage and Wine List<\/p>\n<p>We also welcome you to explore our beverage menu, featuring delightful drinks, smoothies, excellent coffee, and fresh, aromatic teas. Wine enthusiasts will appreciate our wine list with over 40 quality wines, mainly from local winemakers. Let our professionally trained staff guide you to enhance your dining experience further.<\/p>\n","protected":false},"excerpt":{"rendered":"<p>Pre n\u00e1s stravovanie nie je len sp\u00f4sob, ako sa zas\u00fdti\u0165, ale najm\u00e4 pr\u00edle\u017eitos\u0165 za\u017ei\u0165 nezabudnute\u013en\u00fd kulin\u00e1rsky z\u00e1\u017eitok.<\/p>\n","protected":false},"author":4,"featured_media":0,"parent":0,"menu_order":23,"comment_status":"closed","ping_status":"closed","template":"","meta":{"footnotes":""},"class_list":["post-18","page","type-page","status-publish","hentry"],"yoast_head":"<!-- This site is optimized with the Yoast SEO plugin v27.3 - https:\/\/yoast.com\/product\/yoast-seo-wordpress\/ -->\n<title>Gastronomy | Hotel Park<\/title>\n<meta name=\"robots\" content=\"index, follow, max-snippet:-1, max-image-preview:large, max-video-preview:-1\" \/>\n<link rel=\"canonical\" href=\"https:\/\/www.cityhotelpark.sk\/gastronomia\/\" \/>\n<meta property=\"og:locale\" content=\"en_US\" \/>\n<meta property=\"og:type\" content=\"article\" \/>\n<meta property=\"og:title\" content=\"[:sk]Gastron\u00f3mia | Hotel Park[:en]Gastronomy | Hotel Park[:]\" \/>\n<meta property=\"og:description\" content=\"Pre n\u00e1s stravovanie nie je len sp\u00f4sob, ako sa zas\u00fdti\u0165, ale najm\u00e4 pr\u00edle\u017eitos\u0165 za\u017ei\u0165 nezabudnute\u013en\u00fd kulin\u00e1rsky z\u00e1\u017eitok.\" \/>\n<meta property=\"og:url\" content=\"https:\/\/www.cityhotelpark.sk\/gastronomia\/\" \/>\n<meta property=\"og:site_name\" content=\"Hotel Park\" \/>\n<meta property=\"article:publisher\" content=\"https:\/\/www.facebook.com\/hotel.park.dk\/\" \/>\n<meta property=\"article:modified_time\" content=\"2026-02-17T10:39:48+00:00\" \/>\n<meta name=\"twitter:card\" content=\"summary_large_image\" \/>\n<meta name=\"twitter:label1\" content=\"Est. reading time\" \/>\n\t<meta name=\"twitter:data1\" content=\"2 minutes\" \/>\n<script type=\"application\/ld+json\" class=\"yoast-schema-graph\">{\"@context\":\"https:\\\/\\\/schema.org\",\"@graph\":[{\"@type\":\"WebPage\",\"@id\":\"https:\\\/\\\/www.cityhotelpark.sk\\\/gastronomia\\\/\",\"url\":\"https:\\\/\\\/www.cityhotelpark.sk\\\/gastronomia\\\/\",\"name\":\"[:sk]Gastron\u00f3mia | Hotel Park[:en]Gastronomy | Hotel Park[:]\",\"isPartOf\":{\"@id\":\"https:\\\/\\\/www.cityhotelpark.sk\\\/#website\"},\"datePublished\":\"2018-09-24T19:49:14+00:00\",\"dateModified\":\"2026-02-17T10:39:48+00:00\",\"breadcrumb\":{\"@id\":\"https:\\\/\\\/www.cityhotelpark.sk\\\/gastronomia\\\/#breadcrumb\"},\"inLanguage\":\"en-US\",\"potentialAction\":[{\"@type\":\"ReadAction\",\"target\":[\"https:\\\/\\\/www.cityhotelpark.sk\\\/gastronomia\\\/\"]}]},{\"@type\":\"BreadcrumbList\",\"@id\":\"https:\\\/\\\/www.cityhotelpark.sk\\\/gastronomia\\\/#breadcrumb\",\"itemListElement\":[{\"@type\":\"ListItem\",\"position\":1,\"name\":\"Home\",\"item\":\"https:\\\/\\\/www.cityhotelpark.sk\\\/\"},{\"@type\":\"ListItem\",\"position\":2,\"name\":\"Gastronomia\"}]},{\"@type\":\"WebSite\",\"@id\":\"https:\\\/\\\/www.cityhotelpark.sk\\\/#website\",\"url\":\"https:\\\/\\\/www.cityhotelpark.sk\\\/\",\"name\":\"Hotel Park\",\"description\":\"\",\"publisher\":{\"@id\":\"https:\\\/\\\/www.cityhotelpark.sk\\\/#organization\"},\"potentialAction\":[{\"@type\":\"SearchAction\",\"target\":{\"@type\":\"EntryPoint\",\"urlTemplate\":\"https:\\\/\\\/www.cityhotelpark.sk\\\/?s={search_term_string}\"},\"query-input\":{\"@type\":\"PropertyValueSpecification\",\"valueRequired\":true,\"valueName\":\"search_term_string\"}}],\"inLanguage\":\"en-US\"},{\"@type\":\"Organization\",\"@id\":\"https:\\\/\\\/www.cityhotelpark.sk\\\/#organization\",\"name\":\"Hotel Park\",\"url\":\"https:\\\/\\\/www.cityhotelpark.sk\\\/\",\"logo\":{\"@type\":\"ImageObject\",\"inLanguage\":\"en-US\",\"@id\":\"https:\\\/\\\/www.cityhotelpark.sk\\\/#\\\/schema\\\/logo\\\/image\\\/\",\"url\":\"https:\\\/\\\/www.cityhotelpark.sk\\\/wp-content\\\/uploads\\\/2018\\\/10\\\/hotel-park.png\",\"contentUrl\":\"https:\\\/\\\/www.cityhotelpark.sk\\\/wp-content\\\/uploads\\\/2018\\\/10\\\/hotel-park.png\",\"width\":152,\"height\":152,\"caption\":\"Hotel Park\"},\"image\":{\"@id\":\"https:\\\/\\\/www.cityhotelpark.sk\\\/#\\\/schema\\\/logo\\\/image\\\/\"},\"sameAs\":[\"https:\\\/\\\/www.facebook.com\\\/hotel.park.dk\\\/\",\"https:\\\/\\\/www.instagram.com\\\/hotelparkdolnykubin\\\/?hl=sk\"]}]}<\/script>\n<!-- \/ Yoast SEO plugin. -->","yoast_head_json":{"title":"Gastronomy | Hotel Park","robots":{"index":"index","follow":"follow","max-snippet":"max-snippet:-1","max-image-preview":"max-image-preview:large","max-video-preview":"max-video-preview:-1"},"canonical":"https:\/\/www.cityhotelpark.sk\/gastronomia\/","og_locale":"en_US","og_type":"article","og_title":"[:sk]Gastron\u00f3mia | Hotel Park[:en]Gastronomy | Hotel Park[:]","og_description":"Pre n\u00e1s stravovanie nie je len sp\u00f4sob, ako sa zas\u00fdti\u0165, ale najm\u00e4 pr\u00edle\u017eitos\u0165 za\u017ei\u0165 nezabudnute\u013en\u00fd kulin\u00e1rsky z\u00e1\u017eitok.","og_url":"https:\/\/www.cityhotelpark.sk\/gastronomia\/","og_site_name":"Hotel Park","article_publisher":"https:\/\/www.facebook.com\/hotel.park.dk\/","article_modified_time":"2026-02-17T10:39:48+00:00","twitter_card":"summary_large_image","twitter_misc":{"Est. reading time":"2 minutes"},"schema":{"@context":"https:\/\/schema.org","@graph":[{"@type":"WebPage","@id":"https:\/\/www.cityhotelpark.sk\/gastronomia\/","url":"https:\/\/www.cityhotelpark.sk\/gastronomia\/","name":"[:sk]Gastron\u00f3mia | Hotel Park[:en]Gastronomy | Hotel Park[:]","isPartOf":{"@id":"https:\/\/www.cityhotelpark.sk\/#website"},"datePublished":"2018-09-24T19:49:14+00:00","dateModified":"2026-02-17T10:39:48+00:00","breadcrumb":{"@id":"https:\/\/www.cityhotelpark.sk\/gastronomia\/#breadcrumb"},"inLanguage":"en-US","potentialAction":[{"@type":"ReadAction","target":["https:\/\/www.cityhotelpark.sk\/gastronomia\/"]}]},{"@type":"BreadcrumbList","@id":"https:\/\/www.cityhotelpark.sk\/gastronomia\/#breadcrumb","itemListElement":[{"@type":"ListItem","position":1,"name":"Home","item":"https:\/\/www.cityhotelpark.sk\/"},{"@type":"ListItem","position":2,"name":"Gastronomia"}]},{"@type":"WebSite","@id":"https:\/\/www.cityhotelpark.sk\/#website","url":"https:\/\/www.cityhotelpark.sk\/","name":"Hotel Park","description":"","publisher":{"@id":"https:\/\/www.cityhotelpark.sk\/#organization"},"potentialAction":[{"@type":"SearchAction","target":{"@type":"EntryPoint","urlTemplate":"https:\/\/www.cityhotelpark.sk\/?s={search_term_string}"},"query-input":{"@type":"PropertyValueSpecification","valueRequired":true,"valueName":"search_term_string"}}],"inLanguage":"en-US"},{"@type":"Organization","@id":"https:\/\/www.cityhotelpark.sk\/#organization","name":"Hotel Park","url":"https:\/\/www.cityhotelpark.sk\/","logo":{"@type":"ImageObject","inLanguage":"en-US","@id":"https:\/\/www.cityhotelpark.sk\/#\/schema\/logo\/image\/","url":"https:\/\/www.cityhotelpark.sk\/wp-content\/uploads\/2018\/10\/hotel-park.png","contentUrl":"https:\/\/www.cityhotelpark.sk\/wp-content\/uploads\/2018\/10\/hotel-park.png","width":152,"height":152,"caption":"Hotel Park"},"image":{"@id":"https:\/\/www.cityhotelpark.sk\/#\/schema\/logo\/image\/"},"sameAs":["https:\/\/www.facebook.com\/hotel.park.dk\/","https:\/\/www.instagram.com\/hotelparkdolnykubin\/?hl=sk"]}]}},"_links":{"self":[{"href":"https:\/\/www.cityhotelpark.sk\/en\/wp-json\/wp\/v2\/pages\/18","targetHints":{"allow":["GET"]}}],"collection":[{"href":"https:\/\/www.cityhotelpark.sk\/en\/wp-json\/wp\/v2\/pages"}],"about":[{"href":"https:\/\/www.cityhotelpark.sk\/en\/wp-json\/wp\/v2\/types\/page"}],"author":[{"embeddable":true,"href":"https:\/\/www.cityhotelpark.sk\/en\/wp-json\/wp\/v2\/users\/4"}],"replies":[{"embeddable":true,"href":"https:\/\/www.cityhotelpark.sk\/en\/wp-json\/wp\/v2\/comments?post=18"}],"version-history":[{"count":0,"href":"https:\/\/www.cityhotelpark.sk\/en\/wp-json\/wp\/v2\/pages\/18\/revisions"}],"wp:attachment":[{"href":"https:\/\/www.cityhotelpark.sk\/en\/wp-json\/wp\/v2\/media?parent=18"}],"curies":[{"name":"wp","href":"https:\/\/api.w.org\/{rel}","templated":true}]}}